{"id":759,"date":"2021-03-09T18:18:36","date_gmt":"2021-03-09T17:18:36","guid":{"rendered":"https:\/\/keyturion.com\/?page_id=759"},"modified":"2025-12-08T10:15:08","modified_gmt":"2025-12-08T09:15:08","slug":"clipboard-monitoring","status":"publish","type":"page","link":"https:\/\/www.keyturion.com\/tr\/ozellikler\/pano-izleme\/","title":{"rendered":"Pano \u0130zleme"},"content":{"rendered":"<h2>Kopyala-Yap\u0131\u015ft\u0131r \u0130\u00e7eri\u011fin \u0130zlenmesi<\/h2>\n<p>\u00d6nemli bir <a href=\"https:\/\/www.keyturion.com\/tr\/pro\/\" target=\"_blank\" rel=\"noopener\">Windows i\u00e7in bilgisayar izleme \u00f6zelli\u011fi<\/a> kullan\u0131c\u0131 taraf\u0131ndan neyin kopyaland\u0131\u011f\u0131n\u0131, yap\u0131\u015ft\u0131r\u0131ld\u0131\u011f\u0131n\u0131 veya kesildi\u011fini g\u00f6rebilme yetene\u011fidir. Keyturion t\u00fcm pano i\u015flemlerini izleyerek hassas verilerin kopyalanmas\u0131n\u0131n yasak oldu\u011fu ortamlarda paha bi\u00e7ilemez hale gelir.<br \/>\nAyn\u0131 zamanda g\u00fc\u00e7l\u00fc bir \u00fcretkenlik arac\u0131d\u0131r - \u00f6nemli metinleri, kod par\u00e7ac\u0131klar\u0131n\u0131 veya daha \u00f6nce kopyalad\u0131\u011f\u0131n\u0131z di\u011fer bilgileri kurtarmak i\u00e7in \u00f6nceki g\u00fcnlerin pano ge\u00e7mi\u015fine bakabilirsiniz.<\/p>\n<h2>Windows i\u00e7in Kat\u0131 Pano \u0130zleme Yaz\u0131l\u0131m\u0131<\/h2>\n<p>Keyturion, pano \u00f6\u011felerinin orijinal bi\u00e7imlendirmesini koruyarak neyin kopyaland\u0131\u011f\u0131n\u0131 net ve do\u011fru bir \u015fekilde g\u00f6rmenizi sa\u011flar. Bi\u00e7imlendirme, bir kullan\u0131c\u0131n\u0131n niyetini ortaya \u00e7\u0131karabilir ve eylemleri i\u00e7in daha derin bir ba\u011flam sa\u011flayabilir.<\/p>\n<h2>Pano Uyar\u0131lar\u0131<\/h2>\n<p>Uyar\u0131lar\u0131 belirli pano etkinliklerinde tetiklenecek \u015fekilde yap\u0131land\u0131r\u0131n. \u00d6rne\u011fin, \u00e7al\u0131\u015fanlar \u00f6zel anahtarlar\u0131 veya k\u0131s\u0131tlanm\u0131\u015f bilgileri kopyalarsa, an\u0131nda bilgilendirilirsiniz. Uyar\u0131lar, yaln\u0131zca belirli pano i\u00e7eri\u011finin bir olay\u0131 tetikleyece\u011fi \u015fekilde \u00f6zelle\u015ftirilebilir ve yetkisiz eylemleri ger\u00e7ekle\u015ftikleri anda durdurman\u0131za yard\u0131mc\u0131 olur.<\/p>\n<h2>Pano Verilerini S\u0131ralama<\/h2>\n<p>Pano kullan\u0131m\u0131 s\u0131ksa, Keyturion bunu verimli bir \u015fekilde y\u00f6netmenize yard\u0131mc\u0131 olur. Yakalanan t\u00fcm veriler daha sonra tarih, saat, tetikleyici ve kopyalanan i\u00e7eri\u011fi g\u00f6steren ayr\u0131nt\u0131l\u0131 bir raporda incelenebilir. Bu, s\u00fcrekli bildirimlerden bunalmadan birden fazla kullan\u0131c\u0131y\u0131 izlemeyi kolayla\u015ft\u0131r\u0131r.<\/p>","protected":false},"excerpt":{"rendered":"<p>Tracking Copy-Paste Content An essential computer monitoring feature for Windows is the ability to see what has been copied, pasted, or cut by the user. Keyturion tracks all clipboard operations, making it invaluable in environments where copying sensitive data is forbidden. It\u2019s also a powerful productivity tool \u2014 you can look back at clipboard history [&hellip;]<\/p>","protected":false},"author":2,"featured_media":124,"parent":751,"menu_order":0,"comment_status":"closed","ping_status":"closed","template":"page-feature.php","meta":{"footnotes":""},"class_list":["post-759","page","type-page","status-publish","has-post-thumbnail","hentry"],"acf":[],"_links":{"self":[{"href":"https:\/\/www.keyturion.com\/tr\/wp-json\/wp\/v2\/pages\/759","targetHints":{"allow":["GET"]}}],"collection":[{"href":"https:\/\/www.keyturion.com\/tr\/wp-json\/wp\/v2\/pages"}],"about":[{"href":"https:\/\/www.keyturion.com\/tr\/wp-json\/wp\/v2\/types\/page"}],"author":[{"embeddable":true,"href":"https:\/\/www.keyturion.com\/tr\/wp-json\/wp\/v2\/users\/2"}],"replies":[{"embeddable":true,"href":"https:\/\/www.keyturion.com\/tr\/wp-json\/wp\/v2\/comments?post=759"}],"version-history":[{"count":15,"href":"https:\/\/www.keyturion.com\/tr\/wp-json\/wp\/v2\/pages\/759\/revisions"}],"predecessor-version":[{"id":1473,"href":"https:\/\/www.keyturion.com\/tr\/wp-json\/wp\/v2\/pages\/759\/revisions\/1473"}],"up":[{"embeddable":true,"href":"https:\/\/www.keyturion.com\/tr\/wp-json\/wp\/v2\/pages\/751"}],"wp:featuredmedia":[{"embeddable":true,"href":"https:\/\/www.keyturion.com\/tr\/wp-json\/wp\/v2\/media\/124"}],"wp:attachment":[{"href":"https:\/\/www.keyturion.com\/tr\/wp-json\/wp\/v2\/media?parent=759"}],"curies":[{"name":"wp","href":"https:\/\/api.w.org\/{rel}","templated":true}]}}