{"id":757,"date":"2021-03-09T18:17:14","date_gmt":"2021-03-09T17:17:14","guid":{"rendered":"https:\/\/keyturion.com\/?page_id=757"},"modified":"2025-12-08T10:22:24","modified_gmt":"2025-12-08T09:22:24","slug":"screenshots-monitoring","status":"publish","type":"page","link":"https:\/\/www.keyturion.com\/tr\/ozellikler\/ekran-goruntuleri-izleme\/","title":{"rendered":"Ekran Yakalama-Ekran G\u00f6r\u00fcnt\u00fcleri"},"content":{"rendered":"<p>Bir kullan\u0131c\u0131n\u0131n tam olarak ne yapt\u0131\u011f\u0131n\u0131 g\u00f6rebilmek, herhangi bir <a href=\"https:\/\/www.keyturion.com\/tr\/\" target=\"_blank\" rel=\"noopener\">etkili bilgisayar izleme yaz\u0131l\u0131m\u0131<\/a>. Keyturion'un Ak\u0131ll\u0131 Ekran G\u00f6r\u00fcnt\u00fcs\u00fc Sistemi, kullan\u0131lan uygulamadan ba\u011f\u0131ms\u0131z olarak hassas, kaynak dostu ve gizli ekran yakalama sunar.<\/p>\n<h3>Ekran Yakalama S\u0131kl\u0131\u011f\u0131n\u0131 Ayarlama<\/h3>\n<p>Ekran g\u00f6r\u00fcnt\u00fclerinin ne s\u0131kl\u0131kta al\u0131naca\u011f\u0131n\u0131 ayarlay\u0131n - her dakika, saat veya se\u00e7ti\u011finiz herhangi bir aral\u0131k. K\u0131sa s\u00fcreli, yetkisiz etkinliklerden \u015f\u00fcpheleniyorsan\u0131z s\u0131kl\u0131\u011f\u0131 art\u0131r\u0131n. Ekran g\u00f6r\u00fcnt\u00fcleri an\u0131nda onay i\u00e7in do\u011frudan size g\u00f6nderilebilir.<\/p>\n<h3>\u00d6zel Uyar\u0131lar<\/h3>\n<p>Yaz\u0131lan belirli kelimeler, ba\u015flat\u0131lan programlar, ziyaret edilen web siteleri veya kopyalanan pano verileri gibi ekran g\u00f6r\u00fcnt\u00fcs\u00fcn\u00fc ve uyar\u0131y\u0131 tetikleyen olaylar\u0131 tan\u0131mlay\u0131n. Bu \u015fekilde, yaln\u0131zca kurallar ihlal edildi\u011finde bilgilendirilirsiniz, s\u00fcrekli izleme ihtiyac\u0131n\u0131 azalt\u0131r ve kullan\u0131c\u0131 gizlili\u011fini korursunuz.<\/p>\n<h3>Ak\u0131ll\u0131 Ekran G\u00f6r\u00fcnt\u00fcs\u00fc Sistemi<\/h3>\n<p>En alakal\u0131 bilgileri h\u0131zl\u0131ca bulmak i\u00e7in \u00e7ok say\u0131da ekran g\u00f6r\u00fcnt\u00fcs\u00fcn\u00fc s\u0131ralayarak ve filtreleyerek kolayca y\u00f6netin.<\/p>\n<p>&nbsp;<\/p>","protected":false},"excerpt":{"rendered":"<p>Bir kullan\u0131c\u0131n\u0131n tam olarak ne yapt\u0131\u011f\u0131n\u0131 g\u00f6rebilmek, herhangi bir etkili bilgisayar izleme yaz\u0131l\u0131m\u0131n\u0131n anahtar\u0131d\u0131r. Keyturion'un Ak\u0131ll\u0131 Ekran G\u00f6r\u00fcnt\u00fcs\u00fc Sistemi, kullan\u0131lan uygulamadan ba\u011f\u0131ms\u0131z olarak hassas, kaynak dostu ve gizli ekran yakalama sunar. Ekran Yakalama S\u0131kl\u0131\u011f\u0131n\u0131 Ayarlay\u0131n Ekran g\u00f6r\u00fcnt\u00fclerinin ne s\u0131kl\u0131kta al\u0131naca\u011f\u0131n\u0131 ayarlay\u0131n - her dakika, saat veya se\u00e7ti\u011finiz herhangi bir aral\u0131kta. [...]<\/p>","protected":false},"author":2,"featured_media":126,"parent":751,"menu_order":0,"comment_status":"closed","ping_status":"closed","template":"page-feature.php","meta":{"footnotes":""},"class_list":["post-757","page","type-page","status-publish","has-post-thumbnail","hentry"],"acf":[],"_links":{"self":[{"href":"https:\/\/www.keyturion.com\/tr\/wp-json\/wp\/v2\/pages\/757","targetHints":{"allow":["GET"]}}],"collection":[{"href":"https:\/\/www.keyturion.com\/tr\/wp-json\/wp\/v2\/pages"}],"about":[{"href":"https:\/\/www.keyturion.com\/tr\/wp-json\/wp\/v2\/types\/page"}],"author":[{"embeddable":true,"href":"https:\/\/www.keyturion.com\/tr\/wp-json\/wp\/v2\/users\/2"}],"replies":[{"embeddable":true,"href":"https:\/\/www.keyturion.com\/tr\/wp-json\/wp\/v2\/comments?post=757"}],"version-history":[{"count":14,"href":"https:\/\/www.keyturion.com\/tr\/wp-json\/wp\/v2\/pages\/757\/revisions"}],"predecessor-version":[{"id":1477,"href":"https:\/\/www.keyturion.com\/tr\/wp-json\/wp\/v2\/pages\/757\/revisions\/1477"}],"up":[{"embeddable":true,"href":"https:\/\/www.keyturion.com\/tr\/wp-json\/wp\/v2\/pages\/751"}],"wp:featuredmedia":[{"embeddable":true,"href":"https:\/\/www.keyturion.com\/tr\/wp-json\/wp\/v2\/media\/126"}],"wp:attachment":[{"href":"https:\/\/www.keyturion.com\/tr\/wp-json\/wp\/v2\/media?parent=757"}],"curies":[{"name":"wp","href":"https:\/\/api.w.org\/{rel}","templated":true}]}}