{"id":753,"date":"2021-03-09T17:30:18","date_gmt":"2021-03-09T16:30:18","guid":{"rendered":"https:\/\/keyturion.com\/?page_id=753"},"modified":"2025-12-08T10:19:17","modified_gmt":"2025-12-08T09:19:17","slug":"keylogger","status":"publish","type":"page","link":"https:\/\/www.keyturion.com\/tr\/ozellikler\/keylogger\/","title":{"rendered":"Keylogger"},"content":{"rendered":"<h2>Keyturion Keylogger'\u0131 Farkl\u0131 K\u0131lan Nedir?<\/h2>\n<p><a href=\"https:\/\/www.keyturion.com\/tr\/\" target=\"_blank\" rel=\"noopener\">Keyturion<\/a> Windows i\u00e7in sa\u011flam keylogging yaz\u0131l\u0131m\u0131 beklentilerinin \u00f6tesine ge\u00e7er. Tescilli ak\u0131ll\u0131 tu\u015f izleme teknolojimizi kullanarak, bilgisayar\u0131n\u0131za girilen her tu\u015f vuru\u015funu tam olarak anlayabilirsiniz.<\/p>\n<h3>Orijinal Bi\u00e7imlendirmeyi Koruyan Tu\u015f Vuru\u015fu Kaydedici<\/h3>\n<p>Bizim e\u015fsiz <strong>keylogging yaz\u0131l\u0131m\u0131<\/strong> Windows i\u00e7in, yaz\u0131lan metnin orijinal bi\u00e7imlendirmesinin tam olarak kullan\u0131c\u0131n\u0131n girdi\u011fi \u015fekilde korunmas\u0131n\u0131 sa\u011flar. Bu, kullan\u0131c\u0131n\u0131n yazd\u0131\u011f\u0131 her tu\u015fu, yeniden bi\u00e7imlendirme veya de\u011fi\u015fiklik yapmadan bilgisayarda g\u00f6r\u00fcnd\u00fc\u011f\u00fc bi\u00e7imde g\u00f6rebilece\u011finiz anlam\u0131na gelir. Tam olarak ne yaz\u0131ld\u0131\u011f\u0131n\u0131 ve nas\u0131l g\u00f6r\u00fcnd\u00fc\u011f\u00fcn\u00fc bilirsiniz.<\/p>\n<h3>Yap\u0131land\u0131r\u0131labilir ve Esnek Klavye \u0130zleme<\/h3>\n<p><a href=\"https:\/\/www.keyturion.com\/tr\/\" target=\"_blank\" rel=\"noopener\">Keyturion bilgisayar izleme yaz\u0131l\u0131m\u0131<\/a> bir <strong>son derece yap\u0131land\u0131r\u0131labilir ve esnek keylogger<\/strong>Gizlilik kurallar\u0131na ve yasalara sayg\u0131 g\u00f6sterirken kurulu\u015funuza uyacak \u015fekilde tasarlanm\u0131\u015ft\u0131r.<\/p>\n<p>Kurulu\u015funuz belirli \u00f6zel verilerin kaydedilmesini yasakl\u0131yorsa, Keyturion'u yaln\u0131zca uygulama kullan\u0131m\u0131 gibi belirli bilgileri yakalayacak ve web taray\u0131c\u0131lar\u0131ndaki parolalar gibi di\u011ferlerini g\u00f6z ard\u0131 edecek \u015fekilde yap\u0131land\u0131rabilirsiniz. Bu, ilgili \u00e7al\u0131\u015fan faaliyetlerini izlemeye devam ederken gizlilik d\u00fczenlemelerine uyulmas\u0131n\u0131 sa\u011flar.<\/p>\n<p>Esnek ayarlar, g\u00fcvenlik d\u0131\u015flama kurallar\u0131n\u0131 y\u00fcr\u00fct\u00fclebilir dosya\/i\u015flem ad\u0131 veya uygulama penceresi ba\u015fl\u0131\u011f\u0131na g\u00f6re tan\u0131mlaman\u0131za olanak tan\u0131r.<\/p>\n<p>Toplad\u0131\u011f\u0131n\u0131z verilerle ilgili olmayan geni\u015fletilmi\u015f tu\u015flar\u0131 da filtreleyebilirsiniz. \u00d6rne\u011fin, ok tu\u015flar\u0131 veya geri tu\u015fu kullan\u0131c\u0131n\u0131n eylemlerini yorumlaman\u0131za engel oluyorsa, Keyturion bunlar\u0131 hari\u00e7 tutman\u0131za olanak tan\u0131r. Backspace, Alt, Ctrl ve di\u011fer geni\u015fletilmi\u015f tu\u015flar dahil olmak \u00fczere tu\u015flar\u0131 filtreleyebilir ve sunulan veriler \u00fczerinde tam kontrol sahibi olabilirsiniz.<\/p>\n<h3>\u00c7at\u0131\u015fmas\u0131z<\/h3>\n<p><strong>Bir\u00e7ok keylogger ba\u015far\u0131s\u0131z olur<\/strong> klavye giri\u015f sorunlar\u0131na, uygulama yava\u015flamalar\u0131na veya i\u015f ak\u0131\u015f\u0131n\u0131z\u0131 \u00e7\u00f6kerten hatalara neden olarak di\u011fer yaz\u0131l\u0131mlarla sorunsuz bir \u015fekilde \u00e7al\u0131\u015fmas\u0131n\u0131 engeller. Keyturion'u tasarlarken, di\u011fer Windows uygulamalar\u0131yla \u00e7ak\u0131\u015fmadan \u00e7al\u0131\u015ft\u0131\u011f\u0131ndan emin olduk.<\/p>\n<p>Bu g\u00fc\u00e7l\u00fc teknoloji, mevcut t\u00fcm programlarla birlikte sorunsuz bir \u015fekilde \u00e7al\u0131\u015f\u0131r ve kullan\u0131c\u0131 herhangi bir uygulamayla me\u015fgulken tu\u015f vuru\u015fu kayd\u0131n\u0131n devam etmesini sa\u011flar.<br \/>\nKeyturion sadece hangi program\u0131n a\u00e7\u0131k oldu\u011funu g\u00f6stermekle kalmaz, ayn\u0131 zamanda kullan\u0131c\u0131n\u0131n bu program i\u00e7inde tam olarak ne yapt\u0131\u011f\u0131n\u0131 da g\u00f6sterir - de\u011ferli bilgiler ve eyleme ge\u00e7irilebilir veriler sa\u011flar.<\/p>\n<h3>Kaynak Dostu <a href=\"https:\/\/www.keylogger.pl\/\" target=\"_blank\" rel=\"noopener\">Keylogger<\/a> Motor<\/h3>\n<p>Bu zengin \u00f6zelliklere sahip keylogging arac\u0131 sistem kaynaklar\u0131 \u00fczerinde minimum etki i\u00e7in optimize edilmi\u015ftir. \u00c7al\u0131\u015f\u0131rken, performans \u00fczerindeki etkisi neredeyse fark edilemez. Bu, kesintiden ka\u00e7\u0131nmak ve keylogger'\u0131 gizli tutmak i\u00e7in \u00e7ok \u00f6nemlidir.<\/p>\n<p>Yeni y\u00fcklenen bir program bilgisayar\u0131 yava\u015flat\u0131yorsa, kullan\u0131c\u0131lar bu program\u0131n varl\u0131\u011f\u0131ndan \u015f\u00fcphelenebilir. Keyturion ile <strong><a href=\"https:\/\/www.keyturion.com\/tr\/ucretsiz-keylogger\/\" target=\"_blank\" rel=\"noopener\">\u00fccretsiz keylogger yaz\u0131l\u0131m\u0131<\/a><\/strong>bu risk en aza indirilmi\u015ftir. \u0130hmal edilebilir performans etkisi, tamamen fark edilmeden arka planda sessizce \u00e7al\u0131\u015fmas\u0131na olanak tan\u0131r.<\/p>\n<p>&nbsp;<\/p>","protected":false},"excerpt":{"rendered":"<p>What Makes Keyturion Keylogger Different? Keyturion goes beyond the expectations of robust keylogging software for Windows. Using our proprietary intelligent key monitoring technology, you gain a complete understanding of every keystroke entered on your computer. Keystroke Logger That Maintains Original Formatting Our unique keylogging software for Windows ensures that the original formatting of typed text [&hellip;]<\/p>","protected":false},"author":2,"featured_media":122,"parent":751,"menu_order":0,"comment_status":"closed","ping_status":"closed","template":"page-feature.php","meta":{"footnotes":""},"class_list":["post-753","page","type-page","status-publish","has-post-thumbnail","hentry"],"acf":[],"_links":{"self":[{"href":"https:\/\/www.keyturion.com\/tr\/wp-json\/wp\/v2\/pages\/753","targetHints":{"allow":["GET"]}}],"collection":[{"href":"https:\/\/www.keyturion.com\/tr\/wp-json\/wp\/v2\/pages"}],"about":[{"href":"https:\/\/www.keyturion.com\/tr\/wp-json\/wp\/v2\/types\/page"}],"author":[{"embeddable":true,"href":"https:\/\/www.keyturion.com\/tr\/wp-json\/wp\/v2\/users\/2"}],"replies":[{"embeddable":true,"href":"https:\/\/www.keyturion.com\/tr\/wp-json\/wp\/v2\/comments?post=753"}],"version-history":[{"count":20,"href":"https:\/\/www.keyturion.com\/tr\/wp-json\/wp\/v2\/pages\/753\/revisions"}],"predecessor-version":[{"id":1475,"href":"https:\/\/www.keyturion.com\/tr\/wp-json\/wp\/v2\/pages\/753\/revisions\/1475"}],"up":[{"embeddable":true,"href":"https:\/\/www.keyturion.com\/tr\/wp-json\/wp\/v2\/pages\/751"}],"wp:featuredmedia":[{"embeddable":true,"href":"https:\/\/www.keyturion.com\/tr\/wp-json\/wp\/v2\/media\/122"}],"wp:attachment":[{"href":"https:\/\/www.keyturion.com\/tr\/wp-json\/wp\/v2\/media?parent=753"}],"curies":[{"name":"wp","href":"https:\/\/api.w.org\/{rel}","templated":true}]}}