{"id":522,"date":"2019-05-16T11:05:56","date_gmt":"2019-05-16T09:05:56","guid":{"rendered":"https:\/\/keyturion.com\/?page_id=522"},"modified":"2025-08-29T19:41:18","modified_gmt":"2025-08-29T17:41:18","slug":"purchase","status":"publish","type":"page","link":"https:\/\/www.keyturion.com\/tr\/satin-alma\/","title":{"rendered":"Sat\u0131n alma"},"content":{"rendered":"<h3 class=\"standard\" style=\"text-align: center;\">Temel bilgiler<\/h3>\n<p>-\ufe0e <strong>G\u00f6sterilen fiyatlar se\u00e7ilen d\u00f6nem (1, 3 veya 12 ay) i\u00e7in tek seferlik \u00f6demelerdir<\/strong>. Sizden ayl\u0131k \u00fccret alm\u0131yoruz ve otomatik yenileme veya yinelenen \u00f6demeler yok. Ne zaman ve ne zaman yenilemek istedi\u011finize siz karar veriyorsunuz; her \u015fey tamamen sizin kontrol\u00fcn\u00fczde!<\/p>\n<p>-\ufe0e <strong>Keyturion \u00fcr\u00fcnlerimizin t\u00fcm s\u00fcr\u00fcmleri, varyantlar\u0131 da dahil olmak \u00fczere, hem i\u015f hem de ev ortamlar\u0131 i\u00e7in uygundur<\/strong>. \"Ki\u015fisel\" ad\u0131, kullan\u0131m s\u0131n\u0131rlamalar\u0131na de\u011fil, lisans say\u0131s\u0131na at\u0131fta bulunur.<\/p>\n<p>-\ufe0e 20 veya daha fazla cihaz sat\u0131n al\u0131mlar\u0131nda tam \u00f6zelle\u015ftirme mevcuttur. \u00d6rne\u011fin, Keyturion PRO'yu alt\u0131 ayl\u0131k veri saklama s\u00fcresiyle bir y\u0131l boyunca 30 cihaz i\u00e7in sipari\u015f edebilirsiniz. Bunun i\u00e7in ki\u015fiselle\u015ftirilmi\u015f bir fiyat teklifi sunaca\u011f\u0131z. L\u00fctfen bizimle ileti\u015fime ge\u00e7in <a href=\"https:\/\/www.keyturion.com\/tr\/iletisim\/\" target=\"_blank\" rel=\"noopener\">\u0130leti\u015fim Sayfas\u0131<\/a>.<\/p>\n<p>&nbsp;<\/p>\n<h3 style=\"text-align: center;\">Sat\u0131n Alma ve Lisanslama SSS<\/h3>\n<h4 style=\"font-size: 18px; color: #005cc3;\">Farkl\u0131 bir cihaza veya i\u015fletim sistemine ge\u00e7tikten sonra mevcut lisans\u0131m\u0131 kullanabilir miyim?<\/h4>\n<p>Harika haber! Bu durumda mevcut lisans\u0131n\u0131z\u0131 kolayca transfer edebilirsiniz. Yeni bir tane sat\u0131n alman\u0131za gerek yoktur. Lisans\u0131n\u0131z\u0131 lisans s\u00fcresi boyunca istedi\u011finiz kadar transfer etmekte \u00f6zg\u00fcrs\u00fcn\u00fcz. Y\u00f6netici panelimiz bunu kendi ba\u015f\u0131n\u0131za yapman\u0131za olanak tan\u0131r; sadece arac\u0131y\u0131 eski bilgisayardan kald\u0131r\u0131n ve web panelinizden kald\u0131r\u0131n (PRO s\u00fcr\u00fcm\u00fc). Bu kadar basit!<\/p>\n<h4 style=\"font-size: 18px; color: #005cc3;\">Tek bir Windows bilgisayarda birden fazla kullan\u0131c\u0131 hesab\u0131n\u0131 izleyebilir miyim?<\/h4>\n<p>Evet! Windows'ta tek bir bilgisayarda birden fazla sistem kullan\u0131c\u0131s\u0131n\u0131 izleyebilirsiniz. \u00d6rne\u011fin, tek bir fiziksel makinede \u00fc\u00e7 kullan\u0131c\u0131n\u0131z varsa, tek bir cihaz lisans\u0131 hepsini kapsar.<\/p>\n<h4 style=\"font-size: 18px; color: #005cc3;\">Al\u0131\u015fveri\u015f sepetindeki \u00fcr\u00fcnler, yaz\u0131l\u0131m\u0131 y\u00fckleyebilece\u011finiz maksimum cihaz say\u0131s\u0131 d\u0131\u015f\u0131nda herhangi bir \u015fekilde farkl\u0131l\u0131k g\u00f6steriyor mu?<\/h4>\n<p>Hay\u0131r. PRO i\u00e7in 1, 5 ve 10 cihazl\u0131k (veya normal i\u00e7in 1 ve 3 cihazl\u0131k) t\u00fcm s\u00fcr\u00fcmler ayn\u0131 \u00f6zelliklere sahiptir. K\u00fc\u00e7\u00fck bir istisna vard\u0131r: PRO s\u00fcr\u00fcm\u00fc, 1 y\u0131ll\u0131k s\u00fcr\u00fcmler i\u00e7in ek bir veri saklama parametresi sunar ve sat\u0131n alma sayfas\u0131ndaki standart bir ayl\u0131k se\u00e7enekten daha y\u00fcksek bir de\u011fer se\u00e7menize olanak tan\u0131r.<\/p>\n<h4 style=\"font-size: 18px; color: #005cc3;\">Al\u0131\u015fveri\u015f sayfas\u0131ndaki \"Veri Saklama s\u00fcresi\" parametresi PRO 1 y\u0131ll\u0131k s\u00fcr\u00fcm i\u00e7in ne anlama geliyor?<\/h4>\n<p>Keyturion PRO i\u00e7in ma\u011fazada g\u00f6rd\u00fc\u011f\u00fcn\u00fcz \"Saklama\" parametresi, oturum a\u00e7ma verilerinizin sunucuda ne kadar s\u00fcreyle tutulaca\u011f\u0131n\u0131 belirler.<\/p>\n<p>\u00d6rne\u011fin, saklama s\u00fcresi 3 ay olan 1 y\u0131ll\u0131k bir lisans sat\u0131n al\u0131rsan\u0131z, lisans\u0131n\u0131z ve hesab\u0131n\u0131z t\u00fcm y\u0131l boyunca ge\u00e7erli olur, ancak veriler en fazla 3 ay boyunca saklan\u0131r. Saklama s\u00fcresinden daha eski veriler otomatik olarak silinir.<br \/>\nYukar\u0131daki \u00f6rnek g\u00f6z \u00f6n\u00fcne al\u0131nd\u0131\u011f\u0131nda, 4 ayl\u0131k kullan\u0131mdan sonra son 90 g\u00fcne ait verilere eri\u015febileceksiniz (en erken ay otomatik olarak silinecektir).<\/p>","protected":false},"excerpt":{"rendered":"<p>Basic information \u2022\ufe0e The prices shown are one-time payments for the selected period (1, 3 or 12 months). We don\u2019t charge you monthly, and there are no auto-renewals or recurring payments. You decide when and if you want to renew\u2014everything is entirely in your control! \u2022\ufe0e All editions of our Keyturion products, including their variants, [&hellip;]<\/p>","protected":false},"author":2,"featured_media":0,"parent":0,"menu_order":0,"comment_status":"closed","ping_status":"closed","template":"page-koszyk-2024.php","meta":{"footnotes":""},"class_list":["post-522","page","type-page","status-publish","hentry"],"acf":[],"_links":{"self":[{"href":"https:\/\/www.keyturion.com\/tr\/wp-json\/wp\/v2\/pages\/522","targetHints":{"allow":["GET"]}}],"collection":[{"href":"https:\/\/www.keyturion.com\/tr\/wp-json\/wp\/v2\/pages"}],"about":[{"href":"https:\/\/www.keyturion.com\/tr\/wp-json\/wp\/v2\/types\/page"}],"author":[{"embeddable":true,"href":"https:\/\/www.keyturion.com\/tr\/wp-json\/wp\/v2\/users\/2"}],"replies":[{"embeddable":true,"href":"https:\/\/www.keyturion.com\/tr\/wp-json\/wp\/v2\/comments?post=522"}],"version-history":[{"count":82,"href":"https:\/\/www.keyturion.com\/tr\/wp-json\/wp\/v2\/pages\/522\/revisions"}],"predecessor-version":[{"id":1426,"href":"https:\/\/www.keyturion.com\/tr\/wp-json\/wp\/v2\/pages\/522\/revisions\/1426"}],"wp:attachment":[{"href":"https:\/\/www.keyturion.com\/tr\/wp-json\/wp\/v2\/media?parent=522"}],"curies":[{"name":"wp","href":"https:\/\/api.w.org\/{rel}","templated":true}]}}