{"id":370,"date":"2019-02-06T16:47:02","date_gmt":"2019-02-06T15:47:02","guid":{"rendered":"https:\/\/keyturion.com\/?page_id=370"},"modified":"2025-08-10T19:27:51","modified_gmt":"2025-08-10T17:27:51","slug":"about-us","status":"publish","type":"page","link":"https:\/\/www.keyturion.com\/tr\/hakkimizda\/","title":{"rendered":"Hakk\u0131m\u0131zda"},"content":{"rendered":"<h3>\u015eirket Hakk\u0131nda<\/h3>\n<p>2007'den beri yaz\u0131l\u0131m ve izleme cihazlar\u0131 geli\u015ftiriyor, hem bireysel kullan\u0131c\u0131lar hem de d\u00fcnya \u00e7ap\u0131ndaki \u015firketler taraf\u0131ndan kullan\u0131lan ara\u00e7lar yarat\u0131yoruz.<br \/>\nKeyturion, uzun y\u0131llara dayanan deneyimimizin ve m\u00fc\u015fterilerimizin ihtiya\u00e7lar\u0131na verdi\u011fimiz yan\u0131t\u0131n bir sonucudur - bir bilgisayardaki her t\u00fcrl\u00fc etkinli\u011fi izleyebilen yenilik\u00e7i bir izleme arac\u0131.<\/p>\n<h3>G\u00fcven ve Emniyet<\/h3>\n<p>Kullan\u0131c\u0131lar\u0131m\u0131z i\u00e7in en \u00fcst d\u00fczeyde g\u00fcvenlik sa\u011fl\u0131yoruz. \u00d6zel verilerinize eri\u015fimimiz yoktur ve uygulama hi\u00e7bir gizli i\u015flev i\u00e7ermez. Yaz\u0131l\u0131m\u0131m\u0131z\u0131 y\u00fcklerken, hassas verilerinizin yaln\u0131zca sizin taraf\u0131n\u0131zdan y\u00f6netildi\u011finden emin olabilirsiniz.<\/p>","protected":false},"excerpt":{"rendered":"<p>About the Company We have been developing software and monitoring devices since 2007, creating tools used by both individual users and companies worldwide. Keyturion is the result of our many years of experience and our response to the needs of our clients \u2014 an innovative monitoring tool that can track any activity on a computer. [&hellip;]<\/p>","protected":false},"author":2,"featured_media":0,"parent":0,"menu_order":0,"comment_status":"closed","ping_status":"closed","template":"","meta":{"footnotes":""},"class_list":["post-370","page","type-page","status-publish","hentry"],"acf":[],"_links":{"self":[{"href":"https:\/\/www.keyturion.com\/tr\/wp-json\/wp\/v2\/pages\/370","targetHints":{"allow":["GET"]}}],"collection":[{"href":"https:\/\/www.keyturion.com\/tr\/wp-json\/wp\/v2\/pages"}],"about":[{"href":"https:\/\/www.keyturion.com\/tr\/wp-json\/wp\/v2\/types\/page"}],"author":[{"embeddable":true,"href":"https:\/\/www.keyturion.com\/tr\/wp-json\/wp\/v2\/users\/2"}],"replies":[{"embeddable":true,"href":"https:\/\/www.keyturion.com\/tr\/wp-json\/wp\/v2\/comments?post=370"}],"version-history":[{"count":28,"href":"https:\/\/www.keyturion.com\/tr\/wp-json\/wp\/v2\/pages\/370\/revisions"}],"predecessor-version":[{"id":1390,"href":"https:\/\/www.keyturion.com\/tr\/wp-json\/wp\/v2\/pages\/370\/revisions\/1390"}],"wp:attachment":[{"href":"https:\/\/www.keyturion.com\/tr\/wp-json\/wp\/v2\/media?parent=370"}],"curies":[{"name":"wp","href":"https:\/\/api.w.org\/{rel}","templated":true}]}}