{"id":176,"date":"2018-11-06T12:19:39","date_gmt":"2018-11-06T11:19:39","guid":{"rendered":"https:\/\/keyturion.com\/?page_id=176"},"modified":"2024-04-20T21:37:40","modified_gmt":"2024-04-20T19:37:40","slug":"demo","status":"publish","type":"page","link":"https:\/\/www.keyturion.com\/tr\/demo\/","title":{"rendered":"Keyturion Pro'yu test edin"},"content":{"rendered":"<p><strong>Desteklenen i\u015fletim sistemleri:<br \/>\n(32 ve 64 bit s\u00fcr\u00fcmlerin her ikisi de desteklenmektedir)<\/strong><\/p>\n<table id=\"tabdemo\" style=\"width: 74.413%;\">\n<tbody>\n<tr>\n<td style=\"width: 50%;\">\n<ul>\n<li><strong>Windows 11<\/strong><\/li>\n<li><strong>Windows 8.1\u00a0<\/strong><\/li>\n<li><strong>Windows 8 32<\/strong><\/li>\n<\/ul>\n<\/td>\n<td style=\"width: 50%;\">\n<ul>\n<li><strong>Windows 10\u00a0<\/strong><\/li>\n<li><strong>Windows 7\u00a0<\/strong><\/li>\n<li><strong>Windows Vista<\/strong><\/li>\n<\/ul>\n<\/td>\n<\/tr>\n<\/tbody>\n<\/table>\n<p><strong> Uyar\u0131:<\/strong><br \/>\n\u00c7e\u015fitli konumlardan indirilebilir, ancak Keyturion'u buradan, web sitemizden indirmeniz \u00f6nerilir.<br \/>\nKeyturion yaz\u0131l\u0131m\u0131n\u0131 \u00fc\u00e7\u00fcnc\u00fc taraf web sitelerinden indirmek tehlikeli olabilir. \u00dccretsiz yaz\u0131l\u0131m da\u011f\u0131tanlar, yaz\u0131l\u0131m\u0131 k\u00f6t\u00fc ama\u00e7l\u0131 yaz\u0131l\u0131m veya reklam yaz\u0131l\u0131m\u0131 ile paketleyebilir.<\/p>","protected":false},"excerpt":{"rendered":"<p>Desteklenen i\u015fletim sistemleri: (hem 32 hem de 64 bit s\u00fcr\u00fcmler desteklenmektedir) Windows 11 Windows 8.1 Windows 8 32 Windows 10 Windows 7 Windows Vista Uyar\u0131: \u00c7e\u015fitli konumlardan indirilebilir, ancak Keyturion'u buradan, web sitemizden indirmeniz \u00f6nerilir. Keyturion yaz\u0131l\u0131m\u0131n\u0131 \u00fc\u00e7\u00fcnc\u00fc taraf web sitelerinden indirmek tehlikeli olabilir. Bu [...]<\/p>","protected":false},"author":2,"featured_media":0,"parent":0,"menu_order":0,"comment_status":"closed","ping_status":"closed","template":"page-produkty2.php","meta":{"footnotes":""},"class_list":["post-176","page","type-page","status-publish","hentry"],"acf":[],"_links":{"self":[{"href":"https:\/\/www.keyturion.com\/tr\/wp-json\/wp\/v2\/pages\/176","targetHints":{"allow":["GET"]}}],"collection":[{"href":"https:\/\/www.keyturion.com\/tr\/wp-json\/wp\/v2\/pages"}],"about":[{"href":"https:\/\/www.keyturion.com\/tr\/wp-json\/wp\/v2\/types\/page"}],"author":[{"embeddable":true,"href":"https:\/\/www.keyturion.com\/tr\/wp-json\/wp\/v2\/users\/2"}],"replies":[{"embeddable":true,"href":"https:\/\/www.keyturion.com\/tr\/wp-json\/wp\/v2\/comments?post=176"}],"version-history":[{"count":49,"href":"https:\/\/www.keyturion.com\/tr\/wp-json\/wp\/v2\/pages\/176\/revisions"}],"predecessor-version":[{"id":1204,"href":"https:\/\/www.keyturion.com\/tr\/wp-json\/wp\/v2\/pages\/176\/revisions\/1204"}],"wp:attachment":[{"href":"https:\/\/www.keyturion.com\/tr\/wp-json\/wp\/v2\/media?parent=176"}],"curies":[{"name":"wp","href":"https:\/\/api.w.org\/{rel}","templated":true}]}}