{"id":1314,"date":"2025-01-19T17:20:31","date_gmt":"2025-01-19T16:20:31","guid":{"rendered":"https:\/\/www.keyturion.com\/?page_id=1314"},"modified":"2025-06-29T23:07:16","modified_gmt":"2025-06-29T21:07:16","slug":"av-exlusion-manual","status":"publish","type":"page","link":"https:\/\/www.keyturion.com\/tr\/av-exlusion-el-ki\u0307tabi\/","title":{"rendered":"Antivir\u00fcs arac\u0131s\u0131 beyaz liste k\u0131lavuzu"},"content":{"rendered":"<p style=\"font-size: 18px;\">\u0130zlenen makinelerde antivir\u00fcs program\u0131 veya g\u00fcvenlik duvar\u0131 gibi bir g\u00fcvenlik yaz\u0131l\u0131m\u0131 y\u00fckl\u00fcyse, Keyturion hizmetlerini veya y\u00fckleme i\u015fleminin kendisini engelleyerek normal \u00e7al\u0131\u015fmay\u0131 \u00f6nleyebilir.<br \/>\nEndi\u015felenmenize gerek yok. Yaz\u0131l\u0131m 100% g\u00fcvenlidir ve hi\u00e7bir gizli \u00f6zellik i\u00e7ermez. Bununla birlikte, bu t\u00fcr izleme yaz\u0131l\u0131mlar\u0131n\u0131n antivir\u00fcs programlar\u0131 taraf\u0131ndan potansiyel bir tehdit olarak i\u015faretlenmesi yayg\u0131nd\u0131r ve bu da yanl\u0131\u015f alarmlara neden olabilir.<br \/>\nGenel Kural ve En \u0130yi Uygulama:<\/p>\n<p style=\"font-size: 18px;\"><strong>1)<\/strong> Kurulum s\u0131ras\u0131nda <strong>normal<\/strong> kurulum modu (gizli mod de\u011fil, ancak program\u0131 daha sonra gizleyebilirsiniz). Keyturion i\u00e7in hedef klas\u00f6r\u00fc se\u00e7ti\u011finiz sayfada, kurulum sayfas\u0131nda verilen d\u00fc\u011fmeye t\u0131klayarak yolu panonuza kopyalay\u0131n.<\/p>\n<p style=\"font-size: 18px;\"><img decoding=\"async\" style=\"width: 44%;\" src=\"https:\/\/KEYTURION.com\/av\/setupen.png\" alt=\"AV istisnalar\u0131n\u0131 ayarlama\" \/><br \/>\n<strong>2)<\/strong> Bu yolu antivir\u00fcs program\u0131n\u0131z\u0131n ger\u00e7ek zamanl\u0131 taray\u0131c\u0131s\u0131n\u0131n veya di\u011fer g\u00fcvenlik \u00f6zelliklerinin d\u0131\u015flama ayarlar\u0131na yap\u0131\u015ft\u0131r\u0131n.<br \/>\n<strong>3)<\/strong> Temsilci kurulumuna devam edin.<br \/>\nNadir durumlarda, y\u00fckleyici dosyas\u0131n\u0131n kendisini hari\u00e7 tutman\u0131z veya t\u00fcm AV korumas\u0131n\u0131 k\u0131sa bir s\u00fcre i\u00e7in ge\u00e7ici olarak devre d\u0131\u015f\u0131 b\u0131rakman\u0131z da gerekebilir.<\/p>\n<h3>Baz\u0131 pop\u00fcler antivir\u00fcs programlar\u0131 i\u00e7in bunun nas\u0131l yap\u0131laca\u011f\u0131na dair ayr\u0131nt\u0131l\u0131 talimatlar i\u00e7in a\u015fa\u011f\u0131daki sekmeleri kontrol edin:<\/h3>\n   \r\n<div class=\"agwt-container\">\r\n    \r\n    <!-- Tabs Button -->\r\n    <div class=\"wt-tabs-btn-container1317 wt-body-style\">\r\n        \t\t\t<a class=\"wt-btn1317 wt-tabs-tb1317 wt-tabs-top  active\"\r\n\t\t\t\t\t\t            style=\"cursor:pointer;\"\r\n\t\t\t\t\t\t            onclick=\"wtOpenTb(event,'wt-tab13171', '1317', 'normal')\">\r\n\t\t\t\t\t\t            \t\t\t\t\t\t            <i class=\"\" id=\"wtOpen\"><\/i>\r\n\t\t\t\t\t\t                                                <div class=\"title_tag\">ESET<\/div>\r\n                    <\/a>\r\n\r\n        \t\t\t<a class=\"wt-btn1317 wt-tabs-tb1317 wt-tabs-top\"\r\n\t\t\t\t\t\t            style=\"cursor:pointer;\"\r\n\t\t\t\t\t\t            onclick=\"wtOpenTb(event,'wt-tab13172', '1317', 'normal')\">\r\n\t\t\t\t\t\t            \t\t\t\t\t\t            <i class=\"\" id=\"wtOpen\"><\/i>\r\n\t\t\t\t\t\t                                                <div class=\"title_tag\">AVG<\/div>\r\n                    <\/a>\r\n\r\n        \t\t\t<a class=\"wt-btn1317 wt-tabs-tb1317 wt-tabs-top\"\r\n\t\t\t\t\t\t            style=\"cursor:pointer;\"\r\n\t\t\t\t\t\t            onclick=\"wtOpenTb(event,'wt-tab13173', '1317', 'normal')\">\r\n\t\t\t\t\t\t            \t\t\t\t\t\t            <i class=\"\" id=\"wtOpen\"><\/i>\r\n\t\t\t\t\t\t                                                <div class=\"title_tag\">Bitdefender<\/div>\r\n                    <\/a>\r\n\r\n        \r\n    <\/div>\r\n    <!-- End Tabs Button -->\r\n\r\n\r\n        <!-- Tabs Body -->\r\n    <div class=\"wt-tabs-body wt-body1317\">\r\n\r\n        \t\t\t\t\t\t        <!-- Start tabs-->\r\n\t\t\t<div class=\"wt-single-tab1317\" id=\"wt-tab13171\"\r\n\t\t\t style=\"display:block;\" >\r\n<ol>\n<li>A\u00e7\u0131k <strong>Kurulum<\/strong> ve t\u0131klay\u0131n <strong>Bilgisayar Korumas\u0131<\/strong><\/li>\n<li>Yan\u0131ndaki Ayarlar simgesine t\u0131klay\u0131n <strong>Ger\u00e7ek zamanl\u0131 dosya sistemi korumas\u0131<\/strong><\/li>\n<li>T\u0131klay\u0131n <strong>\u0130stisnalar\u0131 D\u00fczenle<\/strong> ve buraya yap\u0131\u015ft\u0131r\u0131n yol<\/li>\n<\/ol>\n<p><img decoding=\"async\" style=\"width: 65%\" src=\"https:\/\/www.keyturion.com\/av\/eseten.png\" alt=\"Obraz\" \/><\/p>\n<p><img decoding=\"async\" style=\"width: 65%\" src=\"https:\/\/www.keyturion.com\/av\/eseten2.png\" alt=\"Obraz\" \/><\/p>\n        <\/div>\r\n        <!-- End tabs -->\r\n        \r\n        \t\t\t\t\t\t        <!-- Start tabs-->\r\n\t\t\t<div class=\"wt-single-tab1317\" id=\"wt-tab13172\"\r\n\t\t\t>\r\n<p><a href=\"https:\/\/support.avg.com\/SupportArticleView?l=en&amp;urlname=avg-antivirus-scan-exclusions#idt_040\" target=\"_blank\" rel=\"noopener noreferrer\"><br \/>\nAVG \u00fcreticisinin talimatlar\u0131na gitmek i\u00e7in buraya t\u0131klay\u0131n.<br \/>\n<\/a><\/p>\n        <\/div>\r\n        <!-- End tabs -->\r\n        \r\n        \t\t\t\t\t\t        <!-- Start tabs-->\r\n\t\t\t<div class=\"wt-single-tab1317\" id=\"wt-tab13173\"\r\n\t\t\t>\r\n<p><a href=\"https:\/\/www.bitdefender.com\/consumer\/support\/answer\/13427\/\" target=\"_blank\" rel=\"noopener noreferrer\"><br \/>\nBitdefender \u00fcreticisinin talimatlar\u0131na gitmek i\u00e7in buraya t\u0131klay\u0131n.<br \/>\n<\/a><\/p>\n        <\/div>\r\n        <!-- End tabs -->\r\n        \r\n        \r\n    <\/div>\r\n    <!-- End Tabs Body -->\r\n    <\/div>\r\n<style>\r\n     *,\r\n\t*::before,\r\n\t*::after {\r\n\t  box-sizing: border-box;\r\n\t}\r\n\r\n\t        .agwt-container { max-width:inherit; }\r\n\t\r\n\t\t\t.agwt-container .normal_content_section_title_1317{ max-width:100% !important;}\r\n\t\t\t.agwt-container a {box-shadow:none}\r\n\t\t\t.agwt-container .normal_content_section_title_1317 {margin-bottom:15px}\r\n\t\t\t.agwt-container a.wt-tabs-tb1317 {\r\n\t\t\t\ttext-decoration: none !important;\r\n\t\t    }\r\n\t\t\t.agwt-container a.wt-tabs-tb1317:hover {\r\n\t\t\t\ttext-decoration: none !important;\r\n\t\t\t}\r\n\r\n\t\t\t.agwt-container .normal_content_section_title_1317 .section_title h1 {font-size: 2em !important; color:#000;}\r\n\t\t\t.agwt-container .normal_content_section_title_1317 .section_title h2 {font-size: 1.5em !important; color:#000;}\r\n\t\t\t.agwt-container .normal_content_section_title_1317 .section_title h3 {font-size: 1.17em !important; color:#000;}\r\n\t\t\t.agwt-container .normal_content_section_title_1317 .section_title h4 {font-size: 1em !important; color:#000;}\r\n\t\t\t.agwt-container .normal_content_section_title_1317 .section_title h5 {font-size: 0.83em !important; color:#000;}\r\n\t\t\t.agwt-container .normal_content_section_title_1317 .section_title h6 {font-size: 0.67em !important; color:#000;}\r\n\t\t\t.agwt-container .normal_content_section_title_1317 .section_title p  { color:#000;}\r\n\r\n\t\t\t.wt-tabs-tb1317 {\r\n\t\t\t    float: left;\r\n\t\t\t    color:#000;\r\n\t\t\t    background: #eee;\r\n\t\t\t    border: 1px solid #ccc;\r\n\t\t\t}\r\n\r\n\t\t\t.wt-tabs-tb1317.active {\r\n\t\t\t\tcolor:#000;\r\n\t\t\t\tbackground:#fff;\r\n\t\t\t}\r\n\r\n\t\t\t.wt-tabs-tb1317:hover {\r\n\t\t\t\tcolor:#000;\r\n\t\t\t\tbackground:#fff;\r\n\t\t\t}\r\n\r\n\t\t\t.child-class { \r\n\t\t\t\tflex-direction: column;\r\n\t\t\t\twidth: 25%;\r\n\t\t\t\tpadding-right:10px;\r\n\t\t\t}\r\n\r\n\t\t\t.child-class-menu {  display:inline-block; }\r\n\r\n\t\t\t.child-class .wt-tabs-tb1317 i {\r\n\t\t\t\tfloat:left;\r\n\t\t\t}\r\n\r\n\t\t\t.wt-single-nest-tab1317 {\r\n\t\t\t\tdisplay: none;\r\n\t\t\t}\r\n\r\n\t\t\t.nested-type .wt-tabs-body.wt-body1317 {\r\n\t\t\t\tpadding-left:2px;\r\n\t\t\t\tpadding-top:5px;\r\n\r\n\t\t\t}\r\n\r\n\t\t\t.child-class-body {\r\n\t\t\t\twidth: inherit;\r\n\t\t\t\toverflow: hidden;\r\n\t\t\t}\r\n\r\n\t\t\t.wt-tabs-tb1317 i {\r\n\t\t\t\tcolor:#000;\r\n\t\t\t    margin-right:1px;\r\n\t\t\t\tfont-size:20px;\r\n\t\t\t\tline-height:1.6;\r\n\t\t\t}\r\n\r\n\t\t\t.wt-tabs-tb1317 img {\r\n\t\t\t\tdisplay:inline-block;\r\n\t\t\t\tmargin-top:5px;\r\n\t\t\t\tmargin-right:1px;\r\n\t\t\t  }\r\n\r\n\t\t\t.wt-tabs-tb1317.active i {\r\n\t\t\t\tcolor:#000;\r\n\t\t\t}\r\n\r\n\t\t\t.wt-tabs-tb1317:hover i {\r\n\t\t\t\tcolor:#000;\r\n\t\t\t}\r\n\r\n\t\t\t.title_tag {\r\n\t\t\t\tfont-size:20px;\r\n\t\t\t\tfloat:right;\r\n\t\t\t}\r\n\r\n\t\t\t.wt-tabs-body.wt-body1317 {\r\n\t\t\t\twidth:inherit;\r\n\t\t\t    background-color:#fff;\r\n\t\t\t    border:1px solid #ccc;\r\n\t\t\t    padding:20px 20px 20px 20px;\r\n\t\t\t}\r\n\t\t\t.agwt-container {\r\n\t\t\t    line-height: 1.6;\r\n\t\t\t}\r\n\r\n\t\t\t.tax-btn1317:hover { background:#fff; }\r\n\t\t\t.tax-btn1317.active { background:#fff; }\r\n\r\n\t\t\t.wt-single-tab1317 {\r\n\t\t\t    display: none;\r\n\t\t\t}\r\n\t\t\t.wt-tabs-tb1317 {\r\n\t\t\t\tpadding: 10px 10px 10px 10px;\r\n\t\t\t\tborder-radius:2px;\r\n\t\t\t}\r\n\r\n\t\t\t \r\n\t\t.agwt-container .normal_content_section_title_1317 .section_title h1{ font-family:Poppins !important; } \r\n\t\t.agwt-container .normal_content_section_title_1317 .section_title h2{ font-family:Poppins !important; } \r\n\t\t.agwt-container .normal_content_section_title_1317 .section_title h3{ font-family:Poppins !important; } \r\n\t\t.agwt-container .normal_content_section_title_1317 .section_title h4{ font-family:Poppins !important; } \r\n\t\t.agwt-container .normal_content_section_title_1317 .section_title h5{ font-family:Poppins !important; } \r\n\t\t.agwt-container .normal_content_section_title_1317 .section_title h6{ font-family:Poppins !important; } \r\n\t\t.agwt-container .normal_content_section_title_1317 .section_title p{ font-family:Poppins !important; } \r\n\t\t\r\n\t\t.agwt-container .wt-body .wt-single-tab h1,\r\n\t\t\t\t\t\t\t\t\t.agwt-container .wt-body .wt-single-tab h2,\r\n\t\t\t\t\t\t\t\t\t.agwt-container .wt-body .wt-single-tab h3,\r\n\t\t\t\t\t\t\t\t\t.agwt-container .wt-body .wt-single-tab h4,\r\n\t\t\t\t\t\t\t\t\t.agwt-container .wt-body .wt-single-tab h5,\r\n\t\t\t\t\t\t\t\t\t.agwt-container .wt-body .wt-single-tab h6,\r\n\t\t\t\t\t\t\t\t\t.agwt-container .wt-body .wt-single-tab p, .agwt-container {\r\n\t\t\t\t\t\t\t\t\t    font-family:Poppins !important;\r\n\t\t\t\t\t\t\t\t\t    font-weight:normal !important;\r\n\t\t\t\t\t\t\t\t\t    font-style:normal !important;\r\n\t\t\t\t\t\t\t\t\t}\r\n\r\n\t\t\t\t\t\t\t\t\t\r\n\r\n\t\t\t\t\t\t           .wt-btn1317.active {\r\n\t\t\t\t\t\t\t\t\t    border-color: #ccc #ccc transparent;\r\n\t\t\t\t\t\t\t\t\t}\r\n\t\t\t\t\t\t\t\t\t.tax-btn1317.active {\r\n\t\t\t\t\t\t\t\t\t    border-color: #ccc #ccc transparent;\r\n\t\t\t\t\t\t\t\t\t}\r\n\t\t\t\t\t\t\t\t .wt-tabs-btn-container1317 {\r\n\t\t\t\t\t\t\t\t\t    left: 0%;\r\n\t\t\t\t\t\t\t\t\t    display: flex;\r\n\t\t\t\t\t\t\t\t\t    padding-top: 0px;\r\n\t\t\t\t\t\t\t\t\t}\r\n\t\t\t\t\t\t\t\t\t.agwt-container a.wt-tabs-tb1317 {\r\n\t\t\t\t\t\t\t\t\t\tmargin-bottom: -1px;\r\n\t\t\t\t\t\t\t\t\t}\r\n\r\n\t\t\t\t\t\t\t\t\t.wt-tabs-btn-container1317.active { border-bottom:none; }\r\n\r\n\t\t\t\t\t\t\t\t\t.wt-tabs-tb1317 {\r\n\t\t\t\t\t\t\tmargin: 0px 0px 0px 0px;\r\n\t\t\t\t\t\t\t}@media only screen and (max-width: 668px) {\r\n\t\t\t    .wt-tabs-btn-container1317 {\r\n\t\t\t        flex-flow:column;\r\n\t\t\t    }\r\n\t\t\t}<\/style>","protected":false},"excerpt":{"rendered":"<p>If there is security software, such as an antivirus program or a firewall, installed on the monitored machines, it may block Keyturion services or the installation process itself, preventing normal operation. There is no need to worry. The software is 100% safe and contains no hidden features. However, it is common for monitoring software of [&hellip;]<\/p>","protected":false},"author":2,"featured_media":0,"parent":0,"menu_order":0,"comment_status":"closed","ping_status":"closed","template":"","meta":{"footnotes":""},"class_list":["post-1314","page","type-page","status-publish","hentry"],"acf":[],"_links":{"self":[{"href":"https:\/\/www.keyturion.com\/tr\/wp-json\/wp\/v2\/pages\/1314","targetHints":{"allow":["GET"]}}],"collection":[{"href":"https:\/\/www.keyturion.com\/tr\/wp-json\/wp\/v2\/pages"}],"about":[{"href":"https:\/\/www.keyturion.com\/tr\/wp-json\/wp\/v2\/types\/page"}],"author":[{"embeddable":true,"href":"https:\/\/www.keyturion.com\/tr\/wp-json\/wp\/v2\/users\/2"}],"replies":[{"embeddable":true,"href":"https:\/\/www.keyturion.com\/tr\/wp-json\/wp\/v2\/comments?post=1314"}],"version-history":[{"count":33,"href":"https:\/\/www.keyturion.com\/tr\/wp-json\/wp\/v2\/pages\/1314\/revisions"}],"predecessor-version":[{"id":1361,"href":"https:\/\/www.keyturion.com\/tr\/wp-json\/wp\/v2\/pages\/1314\/revisions\/1361"}],"wp:attachment":[{"href":"https:\/\/www.keyturion.com\/tr\/wp-json\/wp\/v2\/media?parent=1314"}],"curies":[{"name":"wp","href":"https:\/\/api.w.org\/{rel}","templated":true}]}}