{"id":1240,"date":"2024-09-04T09:29:03","date_gmt":"2024-09-04T07:29:03","guid":{"rendered":"https:\/\/keyturion.com\/?page_id=1240"},"modified":"2024-09-13T23:09:05","modified_gmt":"2024-09-13T21:09:05","slug":"cart2024","status":"publish","type":"page","link":"https:\/\/www.keyturion.com\/tr\/cart2024\/","title":{"rendered":"Cart2024"},"content":{"rendered":"<h4 class=\"standard\">Temel lisans bilgileri<\/h4>\n<p class=\"standard\">KeyTurion ve KeyTurion PRO lisanslar\u0131 hem ki\u015fisel hem de ticari kullan\u0131m i\u00e7in uygundur. \"\u015eimdi sat\u0131n al\" butonuna bast\u0131ktan sonra \u00d6deme \u0130\u015flemcisi (PayPro Global) sayfam\u0131za y\u00f6nlendirileceksiniz. Lisans\u0131n\u0131z bir fatura ile birlikte belirtilen e-posta adresine g\u00f6nderilecektir.<\/p>\n<p class=\"standard\">KeyTurion lisans anahtar\u0131, uygulaman\u0131n t\u00fcm \u00f6zelliklerini 12 ay boyunca kullanman\u0131za ve bu s\u00fcre zarf\u0131nda gelecekteki t\u00fcm y\u00fckseltmeleri alman\u0131za izin verecektir. <strong>\u00fccretsiz<\/strong>. Sat\u0131n Alma ve \u00d6deme Sayfas\u0131nda lisans miktar\u0131n\u0131 art\u0131rmak, olas\u0131 lisansl\u0131 bilgisayar miktar\u0131n\u0131 art\u0131racakt\u0131r. \u00d6rne\u011fin, 3 adet lisans 3 Bilgisayar i\u00e7in ge\u00e7erli tek bir lisans anahtar\u0131 olu\u015fturacakt\u0131r.<\/p>\n<h4 class=\"standard\">KeyTurion'u KeyTurion PRO'ya y\u00fckseltebilir miyim?<\/h4>\n<p class=\"standard\">Evet, y\u00fckseltebilirsiniz. Y\u00fckseltme yapmak istiyorsan\u0131z, bizimle ileti\u015fime ge\u00e7meniz gerekir. <a href=\"https:\/\/www.keyturion.com\/tr\/iletisim\/\" target=\"_blank\" rel=\"noopener\">\u0130leti\u015fim Sayfas\u0131<\/a>.<\/p>\n<h4>Parametre ne anlama geliyor? \"<label class=\"col-sm-4 control-label\" for=\"selection_49853\">Veri Saklama S\u00fcresi<\/label>\" ne anlama geliyor?<\/h4>\n<p>Keyturion PRO i\u00e7in ma\u011fazada g\u00f6rd\u00fc\u011f\u00fcn\u00fcz \"Saklama\" parametresi, oturum a\u00e7ma verilerinizin sunucuda ne kadar s\u00fcreyle tutulaca\u011f\u0131n\u0131 belirleyen parametredir.<\/p>\n<p>\u00d6rne\u011fin, saklama s\u00fcresi 3 ay olan standart bir 1 y\u0131ll\u0131k lisans sat\u0131n al\u0131rsan\u0131z, bu, lisans\u0131n\u0131z\u0131n ve hesab\u0131n\u0131z\u0131n bir y\u0131l boyunca ge\u00e7erli oldu\u011fu, ancak verilerin maksimum 3 ay sakland\u0131\u011f\u0131 ve saklama s\u00fcresinden daha eski verilerin otomatik olarak silindi\u011fi anlam\u0131na gelir.<br \/>\nYukar\u0131daki \u00f6rnek g\u00f6z \u00f6n\u00fcne al\u0131nd\u0131\u011f\u0131nda, 4 ayl\u0131k kullan\u0131mdan sonra son 3 ay\u0131n verilerine eri\u015febileceksiniz (en eski ilk ay otomatik olarak silinecektir)<\/p>","protected":false},"excerpt":{"rendered":"<p>Temel lisans bilgileri KeyTurion ve KeyTurion PRO lisanslar\u0131 hem ki\u015fisel hem de ticari kullan\u0131m i\u00e7in uygundur. \"\u015eimdi sat\u0131n al\" butonuna bast\u0131ktan sonra \u00d6deme \u0130\u015flemcisi (PayPro Global) sayfam\u0131za y\u00f6nlendirileceksiniz. Lisans\u0131n\u0131z bir fatura ile birlikte belirtilen e-posta adresine g\u00f6nderilecektir. KeyTurion lisans anahtar\u0131 t\u00fcm [...] kullanman\u0131za izin verecektir.<\/p>","protected":false},"author":2,"featured_media":0,"parent":0,"menu_order":0,"comment_status":"closed","ping_status":"closed","template":"page-koszyk-2024.php","meta":{"footnotes":""},"class_list":["post-1240","page","type-page","status-publish","hentry"],"acf":[],"_links":{"self":[{"href":"https:\/\/www.keyturion.com\/tr\/wp-json\/wp\/v2\/pages\/1240","targetHints":{"allow":["GET"]}}],"collection":[{"href":"https:\/\/www.keyturion.com\/tr\/wp-json\/wp\/v2\/pages"}],"about":[{"href":"https:\/\/www.keyturion.com\/tr\/wp-json\/wp\/v2\/types\/page"}],"author":[{"embeddable":true,"href":"https:\/\/www.keyturion.com\/tr\/wp-json\/wp\/v2\/users\/2"}],"replies":[{"embeddable":true,"href":"https:\/\/www.keyturion.com\/tr\/wp-json\/wp\/v2\/comments?post=1240"}],"version-history":[{"count":5,"href":"https:\/\/www.keyturion.com\/tr\/wp-json\/wp\/v2\/pages\/1240\/revisions"}],"predecessor-version":[{"id":1256,"href":"https:\/\/www.keyturion.com\/tr\/wp-json\/wp\/v2\/pages\/1240\/revisions\/1256"}],"wp:attachment":[{"href":"https:\/\/www.keyturion.com\/tr\/wp-json\/wp\/v2\/media?parent=1240"}],"curies":[{"name":"wp","href":"https:\/\/api.w.org\/{rel}","templated":true}]}}