{"id":1017,"date":"2023-09-02T14:43:24","date_gmt":"2023-09-02T12:43:24","guid":{"rendered":"https:\/\/keyturion.com\/?page_id=1017"},"modified":"2023-09-03T09:53:22","modified_gmt":"2023-09-03T07:53:22","slug":"free","status":"publish","type":"page","link":"https:\/\/www.keyturion.com\/tr\/ucretsiz\/","title":{"rendered":"Keyturion \u00dcCRETS\u0130Z"},"content":{"rendered":"<h3><\/h3>\n<h3 style=\"text-align: center;\">Keyturion \u00dccretsiz vs Keyturion PRO. \u00dccretsiz s\u00fcr\u00fcm\u00fcn s\u0131n\u0131rlamalar\u0131.<\/h3>\n<p>&nbsp;<\/p>\n<table id=\"tabpro\" style=\"width: 95.4118%; height: 308px;\" cellspacing=\"0\">\n<tbody>\n<tr style=\"height: 23px;\">\n<td style=\"width: 50.7001%; height: 23px;\" width=\"321\"><strong>KeyTurion \u00dccretsiz<\/strong><\/td>\n<td style=\"width: 48.9917%; height: 23px;\" width=\"321\"><strong>KeyTurion PRO<\/strong><\/td>\n<\/tr>\n<tr style=\"height: 143px;\">\n<td style=\"width: 50.7001%; height: 62px;\" width=\"321\">Ekran g\u00f6r\u00fcnt\u00fcleri - her 15 dakikada bir minimum aral\u0131k<br \/>\n(saat ba\u015f\u0131na en fazla 4).<\/td>\n<td style=\"width: 48.9917%; height: 62px;\" width=\"321\">Ekran g\u00f6r\u00fcnt\u00fcleri - minimum 30 saniye aral\u0131kla<br \/>\n(saatte 120'ye kadar).<\/td>\n<\/tr>\n<tr style=\"height: 71px;\">\n<td style=\"width: 50.7001%; height: 71px;\" width=\"321\">Gizlilik modu yok.<\/td>\n<td style=\"width: 48.9917%; height: 71px;\" width=\"321\">\u0130ki \u00e7al\u0131\u015fma modu. Arac\u0131 uygulamas\u0131n\u0131n y\u00fckleyici d\u00fczeyinde veya y\u00fcklemeden sonra arac\u0131 uygulama ayarlar\u0131nda tam olarak gizlenmesi.<\/td>\n<\/tr>\n<tr style=\"height: 47px;\">\n<td style=\"width: 50.7001%; height: 47px;\" width=\"321\">Hesap ba\u015f\u0131na en fazla 2 izlenen bilgisayar.<\/td>\n<td style=\"width: 48.9917%; height: 47px;\" width=\"321\">Hesap ba\u015f\u0131na 500 adede kadar izlenen bilgisayar.<\/td>\n<\/tr>\n<tr style=\"height: 143px;\">\n<td style=\"width: 50.7001%; height: 82px;\" width=\"321\">Veri saklama s\u00fcresi 3 g\u00fcn.<\/td>\n<td style=\"width: 48.9917%; height: 82px;\" width=\"321\">Verilerin 180 g\u00fcne kadar saklanmas\u0131.<br \/>\n30-180 g\u00fcn aras\u0131nda farkl\u0131 plan se\u00e7enekleri, hizmeti ki\u015fiselle\u015ftirme ve s\u00fcreyi standart olmayan bir de\u011fere uzatma imkan\u0131.<\/td>\n<\/tr>\n<tr style=\"height: 143px;\">\n<td style=\"width: 50.7001%; height: 82px;\" width=\"321\">Hesap en fazla 3 ay boyunca ge\u00e7erlidir.<\/td>\n<td style=\"width: 48.9917%; height: 82px;\" width=\"321\">Hesap ge\u00e7erlili\u011fi veya faaliyeti konusunda s\u0131n\u0131rlama yoktur.<\/td>\n<\/tr>\n<\/tbody>\n<\/table>\n<p>&nbsp;<\/p>\n<h2 style=\"text-align: center;\">Desteklenen i\u015fletim sistemleri:<\/h2>\n<p style=\"text-align: center;\"><strong>Windows 11, <\/strong><strong>Windows 10,<br \/>\n<\/strong><strong>Windows 8.1,\u00a0<\/strong><strong>Windows 7,\u00a0 <\/strong><strong>Windows Vista\u00a0<\/strong><\/p>\n<p style=\"text-align: center;\"><strong>\u00a0<\/strong><\/p>","protected":false},"excerpt":{"rendered":"<p>Keyturion \u00dccretsiz vs Keyturion PRO. \u00dccretsiz s\u00fcr\u00fcm\u00fcn s\u0131n\u0131rlamalar\u0131.   KeyTurion Free KeyTurion PRO Ekran G\u00f6r\u00fcnt\u00fcleri - minimum 15 dakikada bir aral\u0131k (saatte 4'e kadar). Ekran g\u00f6r\u00fcnt\u00fcleri - minimum 30 saniyelik aral\u0131k (saatte 120'ye kadar). Gizli mod yok. \u0130ki \u00e7al\u0131\u015fma modu. Arac\u0131 uygulamas\u0131n\u0131n y\u00fckleyicide tam olarak gizlenmesi [...]<\/p>","protected":false},"author":2,"featured_media":0,"parent":0,"menu_order":0,"comment_status":"closed","ping_status":"closed","template":"page-produkty2.php","meta":{"footnotes":""},"class_list":["post-1017","page","type-page","status-publish","hentry"],"acf":[],"_links":{"self":[{"href":"https:\/\/www.keyturion.com\/tr\/wp-json\/wp\/v2\/pages\/1017","targetHints":{"allow":["GET"]}}],"collection":[{"href":"https:\/\/www.keyturion.com\/tr\/wp-json\/wp\/v2\/pages"}],"about":[{"href":"https:\/\/www.keyturion.com\/tr\/wp-json\/wp\/v2\/types\/page"}],"author":[{"embeddable":true,"href":"https:\/\/www.keyturion.com\/tr\/wp-json\/wp\/v2\/users\/2"}],"replies":[{"embeddable":true,"href":"https:\/\/www.keyturion.com\/tr\/wp-json\/wp\/v2\/comments?post=1017"}],"version-history":[{"count":6,"href":"https:\/\/www.keyturion.com\/tr\/wp-json\/wp\/v2\/pages\/1017\/revisions"}],"predecessor-version":[{"id":1023,"href":"https:\/\/www.keyturion.com\/tr\/wp-json\/wp\/v2\/pages\/1017\/revisions\/1023"}],"wp:attachment":[{"href":"https:\/\/www.keyturion.com\/tr\/wp-json\/wp\/v2\/media?parent=1017"}],"curies":[{"name":"wp","href":"https:\/\/api.w.org\/{rel}","templated":true}]}}