{"id":767,"date":"2021-03-09T18:22:04","date_gmt":"2021-03-09T17:22:04","guid":{"rendered":"https:\/\/keyturion.com\/?page_id=767"},"modified":"2025-12-08T10:21:14","modified_gmt":"2025-12-08T09:21:14","slug":"printed-document-tracking","status":"publish","type":"page","link":"https:\/\/www.keyturion.com\/ro\/caracteristici-2\/urmarirea-documentelor-tiparite\/","title":{"rendered":"Urm\u0103rirea documentelor tip\u0103rite"},"content":{"rendered":"<h2>Monitorizarea activit\u0103\u021bii imprimantei | Urm\u0103ri\u021bi \u0219i \u00eenregistra\u021bi toate documentele tip\u0103rite<\/h2>\n<p>O caracteristic\u0103 major\u0103 care lipse\u0219te \u00een multe <a href=\"https:\/\/www.keyturion.com\/ro\/monitorizare-computerizata\/\" target=\"_blank\" rel=\"noopener\">instrumente de monitorizare a computerului<\/a> este capacitatea de a urm\u0103ri \u0219i \u00eenregistra \u00een mod cuprinz\u0103tor toate materialele tip\u0103rite.<br \/>\nDoar urm\u0103rirea USB nu este suficient\u0103 - datele sensibile pot p\u0103r\u0103si la fel de u\u0219or un sistem securizat prin intermediul unei imprimante.<br \/>\nKeyturion acoper\u0103 aceast\u0103 lacun\u0103 de securitate prin crearea unui jurnal complet, cu \u0219tampil\u0103 de timp, de fiecare dat\u0103 c\u00e2nd un utilizator \u00eencearc\u0103 s\u0103 imprime de pe un computer Windows monitorizat.<\/p>\n<p>Fiecare cerere de imprimare este \u00eenregistrat\u0103 meticulos \u00eentr-o baz\u0103 de date securizat\u0103, permi\u021b\u00e2ndu-v\u0103 s\u0103 revizui\u021bi, s\u0103 filtra\u021bi \u0219i s\u0103 analiza\u021bi activitatea de imprimare ori de c\u00e2te ori este necesar.<br \/>\nAcest lucru face din Keyturion un instrument nepre\u021buit <a href=\"https:\/\/www.keyturion.com\/ro\/\" target=\"_blank\" rel=\"noopener\">solu\u021bie software de monitorizare<\/a> pentru men\u021binerea conformit\u0103\u021bii cu reglement\u0103rile privind confiden\u021bialitatea, trecerea auditurilor de securitate \u0219i protejarea informa\u021biilor confiden\u021biale \u00een industriile \u00een care securitatea datelor este esen\u021bial\u0103.<\/p>\n<h2><strong>Toate cererile de imprimare capturate<\/strong><\/h2>\n<p>Ori de c\u00e2te ori un computer monitorizat trimite o comand\u0103 de imprimare, Keyturion \u00eenregistreaz\u0103 exact ce a fost imprimat \u0219i c\u00e2nd a fost imprimat.<br \/>\nAcest lucru ofer\u0103 dou\u0103 informa\u021bii esen\u021biale pentru a v\u0103 ajuta s\u0103 urm\u0103ri\u021bi \u0219i s\u0103 controla\u021bi scurgerile de date fizice.<br \/>\n\u00cen timp, ve\u021bi avea o \u00eenregistrare complet\u0103, care poate fi c\u0103utat\u0103, a tuturor cererilor de imprimare f\u0103cute de orice utilizator - oferindu-v\u0103 o supraveghere complet\u0103 a materialelor poten\u021bial sensibile care p\u0103r\u0103sesc organiza\u021bia dvs. pe suport de h\u00e2rtie.<\/p>\n<h2><strong>\u00cenregistrare detaliat\u0103 a imprim\u0103rii pentru securitate maxim\u0103<\/strong><\/h2>\n<p>Urm\u0103rirea imprim\u0103rilor de la Keyturion merge mult mai departe dec\u00e2t simpla \u00eenregistrare a numelui fi\u0219ierului \u0219i a orei.<br \/>\nFiecare sarcin\u0103 de imprimare este \u00eenregistrat\u0103 cu detalii complete, inclusiv:<\/p>\n<ul>\n<li>Data \u0219i ora imprim\u0103rii<\/li>\n<li>Imprimant\u0103 utilizat\u0103<\/li>\n<li>Numele documentului\/fi\u0219ierului<\/li>\n<li>Numele de utilizator al persoanei care a imprimat<\/li>\n<li>Num\u0103rul de exemplare tip\u0103rite<\/li>\n<li>Pagini specifice tip\u0103rite<\/li>\n<\/ul>\n<p>Acest nivel de detaliu v\u0103 ofer\u0103 un control complet asupra activit\u0103\u021bii de imprimare.<br \/>\nDe exemplu, dac\u0103 informa\u021bii confiden\u021biale despre clien\u021bi apar \u00een afara organiza\u021biei dvs., pute\u021bi identifica utilizatorul exact care le-a tip\u0103rit, c\u00e2nd s-a \u00eent\u00e2mplat, c\u00e2te copii a f\u0103cut \u0219i ce pagini au fost implicate.<br \/>\n\u00cenarmat cu aceste date, pute\u021bi ac\u021biona rapid pentru a limita \u00eenc\u0103lcarea, pentru a v\u0103 proteja clien\u021bii \u0219i pentru a v\u0103 proteja reputa\u021bia afacerii.<\/p>\n<p>&nbsp;<\/p>","protected":false},"excerpt":{"rendered":"<p>Printer Activity Monitoring | Track and Log All Printed Documents One major feature missing in many computer monitoring tools is the ability to comprehensively track and log all printed materials. USB tracking alone is not enough \u2014 sensitive data can just as easily leave a secure system via a printer. Keyturion closes this security gap [&hellip;]<\/p>","protected":false},"author":2,"featured_media":570,"parent":751,"menu_order":0,"comment_status":"closed","ping_status":"closed","template":"page-feature.php","meta":{"footnotes":""},"class_list":["post-767","page","type-page","status-publish","has-post-thumbnail","hentry"],"acf":[],"_links":{"self":[{"href":"https:\/\/www.keyturion.com\/ro\/wp-json\/wp\/v2\/pages\/767","targetHints":{"allow":["GET"]}}],"collection":[{"href":"https:\/\/www.keyturion.com\/ro\/wp-json\/wp\/v2\/pages"}],"about":[{"href":"https:\/\/www.keyturion.com\/ro\/wp-json\/wp\/v2\/types\/page"}],"author":[{"embeddable":true,"href":"https:\/\/www.keyturion.com\/ro\/wp-json\/wp\/v2\/users\/2"}],"replies":[{"embeddable":true,"href":"https:\/\/www.keyturion.com\/ro\/wp-json\/wp\/v2\/comments?post=767"}],"version-history":[{"count":11,"href":"https:\/\/www.keyturion.com\/ro\/wp-json\/wp\/v2\/pages\/767\/revisions"}],"predecessor-version":[{"id":1476,"href":"https:\/\/www.keyturion.com\/ro\/wp-json\/wp\/v2\/pages\/767\/revisions\/1476"}],"up":[{"embeddable":true,"href":"https:\/\/www.keyturion.com\/ro\/wp-json\/wp\/v2\/pages\/751"}],"wp:featuredmedia":[{"embeddable":true,"href":"https:\/\/www.keyturion.com\/ro\/wp-json\/wp\/v2\/media\/570"}],"wp:attachment":[{"href":"https:\/\/www.keyturion.com\/ro\/wp-json\/wp\/v2\/media?parent=767"}],"curies":[{"name":"wp","href":"https:\/\/api.w.org\/{rel}","templated":true}]}}