{"id":765,"date":"2021-03-09T18:21:10","date_gmt":"2021-03-09T17:21:10","guid":{"rendered":"https:\/\/keyturion.com\/?page_id=765"},"modified":"2025-12-08T10:17:38","modified_gmt":"2025-12-08T09:17:38","slug":"file-folder-monitoring","status":"publish","type":"page","link":"https:\/\/www.keyturion.com\/ro\/caracteristici-2\/file-folder-monitoring\/","title":{"rendered":"Monitorizarea fi\u0219ierelor \u0219i a dosarelor"},"content":{"rendered":"<h2>Monitorizarea fi\u0219ierelor | Urm\u0103ri\u021bi modific\u0103rile din foldere \u0219i directoare \u00een Windows<\/h2>\n<p>Keyturion include un puternic <strong>sistem de monitorizare a fi\u0219ierelor \u0219i dosarelor<\/strong> care arat\u0103 exact cum interac\u021bioneaz\u0103 utilizatorii cu datele pe un computer Windows.<br \/>\nPentru organiza\u021biile care gestioneaz\u0103 informa\u021bii extrem de sensibile, protejarea fi\u0219ierelor \u00eempotriva accesului sau elimin\u0103rii neautorizate este esen\u021bial\u0103.<br \/>\nCu Keyturion, pute\u021bi vedea exact ce modific\u0103ri au fost efectuate, c\u00e2nd au avut loc, cum s-au produs \u0219i dac\u0103 au fost copiate date sensibile pe un dispozitiv de stocare extern.<br \/>\nAcest lucru asigur\u0103 o vizibilitate complet\u0103 asupra \u00eentregii activit\u0103\u021bi a fi\u0219ierelor \u0219i contribuie la protejarea informa\u021biilor confiden\u021biale.<\/p>\n<h2><strong>Sorta\u021bi \u0219i analiza\u021bi modific\u0103rile recente<\/strong><\/h2>\n<p>Software-ul nostru de monitorizare v\u0103 permite s\u0103 analiza\u021bi activitatea din anumite foldere, ar\u0103t\u00e2nd ce a fost modificat \u0219i ora exact\u0103 a modific\u0103rii.<br \/>\nAceast\u0103 caracteristic\u0103 este esen\u021bial\u0103 pentru orice afacere care pune pre\u021b pe integritatea \u0219i securitatea datelor.<br \/>\n\u0218tiind exact c\u00e2nd \u0219i cum au fost modificate fi\u0219ierele, ve\u021bi ob\u021bine o \u00een\u021belegere mai clar\u0103 a ac\u021biunilor utilizatorilor - ceea ce va facilita detectarea comportamentelor suspecte \u0219i prevenirea poten\u021bialelor \u00eenc\u0103lc\u0103ri.<\/p>\n<h2><strong>Monitorizarea dispozitivelor USB<\/strong><\/h2>\n<p><strong>Urm\u0103ri\u021bi de fiecare dat\u0103 c\u00e2nd un dispozitiv de stocare USB extern sau o unitate flash este conectat\u0103 la computerul Windows.<\/strong><br \/>\nUnit\u0103\u021bile externe pot reprezenta un risc serios pentru securitatea datelor, deoarece fi\u0219ierele pot fi u\u0219or copiate sau introduse \u00een sistemul dvs. f\u0103r\u0103 autoriza\u021bie.<br \/>\nKeyturion \u00eenregistreaz\u0103 informa\u021bii detaliate despre fiecare dispozitiv conectat, inclusiv un inventar complet al fi\u0219ierelor stocate pe acesta.<br \/>\nCu aceast\u0103 perspectiv\u0103, pute\u021bi determina rapid dac\u0103 un dispozitiv USB reprezint\u0103 o amenin\u021bare la adresa securit\u0103\u021bii - indiferent dac\u0103 ac\u021biunea a fost inten\u021bionat\u0103 sau accidental\u0103.<\/p>\n<h2><strong>Fi\u0219iere de urm\u0103rire copiate \u00een memoria extern\u0103<\/strong><\/h2>\n<p>Datele sensibile necesit\u0103 un control strict.<br \/>\n<a href=\"https:\/\/www.keyturion.com\/ro\/\" target=\"_blank\" rel=\"noopener\">Software de monitorizare Keyturion<\/a> ofer\u0103 exact acest lucru prin <strong>urm\u0103rirea fiec\u0103rui fi\u0219ier copiat pe o unitate extern\u0103<\/strong>.<br \/>\nVe\u021bi \u0219ti exact ce fi\u0219iere v-au p\u0103r\u0103sit <a href=\"https:\/\/www.keyturion.com\/ro\/monitorizare-computerizata\/\" target=\"_blank\" rel=\"noopener\">Computer monitorizat bazat pe Windows<\/a>, permi\u021b\u00e2ndu-v\u0103 s\u0103 preveni\u021bi scurgerile de date \u0219i s\u0103 asigura\u021bi conformitatea cu politicile interne de securitate.<\/p>\n<p>&nbsp;<\/p>","protected":false},"excerpt":{"rendered":"<p>Monitorizarea fi\u0219ierelor | Urm\u0103ri\u021bi modific\u0103rile de foldere \u0219i directoare \u00een Windows Keyturion include un sistem puternic de monitorizare a fi\u0219ierelor \u0219i folderelor care arat\u0103 exact modul \u00een care utilizatorii interac\u021bioneaz\u0103 cu datele de pe un computer Windows. Pentru organiza\u021biile care gestioneaz\u0103 informa\u021bii extrem de sensibile, protejarea fi\u0219ierelor \u00eempotriva accesului neautorizat sau a \u0219tergerii este esen\u021bial\u0103. Cu Keyturion, pute\u021bi vedea exact ce modific\u0103ri au fost [...]<\/p>","protected":false},"author":2,"featured_media":212,"parent":751,"menu_order":0,"comment_status":"closed","ping_status":"closed","template":"page-feature.php","meta":{"footnotes":""},"class_list":["post-765","page","type-page","status-publish","has-post-thumbnail","hentry"],"acf":[],"_links":{"self":[{"href":"https:\/\/www.keyturion.com\/ro\/wp-json\/wp\/v2\/pages\/765","targetHints":{"allow":["GET"]}}],"collection":[{"href":"https:\/\/www.keyturion.com\/ro\/wp-json\/wp\/v2\/pages"}],"about":[{"href":"https:\/\/www.keyturion.com\/ro\/wp-json\/wp\/v2\/types\/page"}],"author":[{"embeddable":true,"href":"https:\/\/www.keyturion.com\/ro\/wp-json\/wp\/v2\/users\/2"}],"replies":[{"embeddable":true,"href":"https:\/\/www.keyturion.com\/ro\/wp-json\/wp\/v2\/comments?post=765"}],"version-history":[{"count":21,"href":"https:\/\/www.keyturion.com\/ro\/wp-json\/wp\/v2\/pages\/765\/revisions"}],"predecessor-version":[{"id":1474,"href":"https:\/\/www.keyturion.com\/ro\/wp-json\/wp\/v2\/pages\/765\/revisions\/1474"}],"up":[{"embeddable":true,"href":"https:\/\/www.keyturion.com\/ro\/wp-json\/wp\/v2\/pages\/751"}],"wp:featuredmedia":[{"embeddable":true,"href":"https:\/\/www.keyturion.com\/ro\/wp-json\/wp\/v2\/media\/212"}],"wp:attachment":[{"href":"https:\/\/www.keyturion.com\/ro\/wp-json\/wp\/v2\/media?parent=765"}],"curies":[{"name":"wp","href":"https:\/\/api.w.org\/{rel}","templated":true}]}}