{"id":763,"date":"2021-03-09T18:20:13","date_gmt":"2021-03-09T17:20:13","guid":{"rendered":"https:\/\/keyturion.com\/?page_id=763"},"modified":"2025-12-08T10:14:04","modified_gmt":"2025-12-08T09:14:04","slug":"applications-time-tracking","status":"publish","type":"page","link":"https:\/\/www.keyturion.com\/ro\/caracteristici-2\/aplicatii-de-urmarire-a-timpului-2\/","title":{"rendered":"Aplica\u021bii Urm\u0103rirea timpului"},"content":{"rendered":"<p>Keyturion <a href=\"https:\/\/www.keyturion.com\/ro\/pro\/\" target=\"_blank\" rel=\"noopener\">software de monitorizare pentru Windows<\/a> este o solu\u021bie avansat\u0103 care v\u0103 permite <strong>urm\u0103ri\u021bi \u00een detaliu utilizarea aplica\u021biilor<\/strong>. Acesta arat\u0103 exact c\u00e2nd un utilizator lanseaz\u0103 un program \u0219i c\u00e2t timp \u00eel utilizeaz\u0103 activ.<br \/>\nAcest lucru este esen\u021bial pentru \u00een\u021belegerea modelelor de productivitate - \u00een special \u00een mediile de afaceri \u00een care timpul are un impact direct asupra rezultatelor. Dac\u0103 un angajat petrece o cantitate neobi\u0219nuit\u0103 de timp \u00eentr-o anumit\u0103 aplica\u021bie, f\u0103r\u0103 a furniza rezultatele a\u0219teptate, Keyturion v\u0103 ofer\u0103 informa\u021bii pentru a afla de ce.<\/p>\n<h2><strong>Urm\u0103rirea \u0219i sortarea exact\u0103 a duratei<\/strong><\/h2>\n<p>Una dintre cele mai puternice caracteristici ale Keyturion este capacitatea de a <strong>s\u0103 monitorizeze c\u00e2t timp este utilizat\u0103 fiecare aplica\u021bie<\/strong> \u00een sistemul de operare Windows.<br \/>\nCa un full-featured <a href=\"https:\/\/www.keyturion.com\/ro\/software-de-monitorizare-a-angajatilor\/\" target=\"_blank\" rel=\"noopener\">software de monitorizare a angaja\u021bilor<\/a>, instrument de control parental \u0219i sistem discret de supraveghere a PC-ului, acesta \u00eenregistreaz\u0103 fiecare program lansat \u00eempreun\u0103 cu timpul s\u0103u precis de utilizare.<\/p>\n<p>Pute\u021bi compara alocarea zilnic\u0103 de timp \u00eentre mai multe aplica\u021bii, pute\u021bi identifica comportamente neobi\u0219nuite \u0219i pute\u021bi detecta dac\u0103 un anumit software devine o \"pierdere de timp\".<br \/>\nDin perspectiva productivit\u0103\u021bii, aceste informa\u021bii ajut\u0103 managerii s\u0103 identifice ineficien\u021bele, s\u0103 optimizeze fluxurile de lucru \u0219i s\u0103 \u00eembun\u0103t\u0103\u021beasc\u0103 performan\u021ba echipei.<\/p>\n<p>Func\u021bia de statistici avansate permite o analiz\u0103 mai aprofundat\u0103 - arat\u0103 nu numai timpul total petrecut \u00eentr-un program, ci \u0219i <strong>raportul dintre timpul activ \u0219i timpul de inactivitate<\/strong>. \u00cen Keyturion Pro, pute\u021bi compara aceste m\u0103sur\u0103tori \u00eentre diferi\u021bi utilizatori, oferindu-v\u0103 o imagine de ansamblu complet\u0103 a performan\u021bei \u00een \u00eentreaga organiza\u021bie.<\/p>\n<h2><strong>Alerte personalizate \u0219i monitorizarea aplica\u021biilor<\/strong><\/h2>\n<p>Cu Keyturion, pute\u021bi configura <strong>alerte \u00een timp real<\/strong> pentru utilizarea anumitor aplica\u021bii. Ori de c\u00e2te ori este lansat un program monitorizat, software-ul v\u0103 poate trimite o notificare instantanee prin e-mail \u0219i poate \u00eencepe automat s\u0103 captureze capturi de ecran ale activit\u0103\u021bii utilizatorului.<\/p>\n<p>Acest lucru este ideal pentru monitorizarea software-ului sensibil sau poten\u021bial utilizat gre\u0219it. \u00cen momentul \u00een care o aplica\u021bie marcat\u0103 este deschis\u0103, Keyturion \u00eencepe s\u0103 documenteze exact ceea ce face utilizatorul, oferindu-v\u0103 informa\u021bii imediate, care pot fi utilizate.<br \/>\nFie pentru securitatea corporativ\u0103, conformitate sau controlul productivit\u0103\u021bii, acest sistem de alert\u0103 v\u0103 asigur\u0103 c\u0103 sunte\u021bi \u00eentotdeauna cu un pas \u00eenainte.<\/p>","protected":false},"excerpt":{"rendered":"<p>Keyturion monitoring software for Windows is an advanced solution that lets you track application usage in detail. It shows exactly when a user launches a program and how long they actively use it. This is critical for understanding productivity patterns \u2014 especially in business environments where time directly impacts results. If an employee spends an [&hellip;]<\/p>","protected":false},"author":2,"featured_media":128,"parent":751,"menu_order":0,"comment_status":"closed","ping_status":"closed","template":"page-feature.php","meta":{"footnotes":""},"class_list":["post-763","page","type-page","status-publish","has-post-thumbnail","hentry"],"acf":[],"_links":{"self":[{"href":"https:\/\/www.keyturion.com\/ro\/wp-json\/wp\/v2\/pages\/763","targetHints":{"allow":["GET"]}}],"collection":[{"href":"https:\/\/www.keyturion.com\/ro\/wp-json\/wp\/v2\/pages"}],"about":[{"href":"https:\/\/www.keyturion.com\/ro\/wp-json\/wp\/v2\/types\/page"}],"author":[{"embeddable":true,"href":"https:\/\/www.keyturion.com\/ro\/wp-json\/wp\/v2\/users\/2"}],"replies":[{"embeddable":true,"href":"https:\/\/www.keyturion.com\/ro\/wp-json\/wp\/v2\/comments?post=763"}],"version-history":[{"count":15,"href":"https:\/\/www.keyturion.com\/ro\/wp-json\/wp\/v2\/pages\/763\/revisions"}],"predecessor-version":[{"id":1472,"href":"https:\/\/www.keyturion.com\/ro\/wp-json\/wp\/v2\/pages\/763\/revisions\/1472"}],"up":[{"embeddable":true,"href":"https:\/\/www.keyturion.com\/ro\/wp-json\/wp\/v2\/pages\/751"}],"wp:featuredmedia":[{"embeddable":true,"href":"https:\/\/www.keyturion.com\/ro\/wp-json\/wp\/v2\/media\/128"}],"wp:attachment":[{"href":"https:\/\/www.keyturion.com\/ro\/wp-json\/wp\/v2\/media?parent=763"}],"curies":[{"name":"wp","href":"https:\/\/api.w.org\/{rel}","templated":true}]}}