{"id":761,"date":"2021-03-09T18:19:28","date_gmt":"2021-03-09T17:19:28","guid":{"rendered":"https:\/\/keyturion.com\/?page_id=761"},"modified":"2025-12-08T10:23:55","modified_gmt":"2025-12-08T09:23:55","slug":"visited-websites-monitoring","status":"publish","type":"page","link":"https:\/\/www.keyturion.com\/ro\/caracteristici-2\/site-uri-vizitate-monitorizare-2\/","title":{"rendered":"Monitorizarea site-urilor vizitate"},"content":{"rendered":"<h2>Istoric de navigare<\/h2>\n<p>Monitorizarea utiliz\u0103rii web este o caracteristic\u0103 cheie a sistemelor moderne de <a href=\"https:\/\/www.keyturion.com\/ro\/\" target=\"_blank\" rel=\"noopener\">software de monitorizare a computerului<\/a>. Keyturion urm\u0103re\u0219te fiecare site web vizitat, indiferent de modul \u00een care a fost accesat - ocolind proxy-urile, modul privat, comenzile rapide sau clicurile din istoricul browserului.<\/p>\n<h2>Urm\u0103rirea site-urilor vizitate \u00een modul privat<\/h2>\n<p>Majoritatea browserelor ofer\u0103 \"Modul privat\" pentru a ascunde site-urile vizitate, istoricul c\u0103ut\u0103rilor \u0219i cookie-urile. Keyturion dep\u0103\u0219e\u0219te aceast\u0103 limitare, \u00eenregistr\u00e2nd URL-urile chiar \u0219i \u00een modul privat sau incognito - asigur\u00e2ndu-v\u0103 c\u0103 vede\u021bi toat\u0103 activitatea, chiar \u0219i atunci c\u00e2nd utilizatorii \u00eencearc\u0103 s\u0103 \u00ee\u0219i acopere urmele.<\/p>\n<h2>Urm\u0103rire URL<\/h2>\n<p>Keyturion \u00eenregistreaz\u0103 URL-urile vizitate, indiferent dac\u0103 au fost tastate manual, deschise din marcaje sau lansate prin intermediul comenzilor rapide. Acest lucru elimin\u0103 orice porti\u021b\u0103 pentru accesarea site-urilor web neautorizate, inclusiv vizitele ini\u021biate din autocompletare.<\/p>\n<h2>Alerte declan\u0219ate de site-ul web<\/h2>\n<p>Seta\u021bi alerte pentru site-uri web sau URL-uri specifice pe care dori\u021bi s\u0103 le bloca\u021bi sau s\u0103 le urm\u0103ri\u021bi. Primi\u021bi notific\u0103ri instantanee prin e-mail sau declan\u0219a\u021bi capturi de ecran automate \u00een momentul \u00een care o regul\u0103 este \u00eenc\u0103lcat\u0103. Acest lucru este util pentru companiile care aplic\u0103 politici de utilizare acceptabil\u0103 \u0219i pentru p\u0103rin\u021bii care se asigur\u0103 c\u0103 copiii evit\u0103 site-urile nepotrivite.<\/p>","protected":false},"excerpt":{"rendered":"<p>Browsing History Monitoring web usage is a key feature of modern computer monitoring software. Keyturion tracks every website visited, regardless of how it was accessed \u2014 bypassing proxies, private mode, shortcuts, or browser history clicks. Visited Website Tracking in Private Mode Most browsers offer \u201cPrivate Mode\u201d to hide visited sites, search history, and cookies. Keyturion [&hellip;]<\/p>","protected":false},"author":2,"featured_media":127,"parent":751,"menu_order":0,"comment_status":"closed","ping_status":"closed","template":"page-feature.php","meta":{"footnotes":""},"class_list":["post-761","page","type-page","status-publish","has-post-thumbnail","hentry"],"acf":[],"_links":{"self":[{"href":"https:\/\/www.keyturion.com\/ro\/wp-json\/wp\/v2\/pages\/761","targetHints":{"allow":["GET"]}}],"collection":[{"href":"https:\/\/www.keyturion.com\/ro\/wp-json\/wp\/v2\/pages"}],"about":[{"href":"https:\/\/www.keyturion.com\/ro\/wp-json\/wp\/v2\/types\/page"}],"author":[{"embeddable":true,"href":"https:\/\/www.keyturion.com\/ro\/wp-json\/wp\/v2\/users\/2"}],"replies":[{"embeddable":true,"href":"https:\/\/www.keyturion.com\/ro\/wp-json\/wp\/v2\/comments?post=761"}],"version-history":[{"count":13,"href":"https:\/\/www.keyturion.com\/ro\/wp-json\/wp\/v2\/pages\/761\/revisions"}],"predecessor-version":[{"id":1478,"href":"https:\/\/www.keyturion.com\/ro\/wp-json\/wp\/v2\/pages\/761\/revisions\/1478"}],"up":[{"embeddable":true,"href":"https:\/\/www.keyturion.com\/ro\/wp-json\/wp\/v2\/pages\/751"}],"wp:featuredmedia":[{"embeddable":true,"href":"https:\/\/www.keyturion.com\/ro\/wp-json\/wp\/v2\/media\/127"}],"wp:attachment":[{"href":"https:\/\/www.keyturion.com\/ro\/wp-json\/wp\/v2\/media?parent=761"}],"curies":[{"name":"wp","href":"https:\/\/api.w.org\/{rel}","templated":true}]}}