{"id":757,"date":"2021-03-09T18:17:14","date_gmt":"2021-03-09T17:17:14","guid":{"rendered":"https:\/\/keyturion.com\/?page_id=757"},"modified":"2025-12-08T10:22:24","modified_gmt":"2025-12-08T09:22:24","slug":"screenshots-monitoring","status":"publish","type":"page","link":"https:\/\/www.keyturion.com\/ro\/caracteristici-2\/capturi-de-ecran-monitorizare\/","title":{"rendered":"Captur\u0103 de ecran - Capturi de ecran"},"content":{"rendered":"<p>A fi capabil s\u0103 vezi exact ce face un utilizator este esen\u021bial pentru orice <a href=\"https:\/\/www.keyturion.com\/ro\/\" target=\"_blank\" rel=\"noopener\">software eficient de monitorizare a computerului<\/a>. Sistemul inteligent de captur\u0103 de ecran de la Keyturion ofer\u0103 o captur\u0103 de ecran precis\u0103, f\u0103r\u0103 resurse \u0219i ascuns\u0103, indiferent de aplica\u021bia utilizat\u0103.<\/p>\n<h3>Regla\u021bi frecven\u021ba de capturare a ecranului<\/h3>\n<p>Seta\u021bi frecven\u021ba la care se fac capturi de ecran - la fiecare minut, or\u0103 sau orice interval pe care \u00eel alege\u021bi. Cre\u0219te\u021bi frecven\u021ba dac\u0103 suspecta\u021bi o activitate scurt\u0103, neautorizat\u0103. Capturile de ecran v\u0103 pot fi trimise direct pentru confirmare imediat\u0103.<\/p>\n<h3>Alerte personalizate<\/h3>\n<p>Defini\u021bi evenimentele care declan\u0219eaz\u0103 o captur\u0103 de ecran \u0219i o alert\u0103 - cum ar fi cuvinte specifice tastate, programe lansate, site-uri web vizitate sau date din clipboard copiate. \u00cen acest fel, sunte\u021bi notificat numai atunci c\u00e2nd regulile sunt \u00eenc\u0103lcate, reduc\u00e2nd nevoia de monitorizare constant\u0103 \u0219i men\u021bin\u00e2nd confiden\u021bialitatea utilizatorului.<\/p>\n<h3>Sistem inteligent de captur\u0103 de ecran<\/h3>\n<p>Gestiona\u021bi cu u\u0219urin\u021b\u0103 un num\u0103r mare de capturi de ecran prin sortarea \u0219i filtrarea acestora pentru a g\u0103si rapid cele mai relevante informa\u021bii.<\/p>\n<p>&nbsp;<\/p>","protected":false},"excerpt":{"rendered":"<p>Being able to see exactly what a user is doing is key to any effective computer monitoring software. Keyturion\u2019s Intelligent Screenshot System offers precise, resource-friendly, and covert screen capture, regardless of the application in use. Adjust Frequency of Screen Capture Set how often screenshots are taken \u2014 every minute, hour, or any interval you choose. [&hellip;]<\/p>","protected":false},"author":2,"featured_media":126,"parent":751,"menu_order":0,"comment_status":"closed","ping_status":"closed","template":"page-feature.php","meta":{"footnotes":""},"class_list":["post-757","page","type-page","status-publish","has-post-thumbnail","hentry"],"acf":[],"_links":{"self":[{"href":"https:\/\/www.keyturion.com\/ro\/wp-json\/wp\/v2\/pages\/757","targetHints":{"allow":["GET"]}}],"collection":[{"href":"https:\/\/www.keyturion.com\/ro\/wp-json\/wp\/v2\/pages"}],"about":[{"href":"https:\/\/www.keyturion.com\/ro\/wp-json\/wp\/v2\/types\/page"}],"author":[{"embeddable":true,"href":"https:\/\/www.keyturion.com\/ro\/wp-json\/wp\/v2\/users\/2"}],"replies":[{"embeddable":true,"href":"https:\/\/www.keyturion.com\/ro\/wp-json\/wp\/v2\/comments?post=757"}],"version-history":[{"count":14,"href":"https:\/\/www.keyturion.com\/ro\/wp-json\/wp\/v2\/pages\/757\/revisions"}],"predecessor-version":[{"id":1477,"href":"https:\/\/www.keyturion.com\/ro\/wp-json\/wp\/v2\/pages\/757\/revisions\/1477"}],"up":[{"embeddable":true,"href":"https:\/\/www.keyturion.com\/ro\/wp-json\/wp\/v2\/pages\/751"}],"wp:featuredmedia":[{"embeddable":true,"href":"https:\/\/www.keyturion.com\/ro\/wp-json\/wp\/v2\/media\/126"}],"wp:attachment":[{"href":"https:\/\/www.keyturion.com\/ro\/wp-json\/wp\/v2\/media?parent=757"}],"curies":[{"name":"wp","href":"https:\/\/api.w.org\/{rel}","templated":true}]}}