{"id":753,"date":"2021-03-09T17:30:18","date_gmt":"2021-03-09T16:30:18","guid":{"rendered":"https:\/\/keyturion.com\/?page_id=753"},"modified":"2025-12-08T10:19:17","modified_gmt":"2025-12-08T09:19:17","slug":"keylogger","status":"publish","type":"page","link":"https:\/\/www.keyturion.com\/ro\/caracteristici-2\/keylogger\/","title":{"rendered":"Keylogger"},"content":{"rendered":"<h2>Ce face Keyturion Keylogger diferit?<\/h2>\n<p><a href=\"https:\/\/www.keyturion.com\/ro\/\" target=\"_blank\" rel=\"noopener\">Keyturion<\/a> dep\u0103\u0219e\u0219te a\u0219tept\u0103rile unui software robust de keylogging pentru Windows. Folosind tehnologia noastr\u0103 proprie de monitorizare inteligent\u0103 a tastelor, ve\u021bi ob\u021bine o \u00een\u021belegere complet\u0103 a fiec\u0103rei ap\u0103s\u0103ri de taste introduse pe computerul dvs.<\/p>\n<h3>Keystroke Logger care men\u021bine formatarea original\u0103<\/h3>\n<p>Unicitatea noastr\u0103 <strong>software de keylogging<\/strong> pentru Windows se asigur\u0103 c\u0103 formatarea original\u0103 a textului tastat este p\u0103strat\u0103 exact a\u0219a cum a fost introdus de utilizator. Aceasta \u00eenseamn\u0103 c\u0103 pute\u021bi vedea fiecare tast\u0103 tastat\u0103 de un utilizator, \u00een formatul exact \u00een care a ap\u0103rut pe computer - f\u0103r\u0103 reformatare sau modific\u0103ri. Ve\u021bi \u0219ti exact ce a fost tastat \u0219i cum a ap\u0103rut.<\/p>\n<h3>Monitorizare configurabil\u0103 \u0219i flexibil\u0103 a tastaturii<\/h3>\n<p><a href=\"https:\/\/www.keyturion.com\/ro\/\" target=\"_blank\" rel=\"noopener\">Software de monitorizare a calculatorului Keyturion<\/a> este un <strong>keylogger extrem de configurabil \u0219i flexibil<\/strong>, concepute pentru a se integra \u00een organiza\u021bia dumneavoastr\u0103, respect\u00e2nd \u00een acela\u0219i timp normele \u0219i legile privind confiden\u021bialitatea.<\/p>\n<p>Dac\u0103 organiza\u021bia dvs. interzice \u00eenregistrarea anumitor date private, pute\u021bi configura Keyturion pentru a capta doar informa\u021bii specifice - cum ar fi utilizarea aplica\u021biilor - ignor\u00e2nd \u00een acela\u0219i timp altele, cum ar fi parolele din browserele web. Acest lucru asigur\u0103 conformitatea cu reglement\u0103rile privind confiden\u021bialitatea, monitoriz\u00e2nd \u00een acela\u0219i timp activitatea relevant\u0103 a angaja\u021bilor.<\/p>\n<p>Set\u0103rile flexibile v\u0103 permit s\u0103 defini\u021bi reguli de excludere de securitate dup\u0103 numele executabilului\/procesului sau dup\u0103 titlul ferestrei aplica\u021biei.<\/p>\n<p>De asemenea, pute\u021bi filtra orice taste extinse care nu sunt relevante pentru datele colectate. De exemplu, dac\u0103 tastele s\u0103geat\u0103 sau tasta backspace interfereaz\u0103 cu interpretarea ac\u021biunilor unui utilizator, Keyturion v\u0103 permite s\u0103 le exclude\u021bi. Pute\u021bi filtra tastele, inclusiv backspace, Alt, Ctrl \u0219i alte taste extinse, oferindu-v\u0103 control deplin asupra datelor prezentate.<\/p>\n<h3>Non-conflict<\/h3>\n<p><strong>Multe keyloggeri e\u0219ueaz\u0103<\/strong> s\u0103 func\u021bioneze perfect cu alte software-uri, provoc\u00e2nd probleme de introducere a tastaturii, \u00eencetiniri ale aplica\u021biilor sau erori care v\u0103 blocheaz\u0103 fluxul de lucru. La proiectarea Keyturion, ne-am asigurat c\u0103 func\u021bioneaz\u0103 f\u0103r\u0103 a intra \u00een conflict cu alte aplica\u021bii Windows.<\/p>\n<p>Aceast\u0103 tehnologie puternic\u0103 func\u021bioneaz\u0103 f\u0103r\u0103 probleme al\u0103turi de toate programele existente, asigur\u00e2nd \u00eenregistrarea tastelor \u00een timp ce utilizatorul este angajat \u00een orice aplica\u021bie.<br \/>\nKeyturion nu numai c\u0103 dezv\u0103luie ce program este deschis, dar arat\u0103 \u0219i exact ce face utilizatorul \u00een cadrul acelui program - oferind informa\u021bii valoroase \u0219i date utile.<\/p>\n<h3>Resurse prietenoase <a href=\"https:\/\/www.keylogger.pl\/\" target=\"_blank\" rel=\"noopener\">Keylogger<\/a> Motor<\/h3>\n<p>Acest instrument de keylogging bogat \u00een func\u021bii este optimizat pentru un impact minim asupra resurselor sistemului. \u00cen timpul rul\u0103rii, efectul s\u0103u asupra performan\u021bei este practic imperceptibil. Acest lucru este esen\u021bial pentru a evita \u00eentreruperile \u0219i pentru a men\u021bine keylogger-ul ascuns.<\/p>\n<p>Dac\u0103 un program nou instalat \u00eencetine\u0219te un computer, utilizatorii pot suspecta prezen\u021ba acestuia. Cu Keyturion <strong><a href=\"https:\/\/www.keyturion.com\/ro\/free-keylogger\/\" target=\"_blank\" rel=\"noopener\">software gratuit pentru keylogger<\/a><\/strong>, acest risc este minimizat. Impactul s\u0103u neglijabil asupra performan\u021bei \u00eei permite s\u0103 ruleze silen\u021bios \u00een fundal, complet neobservat.<\/p>\n<p>&nbsp;<\/p>","protected":false},"excerpt":{"rendered":"<p>What Makes Keyturion Keylogger Different? Keyturion goes beyond the expectations of robust keylogging software for Windows. Using our proprietary intelligent key monitoring technology, you gain a complete understanding of every keystroke entered on your computer. Keystroke Logger That Maintains Original Formatting Our unique keylogging software for Windows ensures that the original formatting of typed text [&hellip;]<\/p>","protected":false},"author":2,"featured_media":122,"parent":751,"menu_order":0,"comment_status":"closed","ping_status":"closed","template":"page-feature.php","meta":{"footnotes":""},"class_list":["post-753","page","type-page","status-publish","has-post-thumbnail","hentry"],"acf":[],"_links":{"self":[{"href":"https:\/\/www.keyturion.com\/ro\/wp-json\/wp\/v2\/pages\/753","targetHints":{"allow":["GET"]}}],"collection":[{"href":"https:\/\/www.keyturion.com\/ro\/wp-json\/wp\/v2\/pages"}],"about":[{"href":"https:\/\/www.keyturion.com\/ro\/wp-json\/wp\/v2\/types\/page"}],"author":[{"embeddable":true,"href":"https:\/\/www.keyturion.com\/ro\/wp-json\/wp\/v2\/users\/2"}],"replies":[{"embeddable":true,"href":"https:\/\/www.keyturion.com\/ro\/wp-json\/wp\/v2\/comments?post=753"}],"version-history":[{"count":20,"href":"https:\/\/www.keyturion.com\/ro\/wp-json\/wp\/v2\/pages\/753\/revisions"}],"predecessor-version":[{"id":1475,"href":"https:\/\/www.keyturion.com\/ro\/wp-json\/wp\/v2\/pages\/753\/revisions\/1475"}],"up":[{"embeddable":true,"href":"https:\/\/www.keyturion.com\/ro\/wp-json\/wp\/v2\/pages\/751"}],"wp:featuredmedia":[{"embeddable":true,"href":"https:\/\/www.keyturion.com\/ro\/wp-json\/wp\/v2\/media\/122"}],"wp:attachment":[{"href":"https:\/\/www.keyturion.com\/ro\/wp-json\/wp\/v2\/media?parent=753"}],"curies":[{"name":"wp","href":"https:\/\/api.w.org\/{rel}","templated":true}]}}