{"id":522,"date":"2019-05-16T11:05:56","date_gmt":"2019-05-16T09:05:56","guid":{"rendered":"https:\/\/keyturion.com\/?page_id=522"},"modified":"2025-08-29T19:41:18","modified_gmt":"2025-08-29T17:41:18","slug":"purchase","status":"publish","type":"page","link":"https:\/\/www.keyturion.com\/ro\/cumparare\/","title":{"rendered":"Achizi\u021bie"},"content":{"rendered":"<h3 class=\"standard\" style=\"text-align: center;\">Informa\u021bii de baz\u0103<\/h3>\n<p>-\ufe0e <strong>Pre\u021burile afi\u0219ate sunt pl\u0103\u021bi unice pentru perioada selectat\u0103 (1, 3 sau 12 luni)<\/strong>. Nu v\u0103 tax\u0103m lunar \u0219i nu exist\u0103 re\u00eennoiri automate sau pl\u0103\u021bi recurente. Tu decizi c\u00e2nd \u0219i dac\u0103 vrei s\u0103 re\u00eennoie\u0219ti - totul este sub controlul t\u0103u!<\/p>\n<p>-\ufe0e <strong>Toate edi\u021biile produselor noastre Keyturion, inclusiv variantele lor, sunt potrivite at\u00e2t pentru mediul de afaceri, c\u00e2t \u0219i pentru cel de acas\u0103<\/strong>. Denumirea \"Personal\" se refer\u0103 la num\u0103rul de licen\u021be, nu la limit\u0103rile de utilizare.<\/p>\n<p>-\ufe0e Pentru achizi\u021biile de 20 sau mai multe dispozitive, este disponibil\u0103 personalizarea complet\u0103. De exemplu, pute\u021bi comanda Keyturion PRO pentru 30 de dispozitive timp de un an, cu o perioad\u0103 de p\u0103strare a datelor de \u0219ase luni. V\u0103 vom oferi o ofert\u0103 personalizat\u0103 pentru acest lucru. V\u0103 rug\u0103m s\u0103 ne contacta\u021bi folosind pagina noastr\u0103 <a href=\"https:\/\/www.keyturion.com\/ro\/contactati-2\/\" target=\"_blank\" rel=\"noopener\">Pagina de contact<\/a>.<\/p>\n<p>&nbsp;<\/p>\n<h3 style=\"text-align: center;\">Achizi\u021bionarea \u0219i licen\u021bierea FAQ<\/h3>\n<h4 style=\"font-size: 18px; color: #005cc3;\">Pot utiliza licen\u021ba existent\u0103 dup\u0103 trecerea la un alt dispozitiv sau sistem de operare?<\/h4>\n<p>Ve\u0219ti bune! Pute\u021bi transfera cu u\u0219urin\u021b\u0103 licen\u021ba existent\u0103 \u00een aceast\u0103 situa\u021bie. Nu este nevoie s\u0103 achizi\u021biona\u021bi una nou\u0103. Sunte\u021bi liber s\u0103 v\u0103 transfera\u021bi licen\u021ba de c\u00e2te ori este necesar \u00een timpul perioadei de licen\u021b\u0103. Panoul nostru de administrare v\u0103 permite s\u0103 face\u021bi acest lucru singur - trebuie doar s\u0103 dezinstala\u021bi agentul de pe computerul vechi \u0219i s\u0103 \u00eel elimina\u021bi din panoul dvs. web (versiunea PRO). Este at\u00e2t de simplu!<\/p>\n<h4 style=\"font-size: 18px; color: #005cc3;\">Pot monitoriza mai mult de un cont de utilizator pe un singur computer Windows?<\/h4>\n<p>Da! Pute\u021bi monitoriza mai mul\u021bi utilizatori de sistem \u00een Windows pe un singur computer. De exemplu, dac\u0103 ave\u021bi trei utilizatori pe o singur\u0103 ma\u0219in\u0103 fizic\u0103, o licen\u021b\u0103 pentru un singur dispozitiv \u00eei acoper\u0103 pe to\u021bi.<\/p>\n<h4 style=\"font-size: 18px; color: #005cc3;\">Articolele din co\u0219ul de cump\u0103r\u0103turi difer\u0103 \u00een vreun fel \u00een afar\u0103 de num\u0103rul maxim de dispozitive pe care pute\u021bi instala software-ul?<\/h4>\n<p>Nu. Toate versiunile pentru 1, 5 \u0219i 10 dispozitive pentru PRO (sau 1 \u0219i 3 pentru regular) au acelea\u0219i capacit\u0103\u021bi. Exist\u0103 o mic\u0103 excep\u021bie: versiunea PRO ofer\u0103 un parametru suplimentar de p\u0103strare a datelor pentru versiunile de 1 an, permi\u021b\u00e2ndu-v\u0103 s\u0103 selecta\u021bi o valoare mai mare dec\u00e2t op\u021biunea standard de o lun\u0103 pe pagina de cump\u0103rare.<\/p>\n<h4 style=\"font-size: 18px; color: #005cc3;\">Ce \u00eenseamn\u0103 parametrul \"Perioada de p\u0103strare a datelor\" de pe pagina de cump\u0103r\u0103turi pentru versiunea PRO 1 an?<\/h4>\n<p>Parametrul \"Reten\u021bie\" pe care \u00eel vede\u021bi \u00een magazinul pentru Keyturion PRO determin\u0103 c\u00e2t timp sunt p\u0103strate pe server datele dvs. autentificate.<\/p>\n<p>De exemplu, dac\u0103 achizi\u021biona\u021bi o licen\u021b\u0103 de 1 an cu o perioad\u0103 de p\u0103strare de 3 luni, licen\u021ba \u0219i contul dvs. sunt valabile pentru \u00eentregul an, dar datele sunt stocate pentru maximum 3 luni. Datele mai vechi dec\u00e2t perioada de p\u0103strare sunt \u0219terse automat.<br \/>\nLu\u00e2nd \u00een considerare exemplul de mai sus, dup\u0103 4 luni de utilizare, ve\u021bi avea acces la datele din ultimele 90 de zile (luna cea mai veche va fi \u0219tears\u0103 automat).<\/p>","protected":false},"excerpt":{"rendered":"<p>Basic information \u2022\ufe0e The prices shown are one-time payments for the selected period (1, 3 or 12 months). We don\u2019t charge you monthly, and there are no auto-renewals or recurring payments. You decide when and if you want to renew\u2014everything is entirely in your control! \u2022\ufe0e All editions of our Keyturion products, including their variants, [&hellip;]<\/p>","protected":false},"author":2,"featured_media":0,"parent":0,"menu_order":0,"comment_status":"closed","ping_status":"closed","template":"page-koszyk-2024.php","meta":{"footnotes":""},"class_list":["post-522","page","type-page","status-publish","hentry"],"acf":[],"_links":{"self":[{"href":"https:\/\/www.keyturion.com\/ro\/wp-json\/wp\/v2\/pages\/522","targetHints":{"allow":["GET"]}}],"collection":[{"href":"https:\/\/www.keyturion.com\/ro\/wp-json\/wp\/v2\/pages"}],"about":[{"href":"https:\/\/www.keyturion.com\/ro\/wp-json\/wp\/v2\/types\/page"}],"author":[{"embeddable":true,"href":"https:\/\/www.keyturion.com\/ro\/wp-json\/wp\/v2\/users\/2"}],"replies":[{"embeddable":true,"href":"https:\/\/www.keyturion.com\/ro\/wp-json\/wp\/v2\/comments?post=522"}],"version-history":[{"count":82,"href":"https:\/\/www.keyturion.com\/ro\/wp-json\/wp\/v2\/pages\/522\/revisions"}],"predecessor-version":[{"id":1426,"href":"https:\/\/www.keyturion.com\/ro\/wp-json\/wp\/v2\/pages\/522\/revisions\/1426"}],"wp:attachment":[{"href":"https:\/\/www.keyturion.com\/ro\/wp-json\/wp\/v2\/media?parent=522"}],"curies":[{"name":"wp","href":"https:\/\/api.w.org\/{rel}","templated":true}]}}