{"id":370,"date":"2019-02-06T16:47:02","date_gmt":"2019-02-06T15:47:02","guid":{"rendered":"https:\/\/keyturion.com\/?page_id=370"},"modified":"2025-08-10T19:27:51","modified_gmt":"2025-08-10T17:27:51","slug":"about-us","status":"publish","type":"page","link":"https:\/\/www.keyturion.com\/ro\/despre-noi\/","title":{"rendered":"Despre noi"},"content":{"rendered":"<h3>Despre companie<\/h3>\n<p>Dezvolt\u0103m software \u0219i dispozitive de monitorizare din 2007, cre\u00e2nd instrumente utilizate at\u00e2t de utilizatori individuali, c\u00e2t \u0219i de companii din \u00eentreaga lume.<br \/>\nKeyturion este rezultatul multor ani de experien\u021b\u0103 \u0219i r\u0103spunsul nostru la nevoile clien\u021bilor no\u0219tri - un instrument de monitorizare inovator care poate urm\u0103ri orice activitate pe un computer.<\/p>\n<h3>\u00cencredere \u0219i siguran\u021b\u0103<\/h3>\n<p>Noi asigur\u0103m cel mai \u00eenalt nivel de securitate pentru utilizatorii no\u0219tri. Noi nu avem acces la datele dvs. private, iar aplica\u021bia nu con\u021bine func\u021bii ascunse. Atunci c\u00e2nd instala\u021bi software-ul nostru, pute\u021bi fi sigur c\u0103 datele dvs. sensibile sunt gestionate numai de dvs.<\/p>","protected":false},"excerpt":{"rendered":"<p>About the Company We have been developing software and monitoring devices since 2007, creating tools used by both individual users and companies worldwide. Keyturion is the result of our many years of experience and our response to the needs of our clients \u2014 an innovative monitoring tool that can track any activity on a computer. [&hellip;]<\/p>","protected":false},"author":2,"featured_media":0,"parent":0,"menu_order":0,"comment_status":"closed","ping_status":"closed","template":"","meta":{"footnotes":""},"class_list":["post-370","page","type-page","status-publish","hentry"],"acf":[],"_links":{"self":[{"href":"https:\/\/www.keyturion.com\/ro\/wp-json\/wp\/v2\/pages\/370","targetHints":{"allow":["GET"]}}],"collection":[{"href":"https:\/\/www.keyturion.com\/ro\/wp-json\/wp\/v2\/pages"}],"about":[{"href":"https:\/\/www.keyturion.com\/ro\/wp-json\/wp\/v2\/types\/page"}],"author":[{"embeddable":true,"href":"https:\/\/www.keyturion.com\/ro\/wp-json\/wp\/v2\/users\/2"}],"replies":[{"embeddable":true,"href":"https:\/\/www.keyturion.com\/ro\/wp-json\/wp\/v2\/comments?post=370"}],"version-history":[{"count":28,"href":"https:\/\/www.keyturion.com\/ro\/wp-json\/wp\/v2\/pages\/370\/revisions"}],"predecessor-version":[{"id":1390,"href":"https:\/\/www.keyturion.com\/ro\/wp-json\/wp\/v2\/pages\/370\/revisions\/1390"}],"wp:attachment":[{"href":"https:\/\/www.keyturion.com\/ro\/wp-json\/wp\/v2\/media?parent=370"}],"curies":[{"name":"wp","href":"https:\/\/api.w.org\/{rel}","templated":true}]}}