{"id":176,"date":"2018-11-06T12:19:39","date_gmt":"2018-11-06T11:19:39","guid":{"rendered":"https:\/\/keyturion.com\/?page_id=176"},"modified":"2024-04-20T21:37:40","modified_gmt":"2024-04-20T19:37:40","slug":"demo","status":"publish","type":"page","link":"https:\/\/www.keyturion.com\/ro\/demo-2\/","title":{"rendered":"Testa\u021bi Keyturion Pro"},"content":{"rendered":"<p><strong>Sisteme de operare acceptate:<br \/>\n(sunt acceptate at\u00e2t versiunile pe 32 c\u00e2t \u0219i pe 64 de bi\u021bi)<\/strong><\/p>\n<table id=\"tabdemo\" style=\"width: 74.413%;\">\n<tbody>\n<tr>\n<td style=\"width: 50%;\">\n<ul>\n<li><strong>Windows 11<\/strong><\/li>\n<li><strong>Windows 8.1\u00a0<\/strong><\/li>\n<li><strong>Windows 8 32<\/strong><\/li>\n<\/ul>\n<\/td>\n<td style=\"width: 50%;\">\n<ul>\n<li><strong>Windows 10\u00a0<\/strong><\/li>\n<li><strong>Windows 7\u00a0<\/strong><\/li>\n<li><strong>Windows Vista<\/strong><\/li>\n<\/ul>\n<\/td>\n<\/tr>\n<\/tbody>\n<\/table>\n<p><strong> Avertisment:<\/strong><br \/>\nAcesta poate fi desc\u0103rcat din diferite loca\u021bii, dar este recomandat s\u0103 desc\u0103rca\u021bi Keyturion de aici, de pe site-ul nostru.<br \/>\nDesc\u0103rcarea software-ului Keyturion de pe site-uri ter\u021be poate fi periculoas\u0103. Cei care ofer\u0103 software gratuit \u00eel pot \u00eempacheta cu malware sau adware.<\/p>","protected":false},"excerpt":{"rendered":"<p>Sisteme de operare acceptate: (sunt acceptate at\u00e2t versiunile pe 32 c\u00e2t \u0219i pe 64 de bi\u021bi) Windows 11 Windows 8.1 Windows 8 32 Windows 10 Windows 7 Windows Vista Aten\u021bie: Poate fi desc\u0103rcat din diferite loca\u021bii, dar este recomandat s\u0103 desc\u0103rca\u021bi Keyturion de aici, de pe site-ul nostru. Desc\u0103rcarea software-ului Keyturion de pe site-uri ter\u021be poate fi periculoas\u0103. Acele [...]<\/p>","protected":false},"author":2,"featured_media":0,"parent":0,"menu_order":0,"comment_status":"closed","ping_status":"closed","template":"page-produkty2.php","meta":{"footnotes":""},"class_list":["post-176","page","type-page","status-publish","hentry"],"acf":[],"_links":{"self":[{"href":"https:\/\/www.keyturion.com\/ro\/wp-json\/wp\/v2\/pages\/176","targetHints":{"allow":["GET"]}}],"collection":[{"href":"https:\/\/www.keyturion.com\/ro\/wp-json\/wp\/v2\/pages"}],"about":[{"href":"https:\/\/www.keyturion.com\/ro\/wp-json\/wp\/v2\/types\/page"}],"author":[{"embeddable":true,"href":"https:\/\/www.keyturion.com\/ro\/wp-json\/wp\/v2\/users\/2"}],"replies":[{"embeddable":true,"href":"https:\/\/www.keyturion.com\/ro\/wp-json\/wp\/v2\/comments?post=176"}],"version-history":[{"count":49,"href":"https:\/\/www.keyturion.com\/ro\/wp-json\/wp\/v2\/pages\/176\/revisions"}],"predecessor-version":[{"id":1204,"href":"https:\/\/www.keyturion.com\/ro\/wp-json\/wp\/v2\/pages\/176\/revisions\/1204"}],"wp:attachment":[{"href":"https:\/\/www.keyturion.com\/ro\/wp-json\/wp\/v2\/media?parent=176"}],"curies":[{"name":"wp","href":"https:\/\/api.w.org\/{rel}","templated":true}]}}