{"id":1240,"date":"2024-09-04T09:29:03","date_gmt":"2024-09-04T07:29:03","guid":{"rendered":"https:\/\/keyturion.com\/?page_id=1240"},"modified":"2024-09-13T23:09:05","modified_gmt":"2024-09-13T21:09:05","slug":"cart2024","status":"publish","type":"page","link":"https:\/\/www.keyturion.com\/ro\/cart2024\/","title":{"rendered":"Cart2024"},"content":{"rendered":"<h4 class=\"standard\">Informa\u021bii de baz\u0103 despre licen\u021b\u0103<\/h4>\n<p class=\"standard\">Licen\u021bele KeyTurion \u0219i KeyTurion PRO sunt potrivite at\u00e2t pentru uz personal, c\u00e2t \u0219i pentru uz comercial. Dup\u0103 ce ap\u0103sa\u021bi butonul \"Cump\u0103r\u0103 acum\", ve\u021bi fi redirec\u021bionat c\u0103tre pagina procesatorului nostru de pl\u0103\u021bi (PayPro Global). Licen\u021ba dvs. \u00eempreun\u0103 cu o factur\u0103 vor fi livrate la adresa de e-mail specificat\u0103.<\/p>\n<p class=\"standard\">Cheia de licen\u021b\u0103 KeyTurion v\u0103 va permite s\u0103 folosi\u021bi toate caracteristicile aplica\u021biei timp de 12 luni \u0219i s\u0103 primi\u021bi toate actualiz\u0103rile viitoare \u00een aceast\u0103 perioad\u0103 pentru <strong>gratuit<\/strong>. Cre\u0219terea cantit\u0103\u021bii de licen\u021be de pe pagina de achizi\u021bie \u0219i verificare va cre\u0219te num\u0103rul de computere cu licen\u021b\u0103 posibile. De exemplu, o licen\u021b\u0103 de 3 unit\u0103\u021bi va genera o singur\u0103 cheie de licen\u021b\u0103 valabil\u0103 pentru 3 calculatoare.<\/p>\n<h4 class=\"standard\">Pot face upgrade de la KeyTurion la KeyTurion PRO?<\/h4>\n<p class=\"standard\">Ba da, pute\u021bi. Dac\u0103 dori\u021bi s\u0103 face\u021bi un upgrade, trebuie s\u0103 ne contacta\u021bi prin intermediul site-ului nostru <a href=\"https:\/\/www.keyturion.com\/ro\/contactati-2\/\" target=\"_blank\" rel=\"noopener\">Pagina de contact<\/a>.<\/p>\n<h4>Ce \u00eenseamn\u0103 parametrul: \"<label class=\"col-sm-4 control-label\" for=\"selection_49853\">Perioada de p\u0103strare a datelor<\/label>\" de pe pagina de cump\u0103r\u0103turi?<\/h4>\n<p>Parametrul din \"Reten\u021bie\" pe care \u00eel vede\u021bi \u00een magazinul pentru Keyturion PRO este parametrul care determin\u0103 c\u00e2t timp sunt p\u0103strate pe server datele dvs. de conectare.<\/p>\n<p>De exemplu, dac\u0103 achizi\u021biona\u021bi o licen\u021b\u0103 standard de 1 an, cu o perioad\u0103 de p\u0103strare de 3 luni, \u00eenseamn\u0103 c\u0103 licen\u021ba \u0219i contul dvs. sunt valabile pentru un an \u00eentreg, dar datele sunt stocate timp de maximum 3 luni, iar datele mai vechi dec\u00e2t perioada de p\u0103strare sunt \u0219terse automat.<br \/>\nAv\u00e2nd \u00een vedere exemplul de mai sus, dup\u0103 4 luni de utilizare ve\u021bi avea acces la datele din ultimele 3 luni (prima lun\u0103 mai veche va fi \u0219tears\u0103 automat).<\/p>","protected":false},"excerpt":{"rendered":"<p>Informa\u021bii de baz\u0103 despre licen\u021b\u0103 Licen\u021bele KeyTurion \u0219i KeyTurion PRO sunt potrivite at\u00e2t pentru uz personal, c\u00e2t \u0219i pentru uz comercial. Dup\u0103 ce ap\u0103sa\u021bi butonul \"Cump\u0103r\u0103 acum\", ve\u021bi fi redirec\u021bionat c\u0103tre pagina procesatorului nostru de pl\u0103\u021bi (PayPro Global). Licen\u021ba dvs. \u00eempreun\u0103 cu o factur\u0103 vor fi livrate la adresa de e-mail specificat\u0103. Cheia de licen\u021b\u0103 KeyTurion v\u0103 va permite s\u0103 utiliza\u021bi toate [...]<\/p>","protected":false},"author":2,"featured_media":0,"parent":0,"menu_order":0,"comment_status":"closed","ping_status":"closed","template":"page-koszyk-2024.php","meta":{"footnotes":""},"class_list":["post-1240","page","type-page","status-publish","hentry"],"acf":[],"_links":{"self":[{"href":"https:\/\/www.keyturion.com\/ro\/wp-json\/wp\/v2\/pages\/1240","targetHints":{"allow":["GET"]}}],"collection":[{"href":"https:\/\/www.keyturion.com\/ro\/wp-json\/wp\/v2\/pages"}],"about":[{"href":"https:\/\/www.keyturion.com\/ro\/wp-json\/wp\/v2\/types\/page"}],"author":[{"embeddable":true,"href":"https:\/\/www.keyturion.com\/ro\/wp-json\/wp\/v2\/users\/2"}],"replies":[{"embeddable":true,"href":"https:\/\/www.keyturion.com\/ro\/wp-json\/wp\/v2\/comments?post=1240"}],"version-history":[{"count":5,"href":"https:\/\/www.keyturion.com\/ro\/wp-json\/wp\/v2\/pages\/1240\/revisions"}],"predecessor-version":[{"id":1256,"href":"https:\/\/www.keyturion.com\/ro\/wp-json\/wp\/v2\/pages\/1240\/revisions\/1256"}],"wp:attachment":[{"href":"https:\/\/www.keyturion.com\/ro\/wp-json\/wp\/v2\/media?parent=1240"}],"curies":[{"name":"wp","href":"https:\/\/api.w.org\/{rel}","templated":true}]}}