{"id":1172,"date":"2024-04-12T12:31:54","date_gmt":"2024-04-12T10:31:54","guid":{"rendered":"https:\/\/keyturion.com\/?page_id=1172"},"modified":"2025-09-29T14:51:40","modified_gmt":"2025-09-29T12:51:40","slug":"download-free-keylogger","status":"publish","type":"page","link":"https:\/\/www.keyturion.com\/ro\/descarcare-keylogger-gratuit\/","title":{"rendered":"Desc\u0103rca\u021bi keylogger gratuit"},"content":{"rendered":"<p style=\"text-align: center;\"><strong>Keyturion Keylogger gratuit<\/strong> este o edi\u021bie gratuit\u0103 a versiunii comerciale, cu mici limit\u0103ri:<br \/>\n\u00cen compara\u021bie cu versiunea comercial\u0103, lipse\u0219te op\u021biunea de ascundere complet\u0103 \u0219i de trimitere la e-mail, toate celelalte func\u021bionalit\u0103\u021bi sunt identice cu cele din versiunea cu plat\u0103!<br \/>\nSoftware-ul este 100% securizat \u0219i nu ne trimite nici un fel de date! Nu exist\u0103 adware sau statistici de urm\u0103rire. 100% curat.<br \/>\n<s><strong>V\u0103 rug\u0103m s\u0103 introduce\u021bi adresa de e-mail de mai jos, la care ve\u021bi primi licen\u021ba gratuit\u0103 \u0219i un link pentru a desc\u0103rca software-ul.<\/strong><\/s><\/p>\n<h3 style=\"text-align: center; background-color: #f0ffea;\">\u00cencep\u00e2nd cu 29 septembrie 2025, nu vom mai oferi versiunea gratuit\u0103. Dorim s\u0103 ne concentr\u0103m pe clien\u021bii no\u0219tri fideli care ne-au acordat \u00eencrederea lor. Concentrarea asupra abonamentelor pl\u0103tite, care necesit\u0103 un angajament mai mare pentru dezvoltare \u0219i asisten\u021b\u0103, este acum prioritatea noastr\u0103.<br \/>\nV\u0103 \u00eencuraj\u0103m s\u0103 \u00eencerca\u021bi versiunea de \u00eencercare gratuit\u0103 a produsului nostru principal. <a href=\"https:\/\/www.keyturion.com\/ro\/demo-2\/\" target=\"_blank\" rel=\"noopener\">Keyturion PRO.<\/a><\/h3>\n<p>&nbsp;<\/p>\n<p style=\"text-align: center;\">Adresa dvs. de e-mail va fi folosit\u0103 o singur\u0103 dat\u0103 pentru a genera licen\u021ba dvs. individual\u0103, nu vom folosi adresa dvs. \u00een nici un alt scop, nu v\u0103 vom trimite nici m\u0103car oferte, nu ne place spam-ul, a\u0219a cum v\u0103 place dvs.<\/p>\n<p style=\"text-align: center;\">\n<style>\n    .faq-section h2 {<br \/>        color: #333;<br \/>        font-size: 24px;<br \/>        margin-bottom: 20px;<br \/>    }<\/p>\n<p>    .faq-section h3 {<br \/>        color: #0073aa;<br \/>        font-size: 18px;<br \/>        cursor: pointer;<br \/>        margin-top: 10px;<br \/>    }<\/p>\n<p>    .faq-section p {<br \/>        font-size: 14px;<br \/>        color: #666;<br \/>        margin-top: 5px;<br \/>    }<br \/><\/style>\n<\/p>\n<div class=\"faq-section\">\n<h2 style=\"text-align: center;\">Free Keylogger FAQ - \u00centreb\u0103ri frecvente<\/h2>\n<h3 style=\"text-align: center;\">1. Este programul cu adev\u0103rat gratuit?<\/h3>\n<p style=\"text-align: center;\">Da, este un software complet gratuit. V\u0103 vom trimite gratuit o licen\u021b\u0103 pe un an la adresa de e-mail furnizat\u0103. Dup\u0103 aceast\u0103 perioad\u0103, trebuie doar s\u0103 solicita\u021bi din nou licen\u021ba (pe aceast\u0103 pagin\u0103) pentru a o primi la aceea\u0219i adres\u0103 de e-mail sau la orice alt\u0103 adres\u0103 de e-mail.<\/p>\n<h3 style=\"text-align: center;\">2. Pot s\u0103 \u00eel instalez \u00een compania mea?<\/h3>\n<p style=\"text-align: center;\">Da, versiunea gratuit\u0103 nu are limit\u0103ri. Poate fi utilizat\u0103 gratuit at\u00e2t de utilizatori individuali, c\u00e2t \u0219i de \u00eentreprinderi, pe un num\u0103r nelimitat de calculatoare.<\/p>\n<h3 style=\"text-align: center;\">3. Programul con\u021bine caracteristici ascunse?<\/h3>\n<p style=\"text-align: center;\">Nu, modelul nostru Freemium este complet transparent \u0219i sigur. Programul nu ne trimite date statistice sau de orice alt fel, tot ceea ce \u00eenregistreaz\u0103 r\u0103m\u00e2ne pe computerul dumneavoastr\u0103. Cu toate acestea, este important s\u0103 ne amintim c\u0103 programele de monitorizare precum keyloggers sunt adesea vizate de programele antivirus, astfel \u00eenc\u00e2t detectarea fals\u0103 a programului ca fiind o amenin\u021bare este, din p\u0103cate, posibil\u0103. Dac\u0103 v\u0103 confrunta\u021bi cu o astfel de problem\u0103, v\u0103 rug\u0103m s\u0103 folosi\u021bi func\u021bia de excep\u021bii\/excluderi din programul dumneavoastr\u0103 antivirus.<\/p>\n<\/div>\n<h3><\/h3>\n<h2 style=\"text-align: center;\">Sisteme de operare acceptate:<\/h2>\n<p style=\"text-align: center;\">Windows 11, Windows 10,<br \/>\nWindows 8.1, Windows 7, Windows Vista, Windows Vista<\/p>","protected":false},"excerpt":{"rendered":"<p>Keyturion Free Keylogger este o edi\u021bie gratuit\u0103 a versiunii comerciale cu limit\u0103ri minore: \u00cen compara\u021bie cu versiunea comercial\u0103, nu dispune de op\u021biunea de ascundere complet\u0103 \u0219i de trimitere pe e-mail, toate celelalte func\u021bionalit\u0103\u021bi sunt identice cu cele din versiunea cu plat\u0103! Software-ul este securizat 100% \u0219i nu ne trimite nici un fel de date! Nu con\u021bine adware [...]<\/p>","protected":false},"author":2,"featured_media":0,"parent":0,"menu_order":0,"comment_status":"closed","ping_status":"closed","template":"","meta":{"footnotes":""},"class_list":["post-1172","page","type-page","status-publish","hentry"],"acf":[],"_links":{"self":[{"href":"https:\/\/www.keyturion.com\/ro\/wp-json\/wp\/v2\/pages\/1172","targetHints":{"allow":["GET"]}}],"collection":[{"href":"https:\/\/www.keyturion.com\/ro\/wp-json\/wp\/v2\/pages"}],"about":[{"href":"https:\/\/www.keyturion.com\/ro\/wp-json\/wp\/v2\/types\/page"}],"author":[{"embeddable":true,"href":"https:\/\/www.keyturion.com\/ro\/wp-json\/wp\/v2\/users\/2"}],"replies":[{"embeddable":true,"href":"https:\/\/www.keyturion.com\/ro\/wp-json\/wp\/v2\/comments?post=1172"}],"version-history":[{"count":33,"href":"https:\/\/www.keyturion.com\/ro\/wp-json\/wp\/v2\/pages\/1172\/revisions"}],"predecessor-version":[{"id":1438,"href":"https:\/\/www.keyturion.com\/ro\/wp-json\/wp\/v2\/pages\/1172\/revisions\/1438"}],"wp:attachment":[{"href":"https:\/\/www.keyturion.com\/ro\/wp-json\/wp\/v2\/media?parent=1172"}],"curies":[{"name":"wp","href":"https:\/\/api.w.org\/{rel}","templated":true}]}}