{"id":765,"date":"2021-03-09T18:21:10","date_gmt":"2021-03-09T17:21:10","guid":{"rendered":"https:\/\/keyturion.com\/?page_id=765"},"modified":"2025-12-08T10:17:38","modified_gmt":"2025-12-08T09:17:38","slug":"file-folder-monitoring","status":"publish","type":"page","link":"https:\/\/www.keyturion.com\/pt\/caracteristicas\/monitoramento-de-arquivos-e-pastas\/","title":{"rendered":"Monitoramento de arquivos e pastas"},"content":{"rendered":"<h2>Monitoramento de arquivos | Rastrear altera\u00e7\u00f5es de pastas e diret\u00f3rios no Windows<\/h2>\n<p>O Keyturion inclui um poderoso <strong>sistema de monitoramento de arquivos e pastas<\/strong> que mostra exatamente como os usu\u00e1rios interagem com os dados em um computador Windows.<br \/>\nPara as organiza\u00e7\u00f5es que lidam com informa\u00e7\u00f5es altamente confidenciais, \u00e9 essencial proteger os arquivos contra acesso ou remo\u00e7\u00e3o n\u00e3o autorizados.<br \/>\nCom o Keyturion, voc\u00ea pode ver exatamente quais altera\u00e7\u00f5es foram feitas, quando ocorreram, como aconteceram e se algum dado confidencial foi copiado para um dispositivo de armazenamento externo.<br \/>\nIsso garante visibilidade total de todas as atividades dos arquivos e ajuda a proteger informa\u00e7\u00f5es confidenciais.<\/p>\n<h2><strong>Classificar e analisar altera\u00e7\u00f5es recentes<\/strong><\/h2>\n<p>Nosso software de monitoramento permite que voc\u00ea analise a atividade em pastas espec\u00edficas, mostrando o que foi alterado e a hora exata da modifica\u00e7\u00e3o.<br \/>\nEsse recurso \u00e9 fundamental para qualquer empresa que valorize a integridade e a seguran\u00e7a dos dados.<br \/>\nAo saber exatamente quando e como os arquivos foram alterados, voc\u00ea obt\u00e9m uma compreens\u00e3o mais clara das a\u00e7\u00f5es do usu\u00e1rio, o que facilita a detec\u00e7\u00e3o de comportamentos suspeitos e a preven\u00e7\u00e3o de poss\u00edveis viola\u00e7\u00f5es.<\/p>\n<h2><strong>Monitoramento de dispositivos USB<\/strong><\/h2>\n<p><strong>Rastreie toda vez que um dispositivo de armazenamento USB externo ou uma unidade flash for conectado ao seu computador Windows.<\/strong><br \/>\nAs unidades externas podem representar um s\u00e9rio risco \u00e0 seguran\u00e7a dos dados, pois os arquivos podem ser facilmente copiados ou introduzidos em seu sistema sem autoriza\u00e7\u00e3o.<br \/>\nO Keyturion registra informa\u00e7\u00f5es detalhadas sobre cada dispositivo conectado, incluindo um invent\u00e1rio completo dos arquivos armazenados nele.<br \/>\nCom esse insight, voc\u00ea pode determinar rapidamente se um dispositivo USB representa uma amea\u00e7a \u00e0 seguran\u00e7a, independentemente de a a\u00e7\u00e3o ter sido intencional ou acidental.<\/p>\n<h2><strong>Arquivos de rastro copiados para mem\u00f3ria externa<\/strong><\/h2>\n<p>Os dados confidenciais exigem um controle rigoroso.<br \/>\n<a href=\"https:\/\/www.keyturion.com\/pt\/\" target=\"_blank\" rel=\"noopener\">Software de monitoramento Keyturion<\/a> fornece exatamente isso ao <strong>rastrear cada arquivo copiado para uma unidade externa<\/strong>.<br \/>\nVoc\u00ea saber\u00e1 exatamente quais arquivos sa\u00edram do seu <a href=\"https:\/\/www.keyturion.com\/pt\/monitoramento-de-computadores\/\" target=\"_blank\" rel=\"noopener\">Computador monitorado baseado em Windows<\/a>permitindo que voc\u00ea evite vazamentos de dados e garanta a conformidade com as pol\u00edticas de seguran\u00e7a interna.<\/p>\n<p>&nbsp;<\/p>","protected":false},"excerpt":{"rendered":"<p>O Keyturion inclui um poderoso sistema de monitoramento de arquivos e pastas que mostra exatamente como os usu\u00e1rios interagem com os dados em um computador Windows. Para as organiza\u00e7\u00f5es que lidam com informa\u00e7\u00f5es altamente confidenciais, \u00e9 essencial proteger os arquivos contra acesso ou remo\u00e7\u00e3o n\u00e3o autorizados. Com o Keyturion, voc\u00ea pode ver exatamente quais altera\u00e7\u00f5es foram feitas [...]<\/p>","protected":false},"author":2,"featured_media":212,"parent":751,"menu_order":0,"comment_status":"closed","ping_status":"closed","template":"page-feature.php","meta":{"footnotes":""},"class_list":["post-765","page","type-page","status-publish","has-post-thumbnail","hentry"],"acf":[],"_links":{"self":[{"href":"https:\/\/www.keyturion.com\/pt\/wp-json\/wp\/v2\/pages\/765","targetHints":{"allow":["GET"]}}],"collection":[{"href":"https:\/\/www.keyturion.com\/pt\/wp-json\/wp\/v2\/pages"}],"about":[{"href":"https:\/\/www.keyturion.com\/pt\/wp-json\/wp\/v2\/types\/page"}],"author":[{"embeddable":true,"href":"https:\/\/www.keyturion.com\/pt\/wp-json\/wp\/v2\/users\/2"}],"replies":[{"embeddable":true,"href":"https:\/\/www.keyturion.com\/pt\/wp-json\/wp\/v2\/comments?post=765"}],"version-history":[{"count":21,"href":"https:\/\/www.keyturion.com\/pt\/wp-json\/wp\/v2\/pages\/765\/revisions"}],"predecessor-version":[{"id":1474,"href":"https:\/\/www.keyturion.com\/pt\/wp-json\/wp\/v2\/pages\/765\/revisions\/1474"}],"up":[{"embeddable":true,"href":"https:\/\/www.keyturion.com\/pt\/wp-json\/wp\/v2\/pages\/751"}],"wp:featuredmedia":[{"embeddable":true,"href":"https:\/\/www.keyturion.com\/pt\/wp-json\/wp\/v2\/media\/212"}],"wp:attachment":[{"href":"https:\/\/www.keyturion.com\/pt\/wp-json\/wp\/v2\/media?parent=765"}],"curies":[{"name":"wp","href":"https:\/\/api.w.org\/{rel}","templated":true}]}}