{"id":763,"date":"2021-03-09T18:20:13","date_gmt":"2021-03-09T17:20:13","guid":{"rendered":"https:\/\/keyturion.com\/?page_id=763"},"modified":"2025-12-08T10:14:04","modified_gmt":"2025-12-08T09:14:04","slug":"applications-time-tracking","status":"publish","type":"page","link":"https:\/\/www.keyturion.com\/pt\/caracteristicas\/aplicacoes-acompanhamento-de-tempo\/","title":{"rendered":"Rastreamento do tempo de aplica\u00e7\u00e3o"},"content":{"rendered":"<p>Keyturion <a href=\"https:\/\/www.keyturion.com\/pt\/pro\/\" target=\"_blank\" rel=\"noopener\">software de monitoramento para Windows<\/a> \u00e9 uma solu\u00e7\u00e3o avan\u00e7ada que permite que voc\u00ea <strong>rastrear o uso do aplicativo em detalhes<\/strong>. Ele mostra exatamente quando um usu\u00e1rio inicia um programa e por quanto tempo ele o utiliza ativamente.<br \/>\nIsso \u00e9 fundamental para entender os padr\u00f5es de produtividade, especialmente em ambientes de neg\u00f3cios em que o tempo afeta diretamente os resultados. Se um funcion\u00e1rio passar uma quantidade incomum de tempo em um aplicativo espec\u00edfico sem fornecer o resultado esperado, a Keyturion lhe dar\u00e1 o insight para descobrir o motivo.<\/p>\n<h2><strong>Rastreamento e classifica\u00e7\u00e3o precisos da dura\u00e7\u00e3o<\/strong><\/h2>\n<p>Um dos recursos mais avan\u00e7ados do Keyturion \u00e9 a capacidade de <strong>monitorar o tempo de uso de cada aplicativo<\/strong> no sistema operacional Windows.<br \/>\nComo um recurso completo <a href=\"https:\/\/www.keyturion.com\/pt\/software-de-monitoramento-de-funcionarios\/\" target=\"_blank\" rel=\"noopener\">software de monitoramento de funcion\u00e1rios<\/a>O sistema de controle parental e o sistema de vigil\u00e2ncia discreta do PC registram todos os programas iniciados e o tempo exato de uso.<\/p>\n<p>Voc\u00ea pode comparar a aloca\u00e7\u00e3o di\u00e1ria de tempo em v\u00e1rios aplicativos, identificar comportamentos incomuns e detectar se um determinado software se torna um \"sugador de tempo\".<br \/>\nDo ponto de vista da produtividade, esses insights ajudam os gerentes a identificar inefici\u00eancias, otimizar fluxos de trabalho e melhorar o desempenho da equipe.<\/p>\n<p>A fun\u00e7\u00e3o de estat\u00edsticas avan\u00e7adas permite um mergulho mais profundo, mostrando n\u00e3o apenas o tempo total gasto em um programa, mas tamb\u00e9m o <strong>propor\u00e7\u00e3o entre o tempo ativo e o tempo ocioso<\/strong>. No Keyturion Pro, \u00e9 poss\u00edvel comparar essas m\u00e9tricas entre diferentes usu\u00e1rios, fornecendo uma vis\u00e3o geral completa do desempenho em toda a organiza\u00e7\u00e3o.<\/p>\n<h2><strong>Alertas personalizados e monitoramento de aplicativos<\/strong><\/h2>\n<p>Com o Keyturion, voc\u00ea pode configurar <strong>alertas em tempo real<\/strong> para o uso de aplicativos espec\u00edficos. Sempre que um programa monitorado \u00e9 iniciado, o software pode enviar uma notifica\u00e7\u00e3o instant\u00e2nea por e-mail e come\u00e7ar a capturar automaticamente as telas da atividade do usu\u00e1rio.<\/p>\n<p>Isso \u00e9 ideal para monitorar softwares confidenciais ou potencialmente mal utilizados. No momento em que um aplicativo sinalizado \u00e9 aberto, o Keyturion come\u00e7a a documentar exatamente o que o usu\u00e1rio est\u00e1 fazendo, fornecendo informa\u00e7\u00f5es imediatas e acion\u00e1veis.<br \/>\nSeja para seguran\u00e7a corporativa, conformidade ou controle de produtividade, esse sistema de alerta garante que voc\u00ea esteja sempre um passo \u00e0 frente.<\/p>","protected":false},"excerpt":{"rendered":"<p>Keyturion monitoring software for Windows is an advanced solution that lets you track application usage in detail. It shows exactly when a user launches a program and how long they actively use it. This is critical for understanding productivity patterns \u2014 especially in business environments where time directly impacts results. If an employee spends an [&hellip;]<\/p>","protected":false},"author":2,"featured_media":128,"parent":751,"menu_order":0,"comment_status":"closed","ping_status":"closed","template":"page-feature.php","meta":{"footnotes":""},"class_list":["post-763","page","type-page","status-publish","has-post-thumbnail","hentry"],"acf":[],"_links":{"self":[{"href":"https:\/\/www.keyturion.com\/pt\/wp-json\/wp\/v2\/pages\/763","targetHints":{"allow":["GET"]}}],"collection":[{"href":"https:\/\/www.keyturion.com\/pt\/wp-json\/wp\/v2\/pages"}],"about":[{"href":"https:\/\/www.keyturion.com\/pt\/wp-json\/wp\/v2\/types\/page"}],"author":[{"embeddable":true,"href":"https:\/\/www.keyturion.com\/pt\/wp-json\/wp\/v2\/users\/2"}],"replies":[{"embeddable":true,"href":"https:\/\/www.keyturion.com\/pt\/wp-json\/wp\/v2\/comments?post=763"}],"version-history":[{"count":15,"href":"https:\/\/www.keyturion.com\/pt\/wp-json\/wp\/v2\/pages\/763\/revisions"}],"predecessor-version":[{"id":1472,"href":"https:\/\/www.keyturion.com\/pt\/wp-json\/wp\/v2\/pages\/763\/revisions\/1472"}],"up":[{"embeddable":true,"href":"https:\/\/www.keyturion.com\/pt\/wp-json\/wp\/v2\/pages\/751"}],"wp:featuredmedia":[{"embeddable":true,"href":"https:\/\/www.keyturion.com\/pt\/wp-json\/wp\/v2\/media\/128"}],"wp:attachment":[{"href":"https:\/\/www.keyturion.com\/pt\/wp-json\/wp\/v2\/media?parent=763"}],"curies":[{"name":"wp","href":"https:\/\/api.w.org\/{rel}","templated":true}]}}