{"id":761,"date":"2021-03-09T18:19:28","date_gmt":"2021-03-09T17:19:28","guid":{"rendered":"https:\/\/keyturion.com\/?page_id=761"},"modified":"2025-12-08T10:23:55","modified_gmt":"2025-12-08T09:23:55","slug":"visited-websites-monitoring","status":"publish","type":"page","link":"https:\/\/www.keyturion.com\/pt\/caracteristicas\/monitoramento-de-sites-visitados-acompanhamento\/","title":{"rendered":"Monitoramento de sites visitados"},"content":{"rendered":"<h2>Hist\u00f3rico de Navega\u00e7\u00e3o<\/h2>\n<p>O monitoramento do uso da Web \u00e9 um recurso essencial das modernas <a href=\"https:\/\/www.keyturion.com\/pt\/\" target=\"_blank\" rel=\"noopener\">software de monitoramento de computador<\/a>. O Keyturion rastreia todos os sites visitados, independentemente de como foram acessados, ignorando proxies, modo privado, atalhos ou cliques no hist\u00f3rico do navegador.<\/p>\n<h2>Rastreamento do site visitado em modo privado<\/h2>\n<p>A maioria dos navegadores oferece o \"Modo Privado\" para ocultar sites visitados, hist\u00f3rico de pesquisa e cookies. O Keyturion supera essa limita\u00e7\u00e3o, registrando URLs mesmo no modo privado ou inc\u00f3gnito, garantindo a visualiza\u00e7\u00e3o de todas as atividades, mesmo quando os usu\u00e1rios tentam ocultar seus rastros.<\/p>\n<h2>Rastreamento de URL<\/h2>\n<p>O Keyturion registra os URLs visitados, quer tenham sido digitados manualmente, abertos a partir de marcadores ou iniciados por meio de atalhos. Isso elimina qualquer brecha para o acesso a sites n\u00e3o autorizados, inclusive visitas iniciadas pelo preenchimento autom\u00e1tico.<\/p>\n<h2>Alertas acionados pelo site<\/h2>\n<p>Defina alertas para sites ou URLs espec\u00edficos que voc\u00ea deseja bloquear ou rastrear. Receba notifica\u00e7\u00f5es instant\u00e2neas por e-mail ou fa\u00e7a capturas de tela autom\u00e1ticas no momento em que uma regra for violada. Isso \u00e9 \u00fatil para as empresas que aplicam pol\u00edticas de uso aceit\u00e1vel e para os pais que garantem que os filhos evitem sites inadequados.<\/p>","protected":false},"excerpt":{"rendered":"<p>Browsing History Monitoring web usage is a key feature of modern computer monitoring software. Keyturion tracks every website visited, regardless of how it was accessed \u2014 bypassing proxies, private mode, shortcuts, or browser history clicks. Visited Website Tracking in Private Mode Most browsers offer \u201cPrivate Mode\u201d to hide visited sites, search history, and cookies. Keyturion [&hellip;]<\/p>","protected":false},"author":2,"featured_media":127,"parent":751,"menu_order":0,"comment_status":"closed","ping_status":"closed","template":"page-feature.php","meta":{"footnotes":""},"class_list":["post-761","page","type-page","status-publish","has-post-thumbnail","hentry"],"acf":[],"_links":{"self":[{"href":"https:\/\/www.keyturion.com\/pt\/wp-json\/wp\/v2\/pages\/761","targetHints":{"allow":["GET"]}}],"collection":[{"href":"https:\/\/www.keyturion.com\/pt\/wp-json\/wp\/v2\/pages"}],"about":[{"href":"https:\/\/www.keyturion.com\/pt\/wp-json\/wp\/v2\/types\/page"}],"author":[{"embeddable":true,"href":"https:\/\/www.keyturion.com\/pt\/wp-json\/wp\/v2\/users\/2"}],"replies":[{"embeddable":true,"href":"https:\/\/www.keyturion.com\/pt\/wp-json\/wp\/v2\/comments?post=761"}],"version-history":[{"count":13,"href":"https:\/\/www.keyturion.com\/pt\/wp-json\/wp\/v2\/pages\/761\/revisions"}],"predecessor-version":[{"id":1478,"href":"https:\/\/www.keyturion.com\/pt\/wp-json\/wp\/v2\/pages\/761\/revisions\/1478"}],"up":[{"embeddable":true,"href":"https:\/\/www.keyturion.com\/pt\/wp-json\/wp\/v2\/pages\/751"}],"wp:featuredmedia":[{"embeddable":true,"href":"https:\/\/www.keyturion.com\/pt\/wp-json\/wp\/v2\/media\/127"}],"wp:attachment":[{"href":"https:\/\/www.keyturion.com\/pt\/wp-json\/wp\/v2\/media?parent=761"}],"curies":[{"name":"wp","href":"https:\/\/api.w.org\/{rel}","templated":true}]}}