{"id":522,"date":"2019-05-16T11:05:56","date_gmt":"2019-05-16T09:05:56","guid":{"rendered":"https:\/\/keyturion.com\/?page_id=522"},"modified":"2025-08-29T19:41:18","modified_gmt":"2025-08-29T17:41:18","slug":"purchase","status":"publish","type":"page","link":"https:\/\/www.keyturion.com\/pt\/compra-2\/","title":{"rendered":"Compra"},"content":{"rendered":"<h3 class=\"standard\" style=\"text-align: center;\">Informa\u00e7\u00f5es b\u00e1sicas<\/h3>\n<p>-\ufe0e <strong>Os pre\u00e7os mostrados s\u00e3o pagamentos \u00fanicos para o per\u00edodo selecionado (1, 3 ou 12 meses)<\/strong>. N\u00e3o cobramos mensalmente e n\u00e3o h\u00e1 renova\u00e7\u00f5es autom\u00e1ticas ou pagamentos recorrentes. Voc\u00ea decide quando e se deseja renovar - tudo est\u00e1 inteiramente sob seu controle!<\/p>\n<p>-\ufe0e <strong>Todas as edi\u00e7\u00f5es de nossos produtos Keyturion, incluindo suas variantes, s\u00e3o adequadas para ambientes comerciais e dom\u00e9sticos<\/strong>. O nome \"Personal\" refere-se ao n\u00famero de licen\u00e7as, n\u00e3o \u00e0s limita\u00e7\u00f5es de uso.<\/p>\n<p>-\ufe0e Para compras de 20 ou mais dispositivos, a personaliza\u00e7\u00e3o completa est\u00e1 dispon\u00edvel. Por exemplo, voc\u00ea pode solicitar o Keyturion PRO para 30 dispositivos por um ano, com um per\u00edodo de reten\u00e7\u00e3o de dados de seis meses. Forneceremos uma cota\u00e7\u00e3o personalizada para isso. Entre em contato conosco usando nosso <a href=\"https:\/\/www.keyturion.com\/pt\/contato-2\/\" target=\"_blank\" rel=\"noopener\">P\u00e1gina de contato<\/a>.<\/p>\n<p>&nbsp;<\/p>\n<h3 style=\"text-align: center;\">Perguntas frequentes sobre compras e licenciamento<\/h3>\n<h4 style=\"font-size: 18px; color: #005cc3;\">Posso usar minha licen\u00e7a existente depois de mudar para um dispositivo ou sistema operacional diferente?<\/h4>\n<p>\u00d3tima not\u00edcia! Voc\u00ea pode transferir facilmente sua licen\u00e7a existente nessa situa\u00e7\u00e3o. N\u00e3o h\u00e1 necessidade de comprar uma nova. Voc\u00ea pode transferir sua licen\u00e7a quantas vezes forem necess\u00e1rias durante o per\u00edodo da licen\u00e7a. Nosso painel de administra\u00e7\u00e3o permite que voc\u00ea mesmo fa\u00e7a isso - basta desinstalar o agente do computador antigo e remov\u00ea-lo do seu painel da Web (vers\u00e3o PRO). \u00c9 simples assim!<\/p>\n<h4 style=\"font-size: 18px; color: #005cc3;\">Posso monitorar mais de uma conta de usu\u00e1rio em um \u00fanico computador Windows?<\/h4>\n<p>Sim! \u00c9 poss\u00edvel monitorar v\u00e1rios usu\u00e1rios do sistema Windows em um \u00fanico computador. Por exemplo, se voc\u00ea tiver tr\u00eas usu\u00e1rios em uma \u00fanica m\u00e1quina f\u00edsica, uma licen\u00e7a para um \u00fanico dispositivo cobre todos eles.<\/p>\n<h4 style=\"font-size: 18px; color: #005cc3;\">Os itens no carrinho de compras diferem de alguma forma al\u00e9m do n\u00famero m\u00e1ximo de dispositivos nos quais voc\u00ea pode instalar o software?<\/h4>\n<p>N\u00e3o. Todas as vers\u00f5es para 1, 5 e 10 dispositivos para PRO (ou 1 e 3 para regular) t\u00eam os mesmos recursos. H\u00e1 uma pequena exce\u00e7\u00e3o: a vers\u00e3o PRO oferece um par\u00e2metro adicional de reten\u00e7\u00e3o de dados para vers\u00f5es de 1 ano, permitindo que voc\u00ea selecione um valor maior do que a op\u00e7\u00e3o padr\u00e3o de um m\u00eas na p\u00e1gina de compra.<\/p>\n<h4 style=\"font-size: 18px; color: #005cc3;\">O que significa o par\u00e2metro \"Data Retention period\" (Per\u00edodo de reten\u00e7\u00e3o de dados) na p\u00e1gina de compras para a vers\u00e3o PRO de 1 ano?<\/h4>\n<p>O par\u00e2metro \"Retention\" (Reten\u00e7\u00e3o) que voc\u00ea v\u00ea na loja do Keyturion PRO determina por quanto tempo seus dados de login s\u00e3o mantidos no servidor.<\/p>\n<p>Por exemplo, se voc\u00ea comprar uma licen\u00e7a de 1 ano com um per\u00edodo de reten\u00e7\u00e3o de 3 meses, sua licen\u00e7a e sua conta ser\u00e3o v\u00e1lidas por todo o ano, mas os dados ser\u00e3o armazenados por no m\u00e1ximo 3 meses. Os dados mais antigos do que o per\u00edodo de reten\u00e7\u00e3o s\u00e3o exclu\u00eddos automaticamente.<br \/>\nConsiderando o exemplo acima, ap\u00f3s 4 meses de uso, voc\u00ea ter\u00e1 acesso aos dados dos \u00faltimos 90 dias (o m\u00eas mais antigo ser\u00e1 automaticamente exclu\u00eddo).<\/p>","protected":false},"excerpt":{"rendered":"<p>Basic information \u2022\ufe0e The prices shown are one-time payments for the selected period (1, 3 or 12 months). We don\u2019t charge you monthly, and there are no auto-renewals or recurring payments. You decide when and if you want to renew\u2014everything is entirely in your control! \u2022\ufe0e All editions of our Keyturion products, including their variants, [&hellip;]<\/p>","protected":false},"author":2,"featured_media":0,"parent":0,"menu_order":0,"comment_status":"closed","ping_status":"closed","template":"page-koszyk-2024.php","meta":{"footnotes":""},"class_list":["post-522","page","type-page","status-publish","hentry"],"acf":[],"_links":{"self":[{"href":"https:\/\/www.keyturion.com\/pt\/wp-json\/wp\/v2\/pages\/522","targetHints":{"allow":["GET"]}}],"collection":[{"href":"https:\/\/www.keyturion.com\/pt\/wp-json\/wp\/v2\/pages"}],"about":[{"href":"https:\/\/www.keyturion.com\/pt\/wp-json\/wp\/v2\/types\/page"}],"author":[{"embeddable":true,"href":"https:\/\/www.keyturion.com\/pt\/wp-json\/wp\/v2\/users\/2"}],"replies":[{"embeddable":true,"href":"https:\/\/www.keyturion.com\/pt\/wp-json\/wp\/v2\/comments?post=522"}],"version-history":[{"count":82,"href":"https:\/\/www.keyturion.com\/pt\/wp-json\/wp\/v2\/pages\/522\/revisions"}],"predecessor-version":[{"id":1426,"href":"https:\/\/www.keyturion.com\/pt\/wp-json\/wp\/v2\/pages\/522\/revisions\/1426"}],"wp:attachment":[{"href":"https:\/\/www.keyturion.com\/pt\/wp-json\/wp\/v2\/media?parent=522"}],"curies":[{"name":"wp","href":"https:\/\/api.w.org\/{rel}","templated":true}]}}