{"id":370,"date":"2019-02-06T16:47:02","date_gmt":"2019-02-06T15:47:02","guid":{"rendered":"https:\/\/keyturion.com\/?page_id=370"},"modified":"2025-08-10T19:27:51","modified_gmt":"2025-08-10T17:27:51","slug":"about-us","status":"publish","type":"page","link":"https:\/\/www.keyturion.com\/pt\/sobre-nos\/","title":{"rendered":"Sobre n\u00f3s"},"content":{"rendered":"<h3>Sobre a empresa<\/h3>\n<p>Desenvolvemos software e dispositivos de monitoramento desde 2007, criando ferramentas usadas por usu\u00e1rios individuais e empresas em todo o mundo.<br \/>\nO Keyturion \u00e9 o resultado de nossos muitos anos de experi\u00eancia e de nossa resposta \u00e0s necessidades de nossos clientes - uma ferramenta de monitoramento inovadora que pode rastrear qualquer atividade em um computador.<\/p>\n<h3>Confian\u00e7a e seguran\u00e7a<\/h3>\n<p>Garantimos o mais alto n\u00edvel de seguran\u00e7a para nossos usu\u00e1rios. N\u00e3o temos acesso aos seus dados privados, e o aplicativo n\u00e3o cont\u00e9m fun\u00e7\u00f5es ocultas. Ao instalar nosso software, voc\u00ea pode ter certeza de que seus dados confidenciais ser\u00e3o gerenciados somente por voc\u00ea.<\/p>","protected":false},"excerpt":{"rendered":"<p>About the Company We have been developing software and monitoring devices since 2007, creating tools used by both individual users and companies worldwide. Keyturion is the result of our many years of experience and our response to the needs of our clients \u2014 an innovative monitoring tool that can track any activity on a computer. [&hellip;]<\/p>","protected":false},"author":2,"featured_media":0,"parent":0,"menu_order":0,"comment_status":"closed","ping_status":"closed","template":"","meta":{"footnotes":""},"class_list":["post-370","page","type-page","status-publish","hentry"],"acf":[],"_links":{"self":[{"href":"https:\/\/www.keyturion.com\/pt\/wp-json\/wp\/v2\/pages\/370","targetHints":{"allow":["GET"]}}],"collection":[{"href":"https:\/\/www.keyturion.com\/pt\/wp-json\/wp\/v2\/pages"}],"about":[{"href":"https:\/\/www.keyturion.com\/pt\/wp-json\/wp\/v2\/types\/page"}],"author":[{"embeddable":true,"href":"https:\/\/www.keyturion.com\/pt\/wp-json\/wp\/v2\/users\/2"}],"replies":[{"embeddable":true,"href":"https:\/\/www.keyturion.com\/pt\/wp-json\/wp\/v2\/comments?post=370"}],"version-history":[{"count":28,"href":"https:\/\/www.keyturion.com\/pt\/wp-json\/wp\/v2\/pages\/370\/revisions"}],"predecessor-version":[{"id":1390,"href":"https:\/\/www.keyturion.com\/pt\/wp-json\/wp\/v2\/pages\/370\/revisions\/1390"}],"wp:attachment":[{"href":"https:\/\/www.keyturion.com\/pt\/wp-json\/wp\/v2\/media?parent=370"}],"curies":[{"name":"wp","href":"https:\/\/api.w.org\/{rel}","templated":true}]}}