{"id":176,"date":"2018-11-06T12:19:39","date_gmt":"2018-11-06T11:19:39","guid":{"rendered":"https:\/\/keyturion.com\/?page_id=176"},"modified":"2024-04-20T21:37:40","modified_gmt":"2024-04-20T19:37:40","slug":"demo","status":"publish","type":"page","link":"https:\/\/www.keyturion.com\/pt\/demonstracao\/","title":{"rendered":"Teste o Keyturion Pro"},"content":{"rendered":"<p><strong>Sistemas operacionais suportados:<br \/>\n(ambos os lan\u00e7amentos de 32 e 64 bits s\u00e3o suportados)<\/strong><\/p>\n<table id=\"tabdemo\" style=\"width: 74.413%;\">\n<tbody>\n<tr>\n<td style=\"width: 50%;\">\n<ul>\n<li><strong>Janelas 11<\/strong><\/li>\n<li><strong>Janelas 8.1\u00a0<\/strong><\/li>\n<li><strong>Janelas 8 32<\/strong><\/li>\n<\/ul>\n<\/td>\n<td style=\"width: 50%;\">\n<ul>\n<li><strong>Janelas 10\u00a0<\/strong><\/li>\n<li><strong>Janelas 7\u00a0<\/strong><\/li>\n<li><strong>Windows Vista<\/strong><\/li>\n<\/ul>\n<\/td>\n<\/tr>\n<\/tbody>\n<\/table>\n<p><strong> Advert\u00eancia:<\/strong><br \/>\nPode ser baixado de v\u00e1rios locais, mas \u00e9 recomend\u00e1vel baixar o Keyturion daqui, nosso site.<br \/>\nBaixar o software Keyturion a partir de sites de terceiros pode ser perigoso. Aqueles que oferecem software de gra\u00e7a podem empacot\u00e1-lo com malware ou adware.<\/p>","protected":false},"excerpt":{"rendered":"<p>Sistemas operacionais compat\u00edveis: (as vers\u00f5es de 32 e 64 bits s\u00e3o compat\u00edveis) Windows 11 Windows 8.1 Windows 8 32 Windows 10 Windows 7 Windows Vista Aviso: Ele pode ser baixado de v\u00e1rios locais, mas \u00e9 recomend\u00e1vel fazer o download do Keyturion aqui, em nosso site. O download do software Keyturion a partir de sites de terceiros pode ser perigoso. Esses [...]<\/p>","protected":false},"author":2,"featured_media":0,"parent":0,"menu_order":0,"comment_status":"closed","ping_status":"closed","template":"page-produkty2.php","meta":{"footnotes":""},"class_list":["post-176","page","type-page","status-publish","hentry"],"acf":[],"_links":{"self":[{"href":"https:\/\/www.keyturion.com\/pt\/wp-json\/wp\/v2\/pages\/176","targetHints":{"allow":["GET"]}}],"collection":[{"href":"https:\/\/www.keyturion.com\/pt\/wp-json\/wp\/v2\/pages"}],"about":[{"href":"https:\/\/www.keyturion.com\/pt\/wp-json\/wp\/v2\/types\/page"}],"author":[{"embeddable":true,"href":"https:\/\/www.keyturion.com\/pt\/wp-json\/wp\/v2\/users\/2"}],"replies":[{"embeddable":true,"href":"https:\/\/www.keyturion.com\/pt\/wp-json\/wp\/v2\/comments?post=176"}],"version-history":[{"count":49,"href":"https:\/\/www.keyturion.com\/pt\/wp-json\/wp\/v2\/pages\/176\/revisions"}],"predecessor-version":[{"id":1204,"href":"https:\/\/www.keyturion.com\/pt\/wp-json\/wp\/v2\/pages\/176\/revisions\/1204"}],"wp:attachment":[{"href":"https:\/\/www.keyturion.com\/pt\/wp-json\/wp\/v2\/media?parent=176"}],"curies":[{"name":"wp","href":"https:\/\/api.w.org\/{rel}","templated":true}]}}