{"id":1172,"date":"2024-04-12T12:31:54","date_gmt":"2024-04-12T10:31:54","guid":{"rendered":"https:\/\/keyturion.com\/?page_id=1172"},"modified":"2025-09-29T14:51:40","modified_gmt":"2025-09-29T12:51:40","slug":"download-free-keylogger","status":"publish","type":"page","link":"https:\/\/www.keyturion.com\/pt\/download-do-keylogger-gratuito\/","title":{"rendered":"Baixe o keylogger gratuito"},"content":{"rendered":"<p style=\"text-align: center;\"><strong>Keyturion Free Keylogger<\/strong> \u00e9 uma edi\u00e7\u00e3o gratuita da vers\u00e3o comercial com pequenas limita\u00e7\u00f5es:<br \/>\nEm rela\u00e7\u00e3o \u00e0 vers\u00e3o comercial, ela n\u00e3o tem a op\u00e7\u00e3o de ocultar totalmente e enviar para o e-mail; todas as outras funcionalidades s\u00e3o id\u00eanticas \u00e0s da vers\u00e3o paga!<br \/>\nO software \u00e9 100% seguro e n\u00e3o envia nenhum dado para n\u00f3s! Sem adware ou estat\u00edsticas de rastreamento. 100% limpo.<br \/>\n<s><strong>Digite seu endere\u00e7o de e-mail abaixo, no qual voc\u00ea receber\u00e1 sua licen\u00e7a gratuita e um link para fazer o download do software.<\/strong><\/s><\/p>\n<h3 style=\"text-align: center; background-color: #f0ffea;\">A partir de 29 de setembro de 2025, n\u00e3o ofereceremos mais a vers\u00e3o gratuita. Queremos nos concentrar em nossos clientes fi\u00e9is que depositaram sua confian\u00e7a em n\u00f3s. Concentrar-se em assinaturas pagas, que exigem maior compromisso com o desenvolvimento e o suporte, agora \u00e9 nossa prioridade.<br \/>\nRecomendamos que voc\u00ea experimente a vers\u00e3o de avalia\u00e7\u00e3o gratuita de nosso principal produto. <a href=\"https:\/\/www.keyturion.com\/pt\/demonstracao\/\" target=\"_blank\" rel=\"noopener\">Keyturion PRO.<\/a><\/h3>\n<p>&nbsp;<\/p>\n<p style=\"text-align: center;\">Seu endere\u00e7o de e-mail ser\u00e1 usado uma \u00fanica vez para gerar sua licen\u00e7a individual. N\u00e3o usaremos seu endere\u00e7o para nenhuma outra finalidade, nem mesmo enviaremos ofertas, pois n\u00e3o gostamos de spam, assim como voc\u00ea.<\/p>\n<p style=\"text-align: center;\">\n<style>\n    .faq-section h2 {<br \/>        color: #333;<br \/>        font-size: 24px;<br \/>        margin-bottom: 20px;<br \/>    }<\/p>\n<p>    .faq-section h3 {<br \/>        color: #0073aa;<br \/>        font-size: 18px;<br \/>        cursor: pointer;<br \/>        margin-top: 10px;<br \/>    }<\/p>\n<p>    .faq-section p {<br \/>        font-size: 14px;<br \/>        color: #666;<br \/>        margin-top: 5px;<br \/>    }<br \/><\/style>\n<\/p>\n<div class=\"faq-section\">\n<h2 style=\"text-align: center;\">Free Keylogger FAQ - Perguntas frequentes<\/h2>\n<h3 style=\"text-align: center;\">1. O programa \u00e9 realmente gratuito?<\/h3>\n<p style=\"text-align: center;\">Sim, \u00e9 um software totalmente gratuito. N\u00f3s lhe enviaremos gratuitamente uma licen\u00e7a de um ano para o endere\u00e7o de e-mail fornecido. Ap\u00f3s esse per\u00edodo, basta solicitar novamente a licen\u00e7a (nesta p\u00e1gina) para receb\u00ea-la no mesmo endere\u00e7o de e-mail ou em qualquer outro.<\/p>\n<h3 style=\"text-align: center;\">2. Posso instal\u00e1-lo em minha empresa?<\/h3>\n<p style=\"text-align: center;\">Sim, a vers\u00e3o gratuita n\u00e3o tem limita\u00e7\u00f5es. Ela pode ser usada gratuitamente por usu\u00e1rios individuais e empresas, em um n\u00famero ilimitado de computadores.<\/p>\n<h3 style=\"text-align: center;\">3. O programa cont\u00e9m algum recurso oculto?<\/h3>\n<p style=\"text-align: center;\">N\u00e3o, nosso modelo Freemium \u00e9 totalmente transparente e seguro. O programa n\u00e3o nos envia nenhum dado estat\u00edstico ou de qualquer outro tipo, tudo o que ele registra permanece no seu computador. No entanto, \u00e9 importante lembrar que os programas de monitoramento, como os keyloggers, costumam ser alvo de programas antiv\u00edrus, portanto, infelizmente, \u00e9 poss\u00edvel a detec\u00e7\u00e3o falsa do programa como uma amea\u00e7a. Se voc\u00ea encontrar esse problema, use o recurso de exce\u00e7\u00f5es\/exclus\u00f5es em seu programa antiv\u00edrus.<\/p>\n<\/div>\n<h3><\/h3>\n<h2 style=\"text-align: center;\">Sistemas operacionais suportados:<\/h2>\n<p style=\"text-align: center;\">Windows 11, Windows 10,<br \/>\nWindows 8.1, Windows 7, Windows Vista<\/p>","protected":false},"excerpt":{"rendered":"<p>O Keyturion Free Keylogger \u00e9 uma edi\u00e7\u00e3o gratuita da vers\u00e3o comercial com pequenas limita\u00e7\u00f5es: Em rela\u00e7\u00e3o \u00e0 vers\u00e3o comercial, n\u00e3o h\u00e1 a op\u00e7\u00e3o de oculta\u00e7\u00e3o total e envio para e-mail; todas as outras funcionalidades s\u00e3o id\u00eanticas \u00e0s da vers\u00e3o paga! O software \u00e9 100% seguro e n\u00e3o envia nenhum dado para n\u00f3s! N\u00e3o h\u00e1 adware [...]<\/p>","protected":false},"author":2,"featured_media":0,"parent":0,"menu_order":0,"comment_status":"closed","ping_status":"closed","template":"","meta":{"footnotes":""},"class_list":["post-1172","page","type-page","status-publish","hentry"],"acf":[],"_links":{"self":[{"href":"https:\/\/www.keyturion.com\/pt\/wp-json\/wp\/v2\/pages\/1172","targetHints":{"allow":["GET"]}}],"collection":[{"href":"https:\/\/www.keyturion.com\/pt\/wp-json\/wp\/v2\/pages"}],"about":[{"href":"https:\/\/www.keyturion.com\/pt\/wp-json\/wp\/v2\/types\/page"}],"author":[{"embeddable":true,"href":"https:\/\/www.keyturion.com\/pt\/wp-json\/wp\/v2\/users\/2"}],"replies":[{"embeddable":true,"href":"https:\/\/www.keyturion.com\/pt\/wp-json\/wp\/v2\/comments?post=1172"}],"version-history":[{"count":33,"href":"https:\/\/www.keyturion.com\/pt\/wp-json\/wp\/v2\/pages\/1172\/revisions"}],"predecessor-version":[{"id":1438,"href":"https:\/\/www.keyturion.com\/pt\/wp-json\/wp\/v2\/pages\/1172\/revisions\/1438"}],"wp:attachment":[{"href":"https:\/\/www.keyturion.com\/pt\/wp-json\/wp\/v2\/media?parent=1172"}],"curies":[{"name":"wp","href":"https:\/\/api.w.org\/{rel}","templated":true}]}}