{"id":522,"date":"2019-05-16T11:05:56","date_gmt":"2019-05-16T09:05:56","guid":{"rendered":"https:\/\/keyturion.com\/?page_id=522"},"modified":"2025-08-29T19:41:18","modified_gmt":"2025-08-29T17:41:18","slug":"purchase","status":"publish","type":"page","link":"https:\/\/www.keyturion.com\/nl\/koop\/","title":{"rendered":"Koop"},"content":{"rendered":"<h3 class=\"standard\" style=\"text-align: center;\">Basisinformatie<\/h3>\n<p>-\ufe0e <strong>De getoonde prijzen zijn eenmalige betalingen voor de geselecteerde periode (1, 3 of 12 maanden)<\/strong>. We brengen geen maandelijkse kosten in rekening en er zijn geen automatische verlengingen of terugkerende betalingen. Jij beslist wanneer en of je wilt verlengen - je hebt alles zelf in de hand!<\/p>\n<p>-\ufe0e <strong>Alle edities van onze Keyturion-producten, inclusief hun varianten, zijn geschikt voor zowel zakelijke als thuisomgevingen<\/strong>. De naam \"Persoonlijk\" verwijst naar het aantal licenties, niet naar gebruiksbeperkingen.<\/p>\n<p>-\ufe0e Bij aankoop van 20 of meer apparaten is volledige aanpassing mogelijk. Je kunt bijvoorbeeld Keyturion PRO bestellen voor 30 apparaten voor \u00e9\u00e9n jaar, met een bewaarperiode van zes maanden. We zullen hiervoor een persoonlijke offerte maken. Neem contact met ons op via onze <a href=\"https:\/\/www.keyturion.com\/nl\/neem-contact-op-met\/\" target=\"_blank\" rel=\"noopener\">Contact Pagina<\/a>.<\/p>\n<p>&nbsp;<\/p>\n<h3 style=\"text-align: center;\">Veelgestelde vragen over inkoop en licenties<\/h3>\n<h4 style=\"font-size: 18px; color: #005cc3;\">Kan ik mijn bestaande licentie gebruiken nadat ik ben overgeschakeld op een ander apparaat of besturingssysteem?<\/h4>\n<p>Goed nieuws! Je kunt je bestaande licentie in deze situatie gemakkelijk overdragen. Je hoeft geen nieuwe aan te schaffen. Je kunt je licentie zo vaak overdragen als nodig is tijdens de licentieperiode. Met ons beheerpaneel kun je dit zelf doen - verwijder gewoon de agent van de oude computer en verwijder deze uit je webpaneel (PRO-versie). Zo eenvoudig is het!<\/p>\n<h4 style=\"font-size: 18px; color: #005cc3;\">Kan ik meer dan \u00e9\u00e9n gebruikersaccount bewaken op \u00e9\u00e9n Windows-computer?<\/h4>\n<p>Ja! Je kunt meerdere systeemgebruikers in Windows op \u00e9\u00e9n computer monitoren. Als je bijvoorbeeld drie gebruikers op \u00e9\u00e9n fysieke machine hebt, dan dekt een licentie voor \u00e9\u00e9n apparaat ze allemaal.<\/p>\n<h4 style=\"font-size: 18px; color: #005cc3;\">Verschillen de items in het winkelwagentje op een andere manier dan het maximale aantal apparaten waarop je de software kunt installeren?<\/h4>\n<p>Nee. Alle versies voor 1, 5 en 10 apparaten voor PRO (of 1 en 3 voor normaal) hebben dezelfde mogelijkheden. Er is \u00e9\u00e9n kleine uitzondering: de PRO-versie biedt een extra parameter voor het bewaren van gegevens voor versies van 1 jaar, waardoor je een waarde kunt selecteren die hoger is dan de standaardoptie van \u00e9\u00e9n maand op de aankooppagina.<\/p>\n<h4 style=\"font-size: 18px; color: #005cc3;\">Wat betekent de parameter \"Bewaarperiode gegevens\" op de winkelpagina voor de PRO-versie voor 1 jaar?<\/h4>\n<p>De parameter \"Retentie\" die je ziet in de winkel voor Keyturion PRO bepaalt hoe lang je ingelogde gegevens op de server worden bewaard.<\/p>\n<p>Als je bijvoorbeeld een licentie voor 1 jaar koopt met een bewaarperiode van 3 maanden, zijn je licentie en account het hele jaar geldig, maar worden de gegevens maximaal 3 maanden bewaard. Gegevens die ouder zijn dan de bewaarperiode worden automatisch verwijderd.<br \/>\nIn het bovenstaande voorbeeld heb je na 4 maanden gebruik toegang tot gegevens van de laatste 90 dagen (de eerste maand wordt automatisch verwijderd).<\/p>","protected":false},"excerpt":{"rendered":"<p>Basic information \u2022\ufe0e The prices shown are one-time payments for the selected period (1, 3 or 12 months). We don\u2019t charge you monthly, and there are no auto-renewals or recurring payments. You decide when and if you want to renew\u2014everything is entirely in your control! \u2022\ufe0e All editions of our Keyturion products, including their variants, [&hellip;]<\/p>","protected":false},"author":2,"featured_media":0,"parent":0,"menu_order":0,"comment_status":"closed","ping_status":"closed","template":"page-koszyk-2024.php","meta":{"footnotes":""},"class_list":["post-522","page","type-page","status-publish","hentry"],"acf":[],"_links":{"self":[{"href":"https:\/\/www.keyturion.com\/nl\/wp-json\/wp\/v2\/pages\/522","targetHints":{"allow":["GET"]}}],"collection":[{"href":"https:\/\/www.keyturion.com\/nl\/wp-json\/wp\/v2\/pages"}],"about":[{"href":"https:\/\/www.keyturion.com\/nl\/wp-json\/wp\/v2\/types\/page"}],"author":[{"embeddable":true,"href":"https:\/\/www.keyturion.com\/nl\/wp-json\/wp\/v2\/users\/2"}],"replies":[{"embeddable":true,"href":"https:\/\/www.keyturion.com\/nl\/wp-json\/wp\/v2\/comments?post=522"}],"version-history":[{"count":82,"href":"https:\/\/www.keyturion.com\/nl\/wp-json\/wp\/v2\/pages\/522\/revisions"}],"predecessor-version":[{"id":1426,"href":"https:\/\/www.keyturion.com\/nl\/wp-json\/wp\/v2\/pages\/522\/revisions\/1426"}],"wp:attachment":[{"href":"https:\/\/www.keyturion.com\/nl\/wp-json\/wp\/v2\/media?parent=522"}],"curies":[{"name":"wp","href":"https:\/\/api.w.org\/{rel}","templated":true}]}}