{"id":767,"date":"2021-03-09T18:22:04","date_gmt":"2021-03-09T17:22:04","guid":{"rendered":"https:\/\/keyturion.com\/?page_id=767"},"modified":"2025-12-08T10:21:14","modified_gmt":"2025-12-08T09:21:14","slug":"printed-document-tracking","status":"publish","type":"page","link":"https:\/\/www.keyturion.com\/nb\/funksjoner\/sporing-av-trykte-dokumenter-2\/","title":{"rendered":"Sporing av trykte dokumenter"},"content":{"rendered":"<h2>Overv\u00e5king av skriveraktivitet - spor og loggf\u00f8r alle utskrevne dokumenter<\/h2>\n<p>En viktig funksjon som mangler i mange <a href=\"https:\/\/www.keyturion.com\/nb\/dataovervaking-2\/\" target=\"_blank\" rel=\"noopener\">verkt\u00f8y for dataoverv\u00e5king<\/a> er muligheten til \u00e5 spore og loggf\u00f8re alt trykt materiale p\u00e5 en omfattende m\u00e5te.<br \/>\nUSB-sporing alene er ikke nok - sensitive data kan like gjerne forlate et sikkert system via en skriver.<br \/>\nKeyturion tetter dette sikkerhetshullet ved \u00e5 opprette en fullstendig, tidsstemplet logg hver gang en bruker fors\u00f8ker \u00e5 skrive ut fra en overv\u00e5ket Windows-datamaskin.<\/p>\n<p>Alle utskriftsforesp\u00f8rsler blir n\u00f8ye registrert i en sikker database, slik at du kan gjennomg\u00e5, filtrere og analysere utskriftsaktiviteten n\u00e5r det er n\u00f8dvendig.<br \/>\nDette gj\u00f8r Keyturion til en uvurderlig <a href=\"https:\/\/www.keyturion.com\/nb\/\" target=\"_blank\" rel=\"noopener\">programvarel\u00f8sning for overv\u00e5king<\/a> for \u00e5 overholde personvernforskrifter, best\u00e5 sikkerhetsrevisjoner og beskytte konfidensiell informasjon i bransjer der datasikkerhet er avgj\u00f8rende.<\/p>\n<h2><strong>Alle utskriftsforesp\u00f8rsler registreres<\/strong><\/h2>\n<p>Hver gang en overv\u00e5ket datamaskin sender en utskriftskommando, registrerer Keyturion n\u00f8yaktig hva som ble skrevet ut, og n\u00e5r det ble skrevet ut.<br \/>\nDette gir deg to viktige opplysninger som kan hjelpe deg med \u00e5 spore og kontrollere fysiske datalekkasjer.<br \/>\nOver tid vil du ha en komplett, s\u00f8kbar oversikt over alle utskriftsforesp\u00f8rsler fra alle brukere - noe som gir deg full oversikt over potensielt sensitivt materiale som forlater organisasjonen i papirform.<\/p>\n<h2><strong>Detaljert utskriftslogging for maksimal sikkerhet<\/strong><\/h2>\n<p>Keyturions utskriftssporing g\u00e5r langt lenger enn bare \u00e5 logge filnavn og tidsstempel.<br \/>\nHver utskriftsjobb registreres med omfattende detaljer, inkludert<\/p>\n<ul>\n<li>Dato og klokkeslett for utskrift<\/li>\n<li>Skriver som brukes<\/li>\n<li>Navn p\u00e5 dokument\/fil<\/li>\n<li>Brukernavnet til personen som skrev ut<\/li>\n<li>Antall trykte eksemplarer<\/li>\n<li>Spesifikke sider som skrives ut<\/li>\n<\/ul>\n<p>Dette detaljniv\u00e5et gir deg full kontroll over utskriftsaktiviteten.<br \/>\nHvis for eksempel konfidensiell kundeinformasjon dukker opp utenfor organisasjonen, kan du finne ut n\u00f8yaktig hvem som skrev den ut, n\u00e5r det skjedde, hvor mange kopier som ble laget, og hvilke sider som var involvert.<br \/>\nMed disse dataene kan du handle raskt for \u00e5 begrense sikkerhetsbruddet, beskytte kundene dine og sikre bedriftens omd\u00f8mme.<\/p>\n<p>&nbsp;<\/p>","protected":false},"excerpt":{"rendered":"<p>Printer Activity Monitoring | Track and Log All Printed Documents One major feature missing in many computer monitoring tools is the ability to comprehensively track and log all printed materials. USB tracking alone is not enough \u2014 sensitive data can just as easily leave a secure system via a printer. Keyturion closes this security gap [&hellip;]<\/p>","protected":false},"author":2,"featured_media":570,"parent":751,"menu_order":0,"comment_status":"closed","ping_status":"closed","template":"page-feature.php","meta":{"footnotes":""},"class_list":["post-767","page","type-page","status-publish","has-post-thumbnail","hentry"],"acf":[],"_links":{"self":[{"href":"https:\/\/www.keyturion.com\/nb\/wp-json\/wp\/v2\/pages\/767","targetHints":{"allow":["GET"]}}],"collection":[{"href":"https:\/\/www.keyturion.com\/nb\/wp-json\/wp\/v2\/pages"}],"about":[{"href":"https:\/\/www.keyturion.com\/nb\/wp-json\/wp\/v2\/types\/page"}],"author":[{"embeddable":true,"href":"https:\/\/www.keyturion.com\/nb\/wp-json\/wp\/v2\/users\/2"}],"replies":[{"embeddable":true,"href":"https:\/\/www.keyturion.com\/nb\/wp-json\/wp\/v2\/comments?post=767"}],"version-history":[{"count":11,"href":"https:\/\/www.keyturion.com\/nb\/wp-json\/wp\/v2\/pages\/767\/revisions"}],"predecessor-version":[{"id":1476,"href":"https:\/\/www.keyturion.com\/nb\/wp-json\/wp\/v2\/pages\/767\/revisions\/1476"}],"up":[{"embeddable":true,"href":"https:\/\/www.keyturion.com\/nb\/wp-json\/wp\/v2\/pages\/751"}],"wp:featuredmedia":[{"embeddable":true,"href":"https:\/\/www.keyturion.com\/nb\/wp-json\/wp\/v2\/media\/570"}],"wp:attachment":[{"href":"https:\/\/www.keyturion.com\/nb\/wp-json\/wp\/v2\/media?parent=767"}],"curies":[{"name":"wp","href":"https:\/\/api.w.org\/{rel}","templated":true}]}}