{"id":765,"date":"2021-03-09T18:21:10","date_gmt":"2021-03-09T17:21:10","guid":{"rendered":"https:\/\/keyturion.com\/?page_id=765"},"modified":"2025-12-08T10:17:38","modified_gmt":"2025-12-08T09:17:38","slug":"file-folder-monitoring","status":"publish","type":"page","link":"https:\/\/www.keyturion.com\/nb\/funksjoner\/fil-mappe-overvaking\/","title":{"rendered":"Overv\u00e5king av filer og mapper"},"content":{"rendered":"<h2>Filoverv\u00e5king | Spor mappe- og katalogendringer i Windows<\/h2>\n<p>Keyturion inkluderer en kraftig <strong>fil- og mappeoverv\u00e5kingssystem<\/strong> som viser n\u00f8yaktig hvordan brukerne samhandler med data p\u00e5 en Windows-datamaskin.<br \/>\nFor organisasjoner som h\u00e5ndterer sv\u00e6rt sensitiv informasjon, er det avgj\u00f8rende \u00e5 beskytte filer mot uautorisert tilgang eller fjerning.<br \/>\nMed Keyturion kan du se n\u00f8yaktig hvilke endringer som ble gjort, n\u00e5r de skjedde, hvordan de skjedde, og om sensitive data ble kopiert til en ekstern lagringsenhet.<br \/>\nDette sikrer full oversikt over all filaktivitet og bidrar til \u00e5 beskytte konfidensiell informasjon.<\/p>\n<h2><strong>Sorter og analyser de siste endringene<\/strong><\/h2>\n<p>Med overv\u00e5kingsprogramvaren v\u00e5r kan du se gjennom aktiviteten i bestemte mapper, og se hva som har blitt endret og n\u00f8yaktig tidspunkt for endringen.<br \/>\nDenne funksjonen er avgj\u00f8rende for alle virksomheter som legger vekt p\u00e5 dataintegritet og -sikkerhet.<br \/>\nVed \u00e5 vite n\u00f8yaktig n\u00e5r og hvordan filer ble endret, f\u00e5r du en klarere forst\u00e5else av brukernes handlinger - noe som gj\u00f8r det enklere \u00e5 oppdage mistenkelig atferd og forhindre potensielle brudd.<\/p>\n<h2><strong>Overv\u00e5king av USB-enheter<\/strong><\/h2>\n<p><strong>Spor hver gang en ekstern USB-lagringsenhet eller minnepinne kobles til Windows-datamaskinen.<\/strong><br \/>\nEksterne stasjoner kan utgj\u00f8re en alvorlig risiko for datasikkerheten, ettersom filer enkelt kan kopieres eller legges inn i systemet uten tillatelse.<br \/>\nKeyturion registrerer detaljert informasjon om hver tilkoblet enhet, inkludert en fullstendig oversikt over filene som er lagret p\u00e5 den.<br \/>\nMed denne innsikten kan du raskt avgj\u00f8re om en USB-enhet utgj\u00f8r en sikkerhetstrussel - uansett om handlingen var tilsiktet eller utilsiktet.<\/p>\n<h2><strong>Sporfiler kopiert til eksternt minne<\/strong><\/h2>\n<p>Sensitive data krever streng kontroll.<br \/>\n<a href=\"https:\/\/www.keyturion.com\/nb\/\" target=\"_blank\" rel=\"noopener\">Keyturion overv\u00e5kingsprogramvare<\/a> gir akkurat det ved \u00e5 <strong>sporer hver fil som kopieres til en ekstern stasjon<\/strong>.<br \/>\nDu vet n\u00f8yaktig hvilke filer som har forlatt <a href=\"https:\/\/www.keyturion.com\/nb\/dataovervaking-2\/\" target=\"_blank\" rel=\"noopener\">Windows-basert overv\u00e5ket datamaskin<\/a>Slik kan du forhindre datalekkasjer og sikre at interne sikkerhetsretningslinjer overholdes.<\/p>\n<p>&nbsp;<\/p>","protected":false},"excerpt":{"rendered":"<p>File Monitoring | Track Folder and Directory Changes in Windows Keyturion includes a powerful file and folder monitoring system that shows exactly how users interact with data on a Windows computer. For organizations handling highly sensitive information, protecting files from unauthorized access or removal is essential. With Keyturion, you can see exactly what changes were [&hellip;]<\/p>","protected":false},"author":2,"featured_media":212,"parent":751,"menu_order":0,"comment_status":"closed","ping_status":"closed","template":"page-feature.php","meta":{"footnotes":""},"class_list":["post-765","page","type-page","status-publish","has-post-thumbnail","hentry"],"acf":[],"_links":{"self":[{"href":"https:\/\/www.keyturion.com\/nb\/wp-json\/wp\/v2\/pages\/765","targetHints":{"allow":["GET"]}}],"collection":[{"href":"https:\/\/www.keyturion.com\/nb\/wp-json\/wp\/v2\/pages"}],"about":[{"href":"https:\/\/www.keyturion.com\/nb\/wp-json\/wp\/v2\/types\/page"}],"author":[{"embeddable":true,"href":"https:\/\/www.keyturion.com\/nb\/wp-json\/wp\/v2\/users\/2"}],"replies":[{"embeddable":true,"href":"https:\/\/www.keyturion.com\/nb\/wp-json\/wp\/v2\/comments?post=765"}],"version-history":[{"count":21,"href":"https:\/\/www.keyturion.com\/nb\/wp-json\/wp\/v2\/pages\/765\/revisions"}],"predecessor-version":[{"id":1474,"href":"https:\/\/www.keyturion.com\/nb\/wp-json\/wp\/v2\/pages\/765\/revisions\/1474"}],"up":[{"embeddable":true,"href":"https:\/\/www.keyturion.com\/nb\/wp-json\/wp\/v2\/pages\/751"}],"wp:featuredmedia":[{"embeddable":true,"href":"https:\/\/www.keyturion.com\/nb\/wp-json\/wp\/v2\/media\/212"}],"wp:attachment":[{"href":"https:\/\/www.keyturion.com\/nb\/wp-json\/wp\/v2\/media?parent=765"}],"curies":[{"name":"wp","href":"https:\/\/api.w.org\/{rel}","templated":true}]}}