{"id":763,"date":"2021-03-09T18:20:13","date_gmt":"2021-03-09T17:20:13","guid":{"rendered":"https:\/\/keyturion.com\/?page_id=763"},"modified":"2025-12-08T10:14:04","modified_gmt":"2025-12-08T09:14:04","slug":"applications-time-tracking","status":"publish","type":"page","link":"https:\/\/www.keyturion.com\/nb\/funksjoner\/tidssporing-av-soknader\/","title":{"rendered":"Tidsregistrering av applikasjoner"},"content":{"rendered":"<p>Keyturion <a href=\"https:\/\/www.keyturion.com\/nb\/for\/\" target=\"_blank\" rel=\"noopener\">overv\u00e5kingsprogramvare for Windows<\/a> er en avansert l\u00f8sning som lar deg <strong>spore applikasjonsbruk i detalj<\/strong>. Den viser n\u00f8yaktig n\u00e5r en bruker starter et program, og hvor lenge de bruker det aktivt.<br \/>\nDette er avgj\u00f8rende for \u00e5 forst\u00e5 produktivitetsm\u00f8nstre - spesielt i forretningsmilj\u00f8er der tid har direkte innvirkning p\u00e5 resultatene. Hvis en medarbeider bruker uvanlig mye tid p\u00e5 en bestemt applikasjon uten \u00e5 levere forventede resultater, gir Keyturion deg innsikt i hvorfor.<\/p>\n<h2><strong>N\u00f8yaktig sporing og sortering av varighet<\/strong><\/h2>\n<p>En av Keyturions kraftigste funksjoner er muligheten til \u00e5 <strong>overv\u00e5ke hvor lenge hver applikasjon brukes<\/strong> i Windows-operativsystemet.<br \/>\nSom en fullverdig <a href=\"https:\/\/www.keyturion.com\/nb\/programvare-for-overvaking-av-ansatte\/\" target=\"_blank\" rel=\"noopener\">programvare for overv\u00e5king av ansatte<\/a>, foreldrekontrollverkt\u00f8y og diskret PC-overv\u00e5kingssystem, registrerer det hvert program som startes sammen med den n\u00f8yaktige brukstiden.<\/p>\n<p>Du kan sammenligne daglig tidsbruk p\u00e5 tvers av flere apper, oppdage uvanlig oppf\u00f8rsel og oppdage om enkelte programmer blir en \"tidssluker\".<br \/>\nFra et produktivitetsperspektiv hjelper disse innsiktene ledere med \u00e5 identifisere ineffektivitet, optimalisere arbeidsflyten og forbedre teamets prestasjoner.<\/p>\n<p>Den avanserte statistikkfunksjonen gir mulighet for et dypere dykk - den viser ikke bare total tid brukt i et program, men ogs\u00e5 <strong>forholdet mellom aktiv tid og inaktiv tid<\/strong>. I Keyturion Pro kan du sammenligne disse beregningene mellom ulike brukere, slik at du f\u00e5r en fullstendig oversikt over ytelsen i hele organisasjonen.<\/p>\n<h2><strong>Egendefinerte varsler og applikasjonsoverv\u00e5king<\/strong><\/h2>\n<p>Med Keyturion kan du konfigurere <strong>sanntidsvarsler<\/strong> for spesifikk applikasjonsbruk. Hver gang et overv\u00e5ket program startes, kan programvaren sende deg en e-postmelding og automatisk begynne \u00e5 ta skjermbilder av brukeraktiviteten.<\/p>\n<p>Dette er ideelt for overv\u00e5king av sensitiv eller potensielt misbrukt programvare. I det \u00f8yeblikket et flagget program \u00e5pnes, begynner Keyturion \u00e5 dokumentere n\u00f8yaktig hva brukeren gj\u00f8r, noe som gir deg umiddelbar, handlingsrettet informasjon.<br \/>\nEnten det gjelder bedriftssikkerhet, samsvar eller produktivitetskontroll, s\u00f8rger dette varslingssystemet for at du alltid ligger et skritt foran.<\/p>","protected":false},"excerpt":{"rendered":"<p>Keyturion monitoring software for Windows is an advanced solution that lets you track application usage in detail. It shows exactly when a user launches a program and how long they actively use it. This is critical for understanding productivity patterns \u2014 especially in business environments where time directly impacts results. If an employee spends an [&hellip;]<\/p>","protected":false},"author":2,"featured_media":128,"parent":751,"menu_order":0,"comment_status":"closed","ping_status":"closed","template":"page-feature.php","meta":{"footnotes":""},"class_list":["post-763","page","type-page","status-publish","has-post-thumbnail","hentry"],"acf":[],"_links":{"self":[{"href":"https:\/\/www.keyturion.com\/nb\/wp-json\/wp\/v2\/pages\/763","targetHints":{"allow":["GET"]}}],"collection":[{"href":"https:\/\/www.keyturion.com\/nb\/wp-json\/wp\/v2\/pages"}],"about":[{"href":"https:\/\/www.keyturion.com\/nb\/wp-json\/wp\/v2\/types\/page"}],"author":[{"embeddable":true,"href":"https:\/\/www.keyturion.com\/nb\/wp-json\/wp\/v2\/users\/2"}],"replies":[{"embeddable":true,"href":"https:\/\/www.keyturion.com\/nb\/wp-json\/wp\/v2\/comments?post=763"}],"version-history":[{"count":15,"href":"https:\/\/www.keyturion.com\/nb\/wp-json\/wp\/v2\/pages\/763\/revisions"}],"predecessor-version":[{"id":1472,"href":"https:\/\/www.keyturion.com\/nb\/wp-json\/wp\/v2\/pages\/763\/revisions\/1472"}],"up":[{"embeddable":true,"href":"https:\/\/www.keyturion.com\/nb\/wp-json\/wp\/v2\/pages\/751"}],"wp:featuredmedia":[{"embeddable":true,"href":"https:\/\/www.keyturion.com\/nb\/wp-json\/wp\/v2\/media\/128"}],"wp:attachment":[{"href":"https:\/\/www.keyturion.com\/nb\/wp-json\/wp\/v2\/media?parent=763"}],"curies":[{"name":"wp","href":"https:\/\/api.w.org\/{rel}","templated":true}]}}