{"id":761,"date":"2021-03-09T18:19:28","date_gmt":"2021-03-09T17:19:28","guid":{"rendered":"https:\/\/keyturion.com\/?page_id=761"},"modified":"2025-12-08T10:23:55","modified_gmt":"2025-12-08T09:23:55","slug":"visited-websites-monitoring","status":"publish","type":"page","link":"https:\/\/www.keyturion.com\/nb\/funksjoner\/besokte-nettsteder-overvaking\/","title":{"rendered":"Overv\u00e5king av bes\u00f8kte nettsteder"},"content":{"rendered":"<h2>S\u00f8kehistorikk<\/h2>\n<p>Overv\u00e5king av nettbruk er en n\u00f8kkelfunksjon i moderne <a href=\"https:\/\/www.keyturion.com\/nb\/\" target=\"_blank\" rel=\"noopener\">programvare for dataoverv\u00e5king<\/a>. Keyturion sporer alle nettsteder som bes\u00f8kes, uavhengig av hvordan de ble bes\u00f8kt - utenom proxyer, privat modus, snarveier eller nettleserhistorikk.<\/p>\n<h2>Sporing av bes\u00f8kte nettsteder i privat modus<\/h2>\n<p>De fleste nettlesere tilbyr \"privat modus\" for \u00e5 skjule bes\u00f8kte nettsteder, s\u00f8kehistorikk og informasjonskapsler. Keyturion overvinner denne begrensningen ved \u00e5 registrere nettadresser selv i privat eller inkognitomodus - slik at du kan se all aktivitet, selv n\u00e5r brukerne pr\u00f8ver \u00e5 skjule sporene sine.<\/p>\n<h2>URL-sporing<\/h2>\n<p>Keyturion registrerer bes\u00f8kte nettadresser, uansett om de ble skrevet inn manuelt, \u00e5pnet fra bokmerker eller startet via snarveier. Dette eliminerer alle smutthull for tilgang til uautoriserte nettsteder, inkludert bes\u00f8k initiert fra autofullf\u00f8ring.<\/p>\n<h2>Nettstedsutl\u00f8ste varsler<\/h2>\n<p>Angi varsler for bestemte nettsteder eller nettadresser du vil blokkere eller spore. Motta \u00f8yeblikkelige e-postvarsler eller utl\u00f8s automatiske skjermbilder i det \u00f8yeblikket en regel brytes. Dette er nyttig for bedrifter som vil h\u00e5ndheve retningslinjer for akseptabel bruk, og for foreldre som vil sikre at barna unng\u00e5r upassende nettsteder.<\/p>","protected":false},"excerpt":{"rendered":"<p>Browsing History Monitoring web usage is a key feature of modern computer monitoring software. Keyturion tracks every website visited, regardless of how it was accessed \u2014 bypassing proxies, private mode, shortcuts, or browser history clicks. Visited Website Tracking in Private Mode Most browsers offer \u201cPrivate Mode\u201d to hide visited sites, search history, and cookies. Keyturion [&hellip;]<\/p>","protected":false},"author":2,"featured_media":127,"parent":751,"menu_order":0,"comment_status":"closed","ping_status":"closed","template":"page-feature.php","meta":{"footnotes":""},"class_list":["post-761","page","type-page","status-publish","has-post-thumbnail","hentry"],"acf":[],"_links":{"self":[{"href":"https:\/\/www.keyturion.com\/nb\/wp-json\/wp\/v2\/pages\/761","targetHints":{"allow":["GET"]}}],"collection":[{"href":"https:\/\/www.keyturion.com\/nb\/wp-json\/wp\/v2\/pages"}],"about":[{"href":"https:\/\/www.keyturion.com\/nb\/wp-json\/wp\/v2\/types\/page"}],"author":[{"embeddable":true,"href":"https:\/\/www.keyturion.com\/nb\/wp-json\/wp\/v2\/users\/2"}],"replies":[{"embeddable":true,"href":"https:\/\/www.keyturion.com\/nb\/wp-json\/wp\/v2\/comments?post=761"}],"version-history":[{"count":13,"href":"https:\/\/www.keyturion.com\/nb\/wp-json\/wp\/v2\/pages\/761\/revisions"}],"predecessor-version":[{"id":1478,"href":"https:\/\/www.keyturion.com\/nb\/wp-json\/wp\/v2\/pages\/761\/revisions\/1478"}],"up":[{"embeddable":true,"href":"https:\/\/www.keyturion.com\/nb\/wp-json\/wp\/v2\/pages\/751"}],"wp:featuredmedia":[{"embeddable":true,"href":"https:\/\/www.keyturion.com\/nb\/wp-json\/wp\/v2\/media\/127"}],"wp:attachment":[{"href":"https:\/\/www.keyturion.com\/nb\/wp-json\/wp\/v2\/media?parent=761"}],"curies":[{"name":"wp","href":"https:\/\/api.w.org\/{rel}","templated":true}]}}