{"id":759,"date":"2021-03-09T18:18:36","date_gmt":"2021-03-09T17:18:36","guid":{"rendered":"https:\/\/keyturion.com\/?page_id=759"},"modified":"2025-12-08T10:15:08","modified_gmt":"2025-12-08T09:15:08","slug":"clipboard-monitoring","status":"publish","type":"page","link":"https:\/\/www.keyturion.com\/nb\/funksjoner\/utklippstavle-overvaking\/","title":{"rendered":"Overv\u00e5king av utklippstavlen"},"content":{"rendered":"<h2>Sporing av copy-paste-innhold<\/h2>\n<p>En viktig <a href=\"https:\/\/www.keyturion.com\/nb\/for\/\" target=\"_blank\" rel=\"noopener\">datamaskinoverv\u00e5kingsfunksjon for Windows<\/a> er muligheten til \u00e5 se hva som er kopiert, limt inn eller klippet ut av brukeren. Keyturion sporer alle utklippstavleoperasjoner, noe som gj\u00f8r det uvurderlig i milj\u00f8er der det er forbudt \u00e5 kopiere sensitive data.<br \/>\nDet er ogs\u00e5 et kraftig produktivitetsverkt\u00f8y - du kan se tilbake p\u00e5 utklippstavlehistorikken fra tidligere dager for \u00e5 gjenopprette viktig tekst, kodestykker eller annen informasjon du har kopiert tidligere.<\/p>\n<h2>Solid programvare for utklippstavleoverv\u00e5king for Windows<\/h2>\n<p>Keyturion bevarer den opprinnelige formateringen av utklippstavleelementer, slik at du f\u00e5r en klar og n\u00f8yaktig oversikt over hva som ble kopiert. Formatering kan avsl\u00f8re brukerens intensjon og gi en dypere kontekst for handlingene deres.<\/p>\n<h2>Utklippstavlevarsler<\/h2>\n<p>Konfigurer varsler som utl\u00f8ses ved spesifikk aktivitet p\u00e5 utklippstavlen. Hvis ansatte for eksempel kopierer private n\u00f8kler eller begrenset informasjon, vil du bli varslet umiddelbart. Varsler kan tilpasses slik at bare bestemt utklippstavleinnhold utl\u00f8ser en hendelse, noe som hjelper deg med \u00e5 stoppe uautoriserte handlinger idet de skjer.<\/p>\n<h2>Sortering av utklippstavledata<\/h2>\n<p>Hvis utklippstavlen brukes ofte, hjelper Keyturion deg med \u00e5 administrere den p\u00e5 en effektiv m\u00e5te. Alle data som samles inn, kan senere gjennomg\u00e5s i en detaljert rapport som viser dato, klokkeslett, utl\u00f8ser og kopiert innhold. Dette gj\u00f8r det enkelt \u00e5 overv\u00e5ke flere brukere uten \u00e5 bli overveldet av stadige varsler.<\/p>","protected":false},"excerpt":{"rendered":"<p>Tracking Copy-Paste Content An essential computer monitoring feature for Windows is the ability to see what has been copied, pasted, or cut by the user. Keyturion tracks all clipboard operations, making it invaluable in environments where copying sensitive data is forbidden. It\u2019s also a powerful productivity tool \u2014 you can look back at clipboard history [&hellip;]<\/p>","protected":false},"author":2,"featured_media":124,"parent":751,"menu_order":0,"comment_status":"closed","ping_status":"closed","template":"page-feature.php","meta":{"footnotes":""},"class_list":["post-759","page","type-page","status-publish","has-post-thumbnail","hentry"],"acf":[],"_links":{"self":[{"href":"https:\/\/www.keyturion.com\/nb\/wp-json\/wp\/v2\/pages\/759","targetHints":{"allow":["GET"]}}],"collection":[{"href":"https:\/\/www.keyturion.com\/nb\/wp-json\/wp\/v2\/pages"}],"about":[{"href":"https:\/\/www.keyturion.com\/nb\/wp-json\/wp\/v2\/types\/page"}],"author":[{"embeddable":true,"href":"https:\/\/www.keyturion.com\/nb\/wp-json\/wp\/v2\/users\/2"}],"replies":[{"embeddable":true,"href":"https:\/\/www.keyturion.com\/nb\/wp-json\/wp\/v2\/comments?post=759"}],"version-history":[{"count":15,"href":"https:\/\/www.keyturion.com\/nb\/wp-json\/wp\/v2\/pages\/759\/revisions"}],"predecessor-version":[{"id":1473,"href":"https:\/\/www.keyturion.com\/nb\/wp-json\/wp\/v2\/pages\/759\/revisions\/1473"}],"up":[{"embeddable":true,"href":"https:\/\/www.keyturion.com\/nb\/wp-json\/wp\/v2\/pages\/751"}],"wp:featuredmedia":[{"embeddable":true,"href":"https:\/\/www.keyturion.com\/nb\/wp-json\/wp\/v2\/media\/124"}],"wp:attachment":[{"href":"https:\/\/www.keyturion.com\/nb\/wp-json\/wp\/v2\/media?parent=759"}],"curies":[{"name":"wp","href":"https:\/\/api.w.org\/{rel}","templated":true}]}}