{"id":757,"date":"2021-03-09T18:17:14","date_gmt":"2021-03-09T17:17:14","guid":{"rendered":"https:\/\/keyturion.com\/?page_id=757"},"modified":"2025-12-08T10:22:24","modified_gmt":"2025-12-08T09:22:24","slug":"screenshots-monitoring","status":"publish","type":"page","link":"https:\/\/www.keyturion.com\/nb\/funksjoner\/skjermbilder-overvaking-2\/","title":{"rendered":"Skjermbilde-skjermbilder"},"content":{"rendered":"<p>\u00c5 kunne se n\u00f8yaktig hva en bruker gj\u00f8r, er n\u00f8kkelen til enhver <a href=\"https:\/\/www.keyturion.com\/nb\/\" target=\"_blank\" rel=\"noopener\">effektiv programvare for dataoverv\u00e5king<\/a>. Keyturions Intelligent Screenshot System tilbyr presis, ressursvennlig og skjult skjermbildeopptak, uansett hvilket program som brukes.<\/p>\n<h3>Juster hyppigheten av skjermopptak<\/h3>\n<p>Angi hvor ofte skjermbilder skal tas - hvert minutt, hver time eller et hvilket som helst intervall du velger. \u00d8k frekvensen hvis du mistenker kortvarig, uautorisert aktivitet. Skjermbilder kan sendes direkte til deg for umiddelbar bekreftelse.<\/p>\n<h3>Egendefinerte varsler<\/h3>\n<p>Definer hendelser som utl\u00f8ser et skjermbilde og et varsel - for eksempel bestemte ord som skrives, programmer som startes, nettsteder som bes\u00f8kes eller utklippstavledata som kopieres. P\u00e5 denne m\u00e5ten blir du bare varslet n\u00e5r reglene brytes, noe som reduserer behovet for konstant overv\u00e5king og opprettholder brukernes personvern.<\/p>\n<h3>Intelligent system for skjermbilder<\/h3>\n<p>Du kan enkelt h\u00e5ndtere et stort antall skjermbilder ved \u00e5 sortere og filtrere dem slik at du raskt finner den mest relevante informasjonen.<\/p>\n<p>&nbsp;<\/p>","protected":false},"excerpt":{"rendered":"<p>Being able to see exactly what a user is doing is key to any effective computer monitoring software. Keyturion\u2019s Intelligent Screenshot System offers precise, resource-friendly, and covert screen capture, regardless of the application in use. Adjust Frequency of Screen Capture Set how often screenshots are taken \u2014 every minute, hour, or any interval you choose. [&hellip;]<\/p>","protected":false},"author":2,"featured_media":126,"parent":751,"menu_order":0,"comment_status":"closed","ping_status":"closed","template":"page-feature.php","meta":{"footnotes":""},"class_list":["post-757","page","type-page","status-publish","has-post-thumbnail","hentry"],"acf":[],"_links":{"self":[{"href":"https:\/\/www.keyturion.com\/nb\/wp-json\/wp\/v2\/pages\/757","targetHints":{"allow":["GET"]}}],"collection":[{"href":"https:\/\/www.keyturion.com\/nb\/wp-json\/wp\/v2\/pages"}],"about":[{"href":"https:\/\/www.keyturion.com\/nb\/wp-json\/wp\/v2\/types\/page"}],"author":[{"embeddable":true,"href":"https:\/\/www.keyturion.com\/nb\/wp-json\/wp\/v2\/users\/2"}],"replies":[{"embeddable":true,"href":"https:\/\/www.keyturion.com\/nb\/wp-json\/wp\/v2\/comments?post=757"}],"version-history":[{"count":14,"href":"https:\/\/www.keyturion.com\/nb\/wp-json\/wp\/v2\/pages\/757\/revisions"}],"predecessor-version":[{"id":1477,"href":"https:\/\/www.keyturion.com\/nb\/wp-json\/wp\/v2\/pages\/757\/revisions\/1477"}],"up":[{"embeddable":true,"href":"https:\/\/www.keyturion.com\/nb\/wp-json\/wp\/v2\/pages\/751"}],"wp:featuredmedia":[{"embeddable":true,"href":"https:\/\/www.keyturion.com\/nb\/wp-json\/wp\/v2\/media\/126"}],"wp:attachment":[{"href":"https:\/\/www.keyturion.com\/nb\/wp-json\/wp\/v2\/media?parent=757"}],"curies":[{"name":"wp","href":"https:\/\/api.w.org\/{rel}","templated":true}]}}