{"id":753,"date":"2021-03-09T17:30:18","date_gmt":"2021-03-09T16:30:18","guid":{"rendered":"https:\/\/keyturion.com\/?page_id=753"},"modified":"2025-12-08T10:19:17","modified_gmt":"2025-12-08T09:19:17","slug":"keylogger","status":"publish","type":"page","link":"https:\/\/www.keyturion.com\/nb\/funksjoner\/keylogger\/","title":{"rendered":"Keylogger"},"content":{"rendered":"<h2>Hva gj\u00f8r Keyturion Keylogger annerledes?<\/h2>\n<p><a href=\"https:\/\/www.keyturion.com\/nb\/\" target=\"_blank\" rel=\"noopener\">Keyturion<\/a> g\u00e5r utover forventningene til robust keylogging-programvare for Windows. Ved hjelp av v\u00e5r egenutviklede, intelligente teknologi for overv\u00e5king av tastetrykk f\u00e5r du full oversikt over hvert eneste tastetrykk som legges inn p\u00e5 datamaskinen.<\/p>\n<h3>Tastetrykklogger som bevarer opprinnelig formatering<\/h3>\n<p>V\u00e5r unike <strong>keylogging-programvare<\/strong> for Windows s\u00f8rger for at den opprinnelige formateringen av den inntastede teksten bevares n\u00f8yaktig slik brukeren skrev den inn. Det betyr at du kan se hver eneste tast en bruker har tastet inn, i n\u00f8yaktig det formatet som ble vist p\u00e5 datamaskinen - uten omformatering eller endringer. Du vet n\u00f8yaktig hva som ble skrevet og hvordan det ble vist.<\/p>\n<h3>Konfigurerbar og fleksibel tastaturoverv\u00e5king<\/h3>\n<p><a href=\"https:\/\/www.keyturion.com\/nb\/\" target=\"_blank\" rel=\"noopener\">Keyturion programvare for overv\u00e5king av datamaskiner<\/a> er en <strong>sv\u00e6rt konfigurerbar og fleksibel keylogger<\/strong>som er utformet for \u00e5 passe inn i organisasjonen din, samtidig som personvernregler og -lover overholdes.<\/p>\n<p>Hvis organisasjonen forbyr logging av visse private data, kan du konfigurere Keyturion slik at den bare fanger opp spesifikk informasjon - for eksempel applikasjonsbruk - og ignorerer annen informasjon, for eksempel passord i nettlesere. P\u00e5 denne m\u00e5ten sikrer du at personvernbestemmelsene overholdes, samtidig som du overv\u00e5ker relevant medarbeideraktivitet.<\/p>\n<p>Fleksible innstillinger gj\u00f8r det mulig \u00e5 definere regler for sikkerhetsekskludering etter navn p\u00e5 kj\u00f8rbare filer\/prosesser eller tittel p\u00e5 programvindu.<\/p>\n<p>Du kan ogs\u00e5 filtrere bort alle utvidede taster som ikke er relevante for de innsamlede dataene. Hvis for eksempel piltaster eller backspace-tasten forstyrrer tolkningen av en brukers handlinger, kan du ekskludere dem med Keyturion. Du kan filtrere taster, inkludert backspace, Alt, Ctrl og andre utvidede taster, slik at du f\u00e5r full kontroll over dataene som presenteres.<\/p>\n<h3>Ikke motstridende<\/h3>\n<p><strong>Mange keyloggere mislykkes<\/strong> til \u00e5 fungere s\u00f8ml\u00f8st med annen programvare, noe som kan f\u00f8re til problemer med tastaturinndata, treghet i programmet eller feil som krasjer arbeidsflyten. Da vi utviklet Keyturion, s\u00f8rget vi for at den fungerer uten \u00e5 komme i konflikt med andre Windows-programmer.<\/p>\n<p>Denne kraftige teknologien kj\u00f8rer problemfritt ved siden av alle eksisterende programmer, og s\u00f8rger for at tastetrykkloggingen fortsetter mens brukeren er i gang med et hvilket som helst program.<br \/>\nKeyturion avsl\u00f8rer ikke bare hvilket program som er \u00e5pent, men viser ogs\u00e5 n\u00f8yaktig hva brukeren gj\u00f8r i det aktuelle programmet - noe som gir verdifull innsikt og data som kan brukes til handling.<\/p>\n<h3>Ressursvennlig <a href=\"https:\/\/www.keylogger.pl\/\" target=\"_blank\" rel=\"noopener\">Keylogger<\/a> Motor<\/h3>\n<p>Dette funksjonsrike keylogging-verkt\u00f8yet er optimalisert for \u00e5 ha minimal innvirkning p\u00e5 systemressursene. Mens det kj\u00f8rer, er effekten p\u00e5 ytelsen praktisk talt umerkelig. Dette er avgj\u00f8rende for \u00e5 unng\u00e5 forstyrrelser og holde keyloggeren skjult.<\/p>\n<p>Hvis et nyinstallert program gj\u00f8r datamaskinen tregere, kan brukerne f\u00e5 mistanke om at det er installert. Med Keyturion <strong><a href=\"https:\/\/www.keyturion.com\/nb\/free-keylogger\/\" target=\"_blank\" rel=\"noopener\">gratis keylogger-programvare<\/a><\/strong>er denne risikoen minimert. Den ubetydelige ytelsesp\u00e5virkningen gj\u00f8r at den kan kj\u00f8re stille i bakgrunnen, helt ubemerket.<\/p>\n<p>&nbsp;<\/p>","protected":false},"excerpt":{"rendered":"<p>What Makes Keyturion Keylogger Different? Keyturion goes beyond the expectations of robust keylogging software for Windows. Using our proprietary intelligent key monitoring technology, you gain a complete understanding of every keystroke entered on your computer. Keystroke Logger That Maintains Original Formatting Our unique keylogging software for Windows ensures that the original formatting of typed text [&hellip;]<\/p>","protected":false},"author":2,"featured_media":122,"parent":751,"menu_order":0,"comment_status":"closed","ping_status":"closed","template":"page-feature.php","meta":{"footnotes":""},"class_list":["post-753","page","type-page","status-publish","has-post-thumbnail","hentry"],"acf":[],"_links":{"self":[{"href":"https:\/\/www.keyturion.com\/nb\/wp-json\/wp\/v2\/pages\/753","targetHints":{"allow":["GET"]}}],"collection":[{"href":"https:\/\/www.keyturion.com\/nb\/wp-json\/wp\/v2\/pages"}],"about":[{"href":"https:\/\/www.keyturion.com\/nb\/wp-json\/wp\/v2\/types\/page"}],"author":[{"embeddable":true,"href":"https:\/\/www.keyturion.com\/nb\/wp-json\/wp\/v2\/users\/2"}],"replies":[{"embeddable":true,"href":"https:\/\/www.keyturion.com\/nb\/wp-json\/wp\/v2\/comments?post=753"}],"version-history":[{"count":20,"href":"https:\/\/www.keyturion.com\/nb\/wp-json\/wp\/v2\/pages\/753\/revisions"}],"predecessor-version":[{"id":1475,"href":"https:\/\/www.keyturion.com\/nb\/wp-json\/wp\/v2\/pages\/753\/revisions\/1475"}],"up":[{"embeddable":true,"href":"https:\/\/www.keyturion.com\/nb\/wp-json\/wp\/v2\/pages\/751"}],"wp:featuredmedia":[{"embeddable":true,"href":"https:\/\/www.keyturion.com\/nb\/wp-json\/wp\/v2\/media\/122"}],"wp:attachment":[{"href":"https:\/\/www.keyturion.com\/nb\/wp-json\/wp\/v2\/media?parent=753"}],"curies":[{"name":"wp","href":"https:\/\/api.w.org\/{rel}","templated":true}]}}