{"id":522,"date":"2019-05-16T11:05:56","date_gmt":"2019-05-16T09:05:56","guid":{"rendered":"https:\/\/keyturion.com\/?page_id=522"},"modified":"2025-08-29T19:41:18","modified_gmt":"2025-08-29T17:41:18","slug":"purchase","status":"publish","type":"page","link":"https:\/\/www.keyturion.com\/nb\/kjop-2\/","title":{"rendered":"Innkj\u00f8p"},"content":{"rendered":"<h3 class=\"standard\" style=\"text-align: center;\">Grunnleggende informasjon<\/h3>\n<p>-\ufe0e <strong>Prisene som vises er engangsbetalinger for den valgte perioden (1, 3 eller 12 m\u00e5neder)<\/strong>. Vi tar ikke betalt hver m\u00e5ned, og det er ingen automatiske fornyelser eller gjentatte betalinger. Du bestemmer selv n\u00e5r og om du vil fornye abonnementet - alt er helt i din kontroll!<\/p>\n<p>-\ufe0e <strong>Alle utgavene av Keyturion-produktene v\u00e5re, inkludert varianter av disse, er egnet for b\u00e5de bedrifts- og hjemmemilj\u00f8er<\/strong>. Navnet \"Personal\" refererer til antall lisenser, ikke til bruksbegrensninger.<\/p>\n<p>-Ved kj\u00f8p av 20 eller flere enheter er full tilpasning tilgjengelig. Du kan for eksempel bestille Keyturion PRO for 30 enheter i ett \u00e5r, med en datalagringsperiode p\u00e5 seks m\u00e5neder. Vi vil gi deg et personlig tilpasset tilbud for dette. Ta kontakt med oss ved \u00e5 bruke v\u00e5r <a href=\"https:\/\/www.keyturion.com\/nb\/kontakt\/\" target=\"_blank\" rel=\"noopener\">Kontakt side<\/a>.<\/p>\n<p>&nbsp;<\/p>\n<h3 style=\"text-align: center;\">Vanlige sp\u00f8rsm\u00e5l om innkj\u00f8p og lisensiering<\/h3>\n<h4 style=\"font-size: 18px; color: #005cc3;\">Kan jeg bruke min eksisterende lisens etter at jeg har byttet til en annen enhet eller et annet operativsystem?<\/h4>\n<p>Gode nyheter! Du kan enkelt overf\u00f8re din eksisterende lisens i denne situasjonen. Det er ikke n\u00f8dvendig \u00e5 kj\u00f8pe en ny. Du kan overf\u00f8re lisensen din s\u00e5 mange ganger du vil i l\u00f8pet av lisensperioden. Du kan gj\u00f8re dette selv via administrasjonspanelet v\u00e5rt - bare avinstaller agenten fra den gamle datamaskinen og fjern den fra nettpanelet (PRO-versjonen). S\u00e5 enkelt er det!<\/p>\n<h4 style=\"font-size: 18px; color: #005cc3;\">Kan jeg overv\u00e5ke mer enn \u00e9n brukerkonto p\u00e5 \u00e9n enkelt Windows-datamaskin?<\/h4>\n<p>Ja! Du kan overv\u00e5ke flere systembrukere i Windows p\u00e5 \u00e9n datamaskin. Hvis du for eksempel har tre brukere p\u00e5 \u00e9n enkelt fysisk maskin, dekker en lisens for \u00e9n enhet dem alle.<\/p>\n<h4 style=\"font-size: 18px; color: #005cc3;\">Er det noen forskjell p\u00e5 varene i handlekurven, bortsett fra det maksimale antallet enheter du kan installere programvaren p\u00e5?<\/h4>\n<p>Nei. Alle versjoner for 1, 5 og 10 enheter for PRO (eller 1 og 3 for vanlig) har de samme funksjonene. Det er ett lite unntak: PRO-versjonen tilbyr en ekstra datalagringsparameter for 1-\u00e5rsversjoner, slik at du kan velge en h\u00f8yere verdi enn standardalternativet p\u00e5 \u00e9n m\u00e5ned p\u00e5 kj\u00f8pssiden.<\/p>\n<h4 style=\"font-size: 18px; color: #005cc3;\">Hva betyr parameteren \"Data Retention period\" p\u00e5 kj\u00f8pssiden for PRO 1-\u00e5rsversjonen?<\/h4>\n<p>Parameteren \"Retention\" som du ser i butikken for Keyturion PRO, bestemmer hvor lenge de innloggede dataene dine oppbevares p\u00e5 serveren.<\/p>\n<p>Hvis du for eksempel kj\u00f8per en 1-\u00e5rslisens med en oppbevaringsperiode p\u00e5 3 m\u00e5neder, er lisensen og kontoen din gyldig i hele \u00e5ret, men dataene lagres i maksimalt 3 m\u00e5neder. Data som er eldre enn lagringsperioden, slettes automatisk.<br \/>\nI eksemplet ovenfor vil du etter fire m\u00e5neders bruk ha tilgang til data fra de siste 90 dagene (den tidligste m\u00e5neden slettes automatisk).<\/p>","protected":false},"excerpt":{"rendered":"<p>Basic information \u2022\ufe0e The prices shown are one-time payments for the selected period (1, 3 or 12 months). We don\u2019t charge you monthly, and there are no auto-renewals or recurring payments. You decide when and if you want to renew\u2014everything is entirely in your control! \u2022\ufe0e All editions of our Keyturion products, including their variants, [&hellip;]<\/p>","protected":false},"author":2,"featured_media":0,"parent":0,"menu_order":0,"comment_status":"closed","ping_status":"closed","template":"page-koszyk-2024.php","meta":{"footnotes":""},"class_list":["post-522","page","type-page","status-publish","hentry"],"acf":[],"_links":{"self":[{"href":"https:\/\/www.keyturion.com\/nb\/wp-json\/wp\/v2\/pages\/522","targetHints":{"allow":["GET"]}}],"collection":[{"href":"https:\/\/www.keyturion.com\/nb\/wp-json\/wp\/v2\/pages"}],"about":[{"href":"https:\/\/www.keyturion.com\/nb\/wp-json\/wp\/v2\/types\/page"}],"author":[{"embeddable":true,"href":"https:\/\/www.keyturion.com\/nb\/wp-json\/wp\/v2\/users\/2"}],"replies":[{"embeddable":true,"href":"https:\/\/www.keyturion.com\/nb\/wp-json\/wp\/v2\/comments?post=522"}],"version-history":[{"count":82,"href":"https:\/\/www.keyturion.com\/nb\/wp-json\/wp\/v2\/pages\/522\/revisions"}],"predecessor-version":[{"id":1426,"href":"https:\/\/www.keyturion.com\/nb\/wp-json\/wp\/v2\/pages\/522\/revisions\/1426"}],"wp:attachment":[{"href":"https:\/\/www.keyturion.com\/nb\/wp-json\/wp\/v2\/media?parent=522"}],"curies":[{"name":"wp","href":"https:\/\/api.w.org\/{rel}","templated":true}]}}