{"id":370,"date":"2019-02-06T16:47:02","date_gmt":"2019-02-06T15:47:02","guid":{"rendered":"https:\/\/keyturion.com\/?page_id=370"},"modified":"2025-08-10T19:27:51","modified_gmt":"2025-08-10T17:27:51","slug":"about-us","status":"publish","type":"page","link":"https:\/\/www.keyturion.com\/nb\/om-oss\/","title":{"rendered":"Om oss"},"content":{"rendered":"<h3>Om selskapet<\/h3>\n<p>Vi har utviklet programvare og overv\u00e5kingsutstyr siden 2007, og har laget verkt\u00f8y som brukes av b\u00e5de privatpersoner og bedrifter over hele verden.<br \/>\nKeyturion er resultatet av v\u00e5r mange\u00e5rige erfaring og v\u00e5r respons p\u00e5 kundenes behov - et innovativt overv\u00e5kingsverkt\u00f8y som kan spore all aktivitet p\u00e5 en datamaskin.<\/p>\n<h3>Tillit og sikkerhet<\/h3>\n<p>Vi s\u00f8rger for det h\u00f8yeste sikkerhetsniv\u00e5et for brukerne v\u00e5re. Vi har ikke tilgang til dine private data, og programmet inneholder ingen skjulte funksjoner. N\u00e5r du installerer programvaren v\u00e5r, kan du v\u00e6re trygg p\u00e5 at det kun er du som h\u00e5ndterer de sensitive dataene dine.<\/p>","protected":false},"excerpt":{"rendered":"<p>About the Company We have been developing software and monitoring devices since 2007, creating tools used by both individual users and companies worldwide. Keyturion is the result of our many years of experience and our response to the needs of our clients \u2014 an innovative monitoring tool that can track any activity on a computer. [&hellip;]<\/p>","protected":false},"author":2,"featured_media":0,"parent":0,"menu_order":0,"comment_status":"closed","ping_status":"closed","template":"","meta":{"footnotes":""},"class_list":["post-370","page","type-page","status-publish","hentry"],"acf":[],"_links":{"self":[{"href":"https:\/\/www.keyturion.com\/nb\/wp-json\/wp\/v2\/pages\/370","targetHints":{"allow":["GET"]}}],"collection":[{"href":"https:\/\/www.keyturion.com\/nb\/wp-json\/wp\/v2\/pages"}],"about":[{"href":"https:\/\/www.keyturion.com\/nb\/wp-json\/wp\/v2\/types\/page"}],"author":[{"embeddable":true,"href":"https:\/\/www.keyturion.com\/nb\/wp-json\/wp\/v2\/users\/2"}],"replies":[{"embeddable":true,"href":"https:\/\/www.keyturion.com\/nb\/wp-json\/wp\/v2\/comments?post=370"}],"version-history":[{"count":28,"href":"https:\/\/www.keyturion.com\/nb\/wp-json\/wp\/v2\/pages\/370\/revisions"}],"predecessor-version":[{"id":1390,"href":"https:\/\/www.keyturion.com\/nb\/wp-json\/wp\/v2\/pages\/370\/revisions\/1390"}],"wp:attachment":[{"href":"https:\/\/www.keyturion.com\/nb\/wp-json\/wp\/v2\/media?parent=370"}],"curies":[{"name":"wp","href":"https:\/\/api.w.org\/{rel}","templated":true}]}}