{"id":1240,"date":"2024-09-04T09:29:03","date_gmt":"2024-09-04T07:29:03","guid":{"rendered":"https:\/\/keyturion.com\/?page_id=1240"},"modified":"2024-09-13T23:09:05","modified_gmt":"2024-09-13T21:09:05","slug":"cart2024","status":"publish","type":"page","link":"https:\/\/www.keyturion.com\/nb\/cart2024\/","title":{"rendered":"Cart2024"},"content":{"rendered":"<h4 class=\"standard\">Grunnleggende lisensinformasjon<\/h4>\n<p class=\"standard\">KeyTurion og KeyTurion PRO-lisenser er egnet for b\u00e5de personlig og forretningsbruk. Etter \u00e5 ha trykket p\u00e5 knappen \"Kj\u00f8p n\u00e5\", vil du bli omdirigert til v\u00e5r betalingsbehandlerside (PayPro Global). Lisensen din sammen med en faktura vil bli levert til den angitte e-postadressen.<\/p>\n<p class=\"standard\">KeyTurion-lisensn\u00f8kkelen vil tillate deg \u00e5 bruke alle funksjonene i applikasjonen i 12 m\u00e5neder og motta alle fremtidige oppgraderinger i l\u00f8pet av denne perioden for <strong>gratis<\/strong>. Hvis du \u00f8ker antallet lisenser p\u00e5 kj\u00f8p- og betalingssiden, \u00f8ker antallet mulige lisensierte datamaskiner. For eksempel vil en lisens for 3 enheter generere en enkelt lisensn\u00f8kkel som er gyldig for 3 datamaskiner.<\/p>\n<h4 class=\"standard\">Kan jeg oppgradere KeyTurion til KeyTurion PRO?<\/h4>\n<p class=\"standard\">Ja, det kan du. Hvis du vil oppgradere, m\u00e5 du kontakte oss ved hjelp av v\u00e5r <a href=\"https:\/\/www.keyturion.com\/nb\/kontakt\/\" target=\"_blank\" rel=\"noopener\">Kontakt side<\/a>.<\/p>\n<h4>Hva betyr parameteren: \"<label class=\"col-sm-4 control-label\" for=\"selection_49853\">Oppbevaringsperiode for data<\/label>\" p\u00e5 shoppingsiden betyr?<\/h4>\n<p>Parameteren i \"Retention\" som du ser i butikken for Keyturion PRO er parameteren som bestemmer hvor lenge dine innloggede data oppbevares p\u00e5 serveren.<\/p>\n<p>Hvis du for eksempel kj\u00f8per en standard ett\u00e5rslisens med en oppbevaringsperiode p\u00e5 3 m\u00e5neder, betyr det at lisensen og kontoen din er gyldig i et helt \u00e5r, men dataene lagres i maksimalt 3 m\u00e5neder, og data som er eldre enn oppbevaringsperioden, slettes automatisk.<br \/>\nMed tanke p\u00e5 eksemplet ovenfor vil du etter 4 m\u00e5neders bruk ha tilgang til data fra de siste 3 m\u00e5nedene (den f\u00f8rste eldste m\u00e5neden slettes automatisk).<\/p>","protected":false},"excerpt":{"rendered":"<p>Grunnleggende lisensinformasjon KeyTurion og KeyTurion PRO-lisenser er egnet for b\u00e5de personlig og forretningsbruk. Etter at du har trykket p\u00e5 \"Kj\u00f8p n\u00e5\"-knappen, vil du bli omdirigert til v\u00e5r betalingsbehandler (PayPro Global). Din lisens sammen med en faktura vil bli levert til den angitte e-postadressen. KeyTurion-lisensn\u00f8kkelen vil tillate deg \u00e5 bruke alle [...]<\/p>","protected":false},"author":2,"featured_media":0,"parent":0,"menu_order":0,"comment_status":"closed","ping_status":"closed","template":"page-koszyk-2024.php","meta":{"footnotes":""},"class_list":["post-1240","page","type-page","status-publish","hentry"],"acf":[],"_links":{"self":[{"href":"https:\/\/www.keyturion.com\/nb\/wp-json\/wp\/v2\/pages\/1240","targetHints":{"allow":["GET"]}}],"collection":[{"href":"https:\/\/www.keyturion.com\/nb\/wp-json\/wp\/v2\/pages"}],"about":[{"href":"https:\/\/www.keyturion.com\/nb\/wp-json\/wp\/v2\/types\/page"}],"author":[{"embeddable":true,"href":"https:\/\/www.keyturion.com\/nb\/wp-json\/wp\/v2\/users\/2"}],"replies":[{"embeddable":true,"href":"https:\/\/www.keyturion.com\/nb\/wp-json\/wp\/v2\/comments?post=1240"}],"version-history":[{"count":5,"href":"https:\/\/www.keyturion.com\/nb\/wp-json\/wp\/v2\/pages\/1240\/revisions"}],"predecessor-version":[{"id":1256,"href":"https:\/\/www.keyturion.com\/nb\/wp-json\/wp\/v2\/pages\/1240\/revisions\/1256"}],"wp:attachment":[{"href":"https:\/\/www.keyturion.com\/nb\/wp-json\/wp\/v2\/media?parent=1240"}],"curies":[{"name":"wp","href":"https:\/\/api.w.org\/{rel}","templated":true}]}}