{"id":1172,"date":"2024-04-12T12:31:54","date_gmt":"2024-04-12T10:31:54","guid":{"rendered":"https:\/\/keyturion.com\/?page_id=1172"},"modified":"2025-09-29T14:51:40","modified_gmt":"2025-09-29T12:51:40","slug":"download-free-keylogger","status":"publish","type":"page","link":"https:\/\/www.keyturion.com\/nb\/last-ned-gratis-keylogger\/","title":{"rendered":"Last ned gratis keylogger"},"content":{"rendered":"<p style=\"text-align: center;\"><strong>Keyturion gratis keylogger<\/strong> er en gratisutgave av den kommersielle versjonen med mindre begrensninger:<br \/>\nI forhold til den kommersielle versjonen mangler den muligheten til \u00e5 skjule og sende til e-post, men alle andre funksjoner er identiske med betalingsversjonen!<br \/>\nProgramvaren er 100% sikker og sender ingen data til oss! Ingen adware eller sporingsstatistikk. 100% ren.<br \/>\n<s><strong>Skriv inn e-postadressen din nedenfor, s\u00e5 f\u00e5r du tilsendt en gratis lisens og en lenke til nedlasting av programvaren.<\/strong><\/s><\/p>\n<h3 style=\"text-align: center; background-color: #f0ffea;\">Fra og med 29. september 2025 vil vi ikke lenger tilby gratisversjonen. Vi \u00f8nsker \u00e5 fokusere p\u00e5 v\u00e5re lojale kunder som har vist oss tillit. N\u00e5 prioriterer vi \u00e5 konsentrere oss om betalte abonnementer, noe som krever st\u00f8rre satsing p\u00e5 utvikling og support.<br \/>\nVi oppfordrer deg til \u00e5 pr\u00f8ve en gratis pr\u00f8veversjon av hovedproduktet v\u00e5rt. <a href=\"https:\/\/www.keyturion.com\/nb\/demo-2\/\" target=\"_blank\" rel=\"noopener\">Keyturion PRO.<\/a><\/h3>\n<p>&nbsp;<\/p>\n<p style=\"text-align: center;\">E-postadressen din vil kun bli brukt \u00e9n gang for \u00e5 generere din individuelle lisens, vi vil ikke bruke adressen din til noe annet form\u00e5l, vi vil ikke engang sende deg noen tilbud, vi liker ikke spam som du gj\u00f8r.<\/p>\n<p style=\"text-align: center;\">\n<style>\n    .faq-section h2 {<br \/>        color: #333;<br \/>        font-size: 24px;<br \/>        margin-bottom: 20px;<br \/>    }<\/p>\n<p>    .faq-section h3 {<br \/>        color: #0073aa;<br \/>        font-size: 18px;<br \/>        cursor: pointer;<br \/>        margin-top: 10px;<br \/>    }<\/p>\n<p>    .faq-section p {<br \/>        font-size: 14px;<br \/>        color: #666;<br \/>        margin-top: 5px;<br \/>    }<br \/><\/style>\n<\/p>\n<div class=\"faq-section\">\n<h2 style=\"text-align: center;\">Ofte stilte sp\u00f8rsm\u00e5l om gratis keylogger - ofte stilte sp\u00f8rsm\u00e5l<\/h2>\n<h3 style=\"text-align: center;\">1. Er programmet virkelig gratis?<\/h3>\n<p style=\"text-align: center;\">Ja, det er en helt gratis programvare. Vi sender deg en ett\u00e5rslisens gratis til den oppgitte e-postadressen. Etter denne perioden trenger du bare \u00e5 s\u00f8ke om lisensen p\u00e5 nytt (p\u00e5 denne siden) for \u00e5 f\u00e5 den tilsendt til samme eller en annen e-postadresse.<\/p>\n<h3 style=\"text-align: center;\">2. Kan jeg installere det i bedriften min?<\/h3>\n<p style=\"text-align: center;\">Ja, gratisversjonen har ingen begrensninger. Den kan brukes gratis av b\u00e5de privatpersoner og bedrifter p\u00e5 et ubegrenset antall datamaskiner.<\/p>\n<h3 style=\"text-align: center;\">3. Inneholder programmet noen skjulte funksjoner?<\/h3>\n<p style=\"text-align: center;\">Nei, v\u00e5r Freemium-modell er helt transparent og trygg. Programmet sender oss ingen statistiske data eller annet, og alt som logges, forblir p\u00e5 datamaskinen din. Det er imidlertid viktig \u00e5 huske p\u00e5 at overv\u00e5kningsprogrammer som keyloggere ofte blir angrepet av antivirusprogrammer, s\u00e5 det er dessverre mulig at programmet feilaktig oppdages som en trussel. Hvis du st\u00f8ter p\u00e5 et slikt problem, b\u00f8r du bruke unntaks-\/ekskluderingsfunksjonen i antivirusprogrammet.<\/p>\n<\/div>\n<h3><\/h3>\n<h2 style=\"text-align: center;\">Operativsystemer som st\u00f8ttes:<\/h2>\n<p style=\"text-align: center;\">Windows 11, Windows 10,<br \/>\nWindows 8.1, Windows 7, Windows Vista, Windows Vista<\/p>","protected":false},"excerpt":{"rendered":"<p>Keyturion Free Keylogger er en gratis utgave av den kommersielle versjonen med mindre begrensninger: I forhold til den kommersielle versjonen mangler den muligheten for full skjuling og sending til e-post, alle andre funksjoner er identiske som i den betalte versjonen! Programvaren er 100% sikker og sender ingen data til oss! Ingen adware [...]<\/p>","protected":false},"author":2,"featured_media":0,"parent":0,"menu_order":0,"comment_status":"closed","ping_status":"closed","template":"","meta":{"footnotes":""},"class_list":["post-1172","page","type-page","status-publish","hentry"],"acf":[],"_links":{"self":[{"href":"https:\/\/www.keyturion.com\/nb\/wp-json\/wp\/v2\/pages\/1172","targetHints":{"allow":["GET"]}}],"collection":[{"href":"https:\/\/www.keyturion.com\/nb\/wp-json\/wp\/v2\/pages"}],"about":[{"href":"https:\/\/www.keyturion.com\/nb\/wp-json\/wp\/v2\/types\/page"}],"author":[{"embeddable":true,"href":"https:\/\/www.keyturion.com\/nb\/wp-json\/wp\/v2\/users\/2"}],"replies":[{"embeddable":true,"href":"https:\/\/www.keyturion.com\/nb\/wp-json\/wp\/v2\/comments?post=1172"}],"version-history":[{"count":33,"href":"https:\/\/www.keyturion.com\/nb\/wp-json\/wp\/v2\/pages\/1172\/revisions"}],"predecessor-version":[{"id":1438,"href":"https:\/\/www.keyturion.com\/nb\/wp-json\/wp\/v2\/pages\/1172\/revisions\/1438"}],"wp:attachment":[{"href":"https:\/\/www.keyturion.com\/nb\/wp-json\/wp\/v2\/media?parent=1172"}],"curies":[{"name":"wp","href":"https:\/\/api.w.org\/{rel}","templated":true}]}}