{"id":763,"date":"2021-03-09T18:20:13","date_gmt":"2021-03-09T17:20:13","guid":{"rendered":"https:\/\/keyturion.com\/?page_id=763"},"modified":"2025-12-08T10:14:04","modified_gmt":"2025-12-08T09:14:04","slug":"applications-time-tracking","status":"publish","type":"page","link":"https:\/\/www.keyturion.com\/it\/caratteristiche\/applicazioni-tracciamento-del-tempo\/","title":{"rendered":"Applicazioni Tracciamento del tempo"},"content":{"rendered":"<p>Keyturion <a href=\"https:\/\/www.keyturion.com\/it\/professionista\/\" target=\"_blank\" rel=\"noopener\">software di monitoraggio per Windows<\/a> \u00e8 una soluzione avanzata che consente di <strong>tracciare l'utilizzo dell'applicazione in modo dettagliato<\/strong>. Mostra esattamente quando un utente lancia un programma e per quanto tempo lo utilizza attivamente.<br \/>\nQuesto \u00e8 fondamentale per comprendere i modelli di produttivit\u00e0, soprattutto in ambienti aziendali in cui il tempo ha un impatto diretto sui risultati. Se un dipendente trascorre un tempo insolito in un'applicazione specifica senza fornire i risultati attesi, Keyturion vi offre la possibilit\u00e0 di scoprirne il motivo.<\/p>\n<h2><strong>Tracciamento e ordinamento accurato della durata<\/strong><\/h2>\n<p>Una delle caratteristiche pi\u00f9 potenti di Keyturion \u00e8 la possibilit\u00e0 di <strong>monitorare la durata di utilizzo di ciascuna applicazione<\/strong> nel sistema operativo Windows.<br \/>\nCome un sistema completo di <a href=\"https:\/\/www.keyturion.com\/it\/software-di-monitoraggio-dei-dipendenti\/\" target=\"_blank\" rel=\"noopener\">software di monitoraggio dei dipendenti<\/a>Il programma, strumento di controllo parentale e sistema di sorveglianza discreto del PC, registra tutti i programmi avviati e il loro preciso tempo di utilizzo.<\/p>\n<p>\u00c8 possibile confrontare l'allocazione giornaliera del tempo tra pi\u00f9 app, individuare comportamenti insoliti e rilevare se un determinato software diventa un \"spreco di tempo\".<br \/>\nDal punto di vista della produttivit\u00e0, queste informazioni aiutano i manager a identificare le inefficienze, a ottimizzare i flussi di lavoro e a migliorare le prestazioni dei team.<\/p>\n<p>La funzione di statistica avanzata consente un'immersione pi\u00f9 profonda, mostrando non solo il tempo totale trascorso in un programma, ma anche il tempo di permanenza in un programma. <strong>rapporto tra tempo attivo e tempo inattivo<\/strong>. In Keyturion Pro \u00e8 possibile confrontare queste metriche tra i diversi utenti, ottenendo una panoramica completa delle prestazioni dell'intera organizzazione.<\/p>\n<h2><strong>Avvisi personalizzati e monitoraggio delle applicazioni<\/strong><\/h2>\n<p>Con Keyturion \u00e8 possibile configurare <strong>avvisi in tempo reale<\/strong> per l'utilizzo di applicazioni specifiche. Ogni volta che viene lanciato un programma monitorato, il software pu\u00f2 inviare una notifica istantanea via e-mail e iniziare a catturare automaticamente gli screenshot dell'attivit\u00e0 dell'utente.<\/p>\n<p>\u00c8 l'ideale per monitorare software sensibili o potenzialmente utilizzati in modo improprio. Nel momento in cui viene aperta un'applicazione segnalata, Keyturion inizia a documentare esattamente ci\u00f2 che l'utente sta facendo, fornendo cos\u00ec informazioni immediate e perseguibili.<br \/>\nSia che si tratti di sicurezza aziendale, di conformit\u00e0 o di controllo della produttivit\u00e0, questo sistema di allarme vi garantisce di essere sempre un passo avanti.<\/p>","protected":false},"excerpt":{"rendered":"<p>Il software di monitoraggio Keyturion per Windows \u00e8 una soluzione avanzata che consente di monitorare l'utilizzo delle applicazioni in modo dettagliato. Mostra esattamente quando un utente lancia un programma e per quanto tempo lo utilizza attivamente. Questo \u00e8 fondamentale per comprendere i modelli di produttivit\u00e0, soprattutto in ambienti aziendali dove il tempo ha un impatto diretto sui risultati. Se un dipendente trascorre un [...]<\/p>","protected":false},"author":2,"featured_media":128,"parent":751,"menu_order":0,"comment_status":"closed","ping_status":"closed","template":"page-feature.php","meta":{"footnotes":""},"class_list":["post-763","page","type-page","status-publish","has-post-thumbnail","hentry"],"acf":[],"_links":{"self":[{"href":"https:\/\/www.keyturion.com\/it\/wp-json\/wp\/v2\/pages\/763","targetHints":{"allow":["GET"]}}],"collection":[{"href":"https:\/\/www.keyturion.com\/it\/wp-json\/wp\/v2\/pages"}],"about":[{"href":"https:\/\/www.keyturion.com\/it\/wp-json\/wp\/v2\/types\/page"}],"author":[{"embeddable":true,"href":"https:\/\/www.keyturion.com\/it\/wp-json\/wp\/v2\/users\/2"}],"replies":[{"embeddable":true,"href":"https:\/\/www.keyturion.com\/it\/wp-json\/wp\/v2\/comments?post=763"}],"version-history":[{"count":15,"href":"https:\/\/www.keyturion.com\/it\/wp-json\/wp\/v2\/pages\/763\/revisions"}],"predecessor-version":[{"id":1472,"href":"https:\/\/www.keyturion.com\/it\/wp-json\/wp\/v2\/pages\/763\/revisions\/1472"}],"up":[{"embeddable":true,"href":"https:\/\/www.keyturion.com\/it\/wp-json\/wp\/v2\/pages\/751"}],"wp:featuredmedia":[{"embeddable":true,"href":"https:\/\/www.keyturion.com\/it\/wp-json\/wp\/v2\/media\/128"}],"wp:attachment":[{"href":"https:\/\/www.keyturion.com\/it\/wp-json\/wp\/v2\/media?parent=763"}],"curies":[{"name":"wp","href":"https:\/\/api.w.org\/{rel}","templated":true}]}}