{"id":759,"date":"2021-03-09T18:18:36","date_gmt":"2021-03-09T17:18:36","guid":{"rendered":"https:\/\/keyturion.com\/?page_id=759"},"modified":"2025-12-08T10:15:08","modified_gmt":"2025-12-08T09:15:08","slug":"clipboard-monitoring","status":"publish","type":"page","link":"https:\/\/www.keyturion.com\/it\/caratteristiche\/monitoraggio-degli-appunti\/","title":{"rendered":"Monitoraggio degli appunti"},"content":{"rendered":"<h2>Tracciamento dei contenuti copia-incolla<\/h2>\n<p>Un elemento essenziale <a href=\"https:\/\/www.keyturion.com\/it\/professionista\/\" target=\"_blank\" rel=\"noopener\">funzione di monitoraggio del computer per Windows<\/a> \u00e8 la possibilit\u00e0 di vedere cosa \u00e8 stato copiato, incollato o tagliato dall'utente. Keyturion tiene traccia di tutte le operazioni degli appunti, rendendolo prezioso negli ambienti in cui \u00e8 vietato copiare dati sensibili.<br \/>\n\u00c8 anche un potente strumento di produttivit\u00e0: \u00e8 possibile consultare la cronologia degli appunti dei giorni precedenti per recuperare testi importanti, frammenti di codice o altre informazioni copiate in precedenza.<\/p>\n<h2>Solido software di monitoraggio degli appunti per Windows<\/h2>\n<p>Keyturion conserva la formattazione originale degli elementi degli appunti, offrendo una visione chiara e precisa di ci\u00f2 che \u00e8 stato copiato. La formattazione pu\u00f2 rivelare l'intento dell'utente e fornire un contesto pi\u00f9 profondo per le sue azioni.<\/p>\n<h2>Avvisi per gli appunti<\/h2>\n<p>Configurate gli avvisi in modo che si attivino in base a specifiche attivit\u00e0 degli appunti. Ad esempio, se i dipendenti copiano chiavi private o informazioni riservate, sarete avvisati immediatamente. Gli avvisi possono essere personalizzati in modo che solo determinati contenuti della clipboard attivino un evento, aiutandovi a bloccare le azioni non autorizzate nel momento stesso in cui si verificano.<\/p>\n<h2>Ordinamento dei dati degli appunti<\/h2>\n<p>Se l'uso della clipboard \u00e8 frequente, Keyturion vi aiuta a gestirlo in modo efficiente. Tutti i dati acquisiti possono essere esaminati in un secondo momento in un rapporto dettagliato, che mostra la data, l'ora, il fattore scatenante e il contenuto copiato. In questo modo \u00e8 facile monitorare pi\u00f9 utenti senza essere sommersi da continue notifiche.<\/p>","protected":false},"excerpt":{"rendered":"<p>Tracking Copy-Paste Content An essential computer monitoring feature for Windows is the ability to see what has been copied, pasted, or cut by the user. Keyturion tracks all clipboard operations, making it invaluable in environments where copying sensitive data is forbidden. It\u2019s also a powerful productivity tool \u2014 you can look back at clipboard history [&hellip;]<\/p>","protected":false},"author":2,"featured_media":124,"parent":751,"menu_order":0,"comment_status":"closed","ping_status":"closed","template":"page-feature.php","meta":{"footnotes":""},"class_list":["post-759","page","type-page","status-publish","has-post-thumbnail","hentry"],"acf":[],"_links":{"self":[{"href":"https:\/\/www.keyturion.com\/it\/wp-json\/wp\/v2\/pages\/759","targetHints":{"allow":["GET"]}}],"collection":[{"href":"https:\/\/www.keyturion.com\/it\/wp-json\/wp\/v2\/pages"}],"about":[{"href":"https:\/\/www.keyturion.com\/it\/wp-json\/wp\/v2\/types\/page"}],"author":[{"embeddable":true,"href":"https:\/\/www.keyturion.com\/it\/wp-json\/wp\/v2\/users\/2"}],"replies":[{"embeddable":true,"href":"https:\/\/www.keyturion.com\/it\/wp-json\/wp\/v2\/comments?post=759"}],"version-history":[{"count":15,"href":"https:\/\/www.keyturion.com\/it\/wp-json\/wp\/v2\/pages\/759\/revisions"}],"predecessor-version":[{"id":1473,"href":"https:\/\/www.keyturion.com\/it\/wp-json\/wp\/v2\/pages\/759\/revisions\/1473"}],"up":[{"embeddable":true,"href":"https:\/\/www.keyturion.com\/it\/wp-json\/wp\/v2\/pages\/751"}],"wp:featuredmedia":[{"embeddable":true,"href":"https:\/\/www.keyturion.com\/it\/wp-json\/wp\/v2\/media\/124"}],"wp:attachment":[{"href":"https:\/\/www.keyturion.com\/it\/wp-json\/wp\/v2\/media?parent=759"}],"curies":[{"name":"wp","href":"https:\/\/api.w.org\/{rel}","templated":true}]}}