{"id":757,"date":"2021-03-09T18:17:14","date_gmt":"2021-03-09T17:17:14","guid":{"rendered":"https:\/\/keyturion.com\/?page_id=757"},"modified":"2025-12-08T10:22:24","modified_gmt":"2025-12-08T09:22:24","slug":"screenshots-monitoring","status":"publish","type":"page","link":"https:\/\/www.keyturion.com\/it\/caratteristiche\/screenshot-monitoraggio\/","title":{"rendered":"Cattura schermo-Screenshot"},"content":{"rendered":"<p>Essere in grado di vedere esattamente cosa sta facendo un utente \u00e8 fondamentale per qualsiasi <a href=\"https:\/\/www.keyturion.com\/it\/\" target=\"_blank\" rel=\"noopener\">software di monitoraggio del computer efficace<\/a>. L'Intelligent Screenshot System di Keyturion offre una cattura dello schermo precisa, senza sprechi di risorse e nascosta, indipendentemente dall'applicazione in uso.<\/p>\n<h3>Regolare la frequenza di cattura dello schermo<\/h3>\n<p>Impostate la frequenza degli screenshot: ogni minuto, ogni ora o qualsiasi intervallo di tempo. Aumentare la frequenza se si sospettano brevi attivit\u00e0 non autorizzate. Gli screenshot possono essere inviati direttamente all'utente per una conferma immediata.<\/p>\n<h3>Avvisi personalizzati<\/h3>\n<p>Definite gli eventi che attivano uno screenshot e un avviso, come ad esempio parole specifiche digitate, programmi avviati, siti web visitati o dati copiati negli appunti. In questo modo, si riceve una notifica solo quando le regole vengono violate, riducendo la necessit\u00e0 di un monitoraggio costante e mantenendo la privacy degli utenti.<\/p>\n<h3>Sistema di screenshot intelligente<\/h3>\n<p>Gestite facilmente un gran numero di screenshot ordinandoli e filtrandoli per trovare rapidamente le informazioni pi\u00f9 rilevanti.<\/p>\n<p>&nbsp;<\/p>","protected":false},"excerpt":{"rendered":"<p>La possibilit\u00e0 di vedere esattamente ci\u00f2 che un utente sta facendo \u00e8 fondamentale per qualsiasi software di monitoraggio del computer efficace. L'Intelligent Screenshot System di Keyturion offre una cattura dello schermo precisa, senza sprechi di risorse e nascosta, indipendentemente dall'applicazione in uso. Regola la frequenza di cattura delle schermate Imposta la frequenza con cui vengono catturate le schermate: ogni minuto, ogni ora o qualsiasi intervallo di tempo scelto. [...]<\/p>","protected":false},"author":2,"featured_media":126,"parent":751,"menu_order":0,"comment_status":"closed","ping_status":"closed","template":"page-feature.php","meta":{"footnotes":""},"class_list":["post-757","page","type-page","status-publish","has-post-thumbnail","hentry"],"acf":[],"_links":{"self":[{"href":"https:\/\/www.keyturion.com\/it\/wp-json\/wp\/v2\/pages\/757","targetHints":{"allow":["GET"]}}],"collection":[{"href":"https:\/\/www.keyturion.com\/it\/wp-json\/wp\/v2\/pages"}],"about":[{"href":"https:\/\/www.keyturion.com\/it\/wp-json\/wp\/v2\/types\/page"}],"author":[{"embeddable":true,"href":"https:\/\/www.keyturion.com\/it\/wp-json\/wp\/v2\/users\/2"}],"replies":[{"embeddable":true,"href":"https:\/\/www.keyturion.com\/it\/wp-json\/wp\/v2\/comments?post=757"}],"version-history":[{"count":14,"href":"https:\/\/www.keyturion.com\/it\/wp-json\/wp\/v2\/pages\/757\/revisions"}],"predecessor-version":[{"id":1477,"href":"https:\/\/www.keyturion.com\/it\/wp-json\/wp\/v2\/pages\/757\/revisions\/1477"}],"up":[{"embeddable":true,"href":"https:\/\/www.keyturion.com\/it\/wp-json\/wp\/v2\/pages\/751"}],"wp:featuredmedia":[{"embeddable":true,"href":"https:\/\/www.keyturion.com\/it\/wp-json\/wp\/v2\/media\/126"}],"wp:attachment":[{"href":"https:\/\/www.keyturion.com\/it\/wp-json\/wp\/v2\/media?parent=757"}],"curies":[{"name":"wp","href":"https:\/\/api.w.org\/{rel}","templated":true}]}}