{"id":753,"date":"2021-03-09T17:30:18","date_gmt":"2021-03-09T16:30:18","guid":{"rendered":"https:\/\/keyturion.com\/?page_id=753"},"modified":"2025-12-08T10:19:17","modified_gmt":"2025-12-08T09:19:17","slug":"keylogger","status":"publish","type":"page","link":"https:\/\/www.keyturion.com\/it\/caratteristiche\/keylogger\/","title":{"rendered":"Keylogger"},"content":{"rendered":"<h2>Cosa rende diverso Keyturion Keylogger?<\/h2>\n<p><a href=\"https:\/\/www.keyturion.com\/it\/\" target=\"_blank\" rel=\"noopener\">Keyturion<\/a> va oltre le aspettative di un robusto software di keylogging per Windows. Grazie alla nostra tecnologia proprietaria di monitoraggio intelligente dei tasti, \u00e8 possibile ottenere una comprensione completa di ogni tasto premuto sul computer.<\/p>\n<h3>Logger dei tasti che mantiene la formattazione originale<\/h3>\n<p>Il nostro unico <strong>software di keylogging<\/strong> per Windows assicura che la formattazione originale del testo digitato venga conservata esattamente come l'utente l'ha inserita. Ci\u00f2 significa che \u00e8 possibile vedere ogni tasto digitato dall'utente, nell'esatto formato in cui \u00e8 apparso sul computer, senza riformattazioni o alterazioni. Saprete esattamente cosa \u00e8 stato digitato e come \u00e8 apparso.<\/p>\n<h3>Monitoraggio della tastiera configurabile e flessibile<\/h3>\n<p><a href=\"https:\/\/www.keyturion.com\/it\/\" target=\"_blank\" rel=\"noopener\">Software di monitoraggio del computer Keyturion<\/a> \u00e8 un <strong>keylogger altamente configurabile e flessibile<\/strong>progettato per adattarsi alla vostra organizzazione nel rispetto delle norme e delle leggi sulla privacy.<\/p>\n<p>Se la vostra organizzazione vieta la registrazione di alcuni dati privati, potete configurare Keyturion in modo da acquisire solo informazioni specifiche, come l'utilizzo di applicazioni, ignorandone altre, come le password dei browser web. In questo modo si garantisce la conformit\u00e0 alle normative sulla privacy, pur monitorando le attivit\u00e0 rilevanti dei dipendenti.<\/p>\n<p>Le impostazioni flessibili consentono di definire regole di esclusione della sicurezza in base al nome dell'eseguibile\/processo o al titolo della finestra dell'applicazione.<\/p>\n<p>\u00c8 anche possibile filtrare i tasti estesi che non sono rilevanti per i dati raccolti. Ad esempio, se i tasti freccia o il tasto backspace interferiscono con l'interpretazione delle azioni dell'utente, Keyturion consente di escluderli. \u00c8 possibile filtrare i tasti, compresi backspace, Alt, Ctrl e altri tasti estesi, per avere il pieno controllo sui dati presentati.<\/p>\n<h3>Non conflittuale<\/h3>\n<p><strong>Molti keylogger falliscono<\/strong> di funzionare senza problemi con altri software, causando problemi di input da tastiera, rallentamenti delle applicazioni o bug che bloccano il flusso di lavoro. Nel progettare Keyturion, ci siamo assicurati che funzionasse senza entrare in conflitto con altre applicazioni Windows.<\/p>\n<p>Questa potente tecnologia funziona senza problemi insieme a tutti i programmi esistenti, assicurando che la registrazione dei tasti continui mentre l'utente \u00e8 impegnato in qualsiasi applicazione.<br \/>\nKeyturion non solo rivela quale programma \u00e8 aperto, ma mostra anche esattamente cosa sta facendo l'utente all'interno di quel programma, fornendo preziose informazioni e dati utili.<\/p>\n<h3>Rispettoso delle risorse <a href=\"https:\/\/www.keylogger.pl\/\" target=\"_blank\" rel=\"noopener\">Keylogger<\/a> Motore<\/h3>\n<p>Questo strumento di keylogging ricco di funzioni \u00e8 ottimizzato per avere un impatto minimo sulle risorse di sistema. Durante l'esecuzione, il suo effetto sulle prestazioni \u00e8 praticamente impercettibile. Questo \u00e8 fondamentale per evitare interruzioni e tenere nascosto il keylogger.<\/p>\n<p>Se un programma appena installato rallenta il computer, gli utenti possono sospettare la sua presenza. Con Keyturion <strong><a href=\"https:\/\/www.keyturion.com\/it\/free-keylogger\/\" target=\"_blank\" rel=\"noopener\">software keylogger gratuito<\/a><\/strong>Questo rischio \u00e8 ridotto al minimo. Il suo impatto trascurabile sulle prestazioni gli consente di funzionare silenziosamente in background, senza essere notato.<\/p>\n<p>&nbsp;<\/p>","protected":false},"excerpt":{"rendered":"<p>What Makes Keyturion Keylogger Different? Keyturion goes beyond the expectations of robust keylogging software for Windows. Using our proprietary intelligent key monitoring technology, you gain a complete understanding of every keystroke entered on your computer. Keystroke Logger That Maintains Original Formatting Our unique keylogging software for Windows ensures that the original formatting of typed text [&hellip;]<\/p>","protected":false},"author":2,"featured_media":122,"parent":751,"menu_order":0,"comment_status":"closed","ping_status":"closed","template":"page-feature.php","meta":{"footnotes":""},"class_list":["post-753","page","type-page","status-publish","has-post-thumbnail","hentry"],"acf":[],"_links":{"self":[{"href":"https:\/\/www.keyturion.com\/it\/wp-json\/wp\/v2\/pages\/753","targetHints":{"allow":["GET"]}}],"collection":[{"href":"https:\/\/www.keyturion.com\/it\/wp-json\/wp\/v2\/pages"}],"about":[{"href":"https:\/\/www.keyturion.com\/it\/wp-json\/wp\/v2\/types\/page"}],"author":[{"embeddable":true,"href":"https:\/\/www.keyturion.com\/it\/wp-json\/wp\/v2\/users\/2"}],"replies":[{"embeddable":true,"href":"https:\/\/www.keyturion.com\/it\/wp-json\/wp\/v2\/comments?post=753"}],"version-history":[{"count":20,"href":"https:\/\/www.keyturion.com\/it\/wp-json\/wp\/v2\/pages\/753\/revisions"}],"predecessor-version":[{"id":1475,"href":"https:\/\/www.keyturion.com\/it\/wp-json\/wp\/v2\/pages\/753\/revisions\/1475"}],"up":[{"embeddable":true,"href":"https:\/\/www.keyturion.com\/it\/wp-json\/wp\/v2\/pages\/751"}],"wp:featuredmedia":[{"embeddable":true,"href":"https:\/\/www.keyturion.com\/it\/wp-json\/wp\/v2\/media\/122"}],"wp:attachment":[{"href":"https:\/\/www.keyturion.com\/it\/wp-json\/wp\/v2\/media?parent=753"}],"curies":[{"name":"wp","href":"https:\/\/api.w.org\/{rel}","templated":true}]}}