{"id":522,"date":"2019-05-16T11:05:56","date_gmt":"2019-05-16T09:05:56","guid":{"rendered":"https:\/\/keyturion.com\/?page_id=522"},"modified":"2025-08-29T19:41:18","modified_gmt":"2025-08-29T17:41:18","slug":"purchase","status":"publish","type":"page","link":"https:\/\/www.keyturion.com\/it\/acquisto\/","title":{"rendered":"Acquisto"},"content":{"rendered":"<h3 class=\"standard\" style=\"text-align: center;\">Informazioni di base<\/h3>\n<p>-\ufe0e <strong>I prezzi indicati sono pagamenti unici per il periodo selezionato (1, 3 o 12 mesi).<\/strong>. Non vi addebitiamo alcun costo mensile e non ci sono rinnovi automatici o pagamenti ricorrenti. Siete voi a decidere quando e se rinnovare: tutto \u00e8 sotto il vostro controllo!<\/p>\n<p>-\ufe0e <strong>Tutte le edizioni dei nostri prodotti Keyturion, comprese le loro varianti, sono adatte sia agli ambienti aziendali che a quelli domestici.<\/strong>. Il nome \"Personal\" si riferisce al numero di licenze, non alle limitazioni d'uso.<\/p>\n<p>-Per acquisti di 20 o pi\u00f9 dispositivi, \u00e8 disponibile una personalizzazione completa. Ad esempio, \u00e8 possibile ordinare Keyturion PRO per 30 dispositivi per un anno, con un periodo di conservazione dei dati di sei mesi. Vi forniremo un preventivo personalizzato. Contattateci utilizzando il nostro <a href=\"https:\/\/www.keyturion.com\/it\/contatto\/\" target=\"_blank\" rel=\"noopener\">Pagina di contatto<\/a>.<\/p>\n<p>&nbsp;<\/p>\n<h3 style=\"text-align: center;\">FAQ Acquisti e licenze<\/h3>\n<h4 style=\"font-size: 18px; color: #005cc3;\">Posso utilizzare la mia licenza esistente dopo aver cambiato dispositivo o sistema operativo?<\/h4>\n<p>Ottime notizie! In questa situazione \u00e8 possibile trasferire facilmente la licenza esistente. Non \u00e8 necessario acquistarne una nuova. \u00c8 possibile trasferire la licenza tutte le volte che \u00e8 necessario durante il periodo di validit\u00e0 della licenza. Il nostro pannello di amministrazione vi permette di farlo da soli: basta disinstallare l'agente dal vecchio computer e rimuoverlo dal pannello web (versione PRO). \u00c8 cos\u00ec semplice!<\/p>\n<h4 style=\"font-size: 18px; color: #005cc3;\">\u00c8 possibile monitorare pi\u00f9 di un account utente su un singolo computer Windows?<\/h4>\n<p>S\u00ec, \u00e8 possibile monitorare pi\u00f9 utenti di sistema in Windows su un unico computer. Ad esempio, se avete tre utenti su un singolo computer fisico, una licenza per un singolo dispositivo li copre tutti.<\/p>\n<h4 style=\"font-size: 18px; color: #005cc3;\">Gli articoli del carrello differiscono in qualche modo oltre al numero massimo di dispositivi su cui \u00e8 possibile installare il software?<\/h4>\n<p>No. Tutte le versioni per 1, 5 e 10 dispositivi per la versione PRO (o 1 e 3 per quella normale) hanno le stesse funzionalit\u00e0. C'\u00e8 una piccola eccezione: la versione PRO offre un parametro aggiuntivo di conservazione dei dati per le versioni di 1 anno, che consente di selezionare un valore superiore all'opzione standard di un mese nella pagina di acquisto.<\/p>\n<h4 style=\"font-size: 18px; color: #005cc3;\">Cosa significa il parametro \"Periodo di conservazione dei dati\" nella pagina degli acquisti per la versione PRO 1 anno?<\/h4>\n<p>Il parametro \"Conservazione\" che vedete nello store di Keyturion PRO determina per quanto tempo i vostri dati di accesso vengono conservati sul server.<\/p>\n<p>Ad esempio, se si acquista una licenza di 1 anno con un periodo di conservazione di 3 mesi, la licenza e l'account sono validi per tutto l'anno, ma i dati vengono memorizzati per un massimo di 3 mesi. I dati pi\u00f9 vecchi del periodo di conservazione vengono eliminati automaticamente.<br \/>\nConsiderando l'esempio precedente, dopo 4 mesi di utilizzo si avr\u00e0 accesso ai dati degli ultimi 90 giorni (il primo mese verr\u00e0 automaticamente cancellato).<\/p>","protected":false},"excerpt":{"rendered":"<p>Basic information \u2022\ufe0e The prices shown are one-time payments for the selected period (1, 3 or 12 months). We don\u2019t charge you monthly, and there are no auto-renewals or recurring payments. You decide when and if you want to renew\u2014everything is entirely in your control! \u2022\ufe0e All editions of our Keyturion products, including their variants, [&hellip;]<\/p>","protected":false},"author":2,"featured_media":0,"parent":0,"menu_order":0,"comment_status":"closed","ping_status":"closed","template":"page-koszyk-2024.php","meta":{"footnotes":""},"class_list":["post-522","page","type-page","status-publish","hentry"],"acf":[],"_links":{"self":[{"href":"https:\/\/www.keyturion.com\/it\/wp-json\/wp\/v2\/pages\/522","targetHints":{"allow":["GET"]}}],"collection":[{"href":"https:\/\/www.keyturion.com\/it\/wp-json\/wp\/v2\/pages"}],"about":[{"href":"https:\/\/www.keyturion.com\/it\/wp-json\/wp\/v2\/types\/page"}],"author":[{"embeddable":true,"href":"https:\/\/www.keyturion.com\/it\/wp-json\/wp\/v2\/users\/2"}],"replies":[{"embeddable":true,"href":"https:\/\/www.keyturion.com\/it\/wp-json\/wp\/v2\/comments?post=522"}],"version-history":[{"count":82,"href":"https:\/\/www.keyturion.com\/it\/wp-json\/wp\/v2\/pages\/522\/revisions"}],"predecessor-version":[{"id":1426,"href":"https:\/\/www.keyturion.com\/it\/wp-json\/wp\/v2\/pages\/522\/revisions\/1426"}],"wp:attachment":[{"href":"https:\/\/www.keyturion.com\/it\/wp-json\/wp\/v2\/media?parent=522"}],"curies":[{"name":"wp","href":"https:\/\/api.w.org\/{rel}","templated":true}]}}