{"id":1172,"date":"2024-04-12T12:31:54","date_gmt":"2024-04-12T10:31:54","guid":{"rendered":"https:\/\/keyturion.com\/?page_id=1172"},"modified":"2025-09-29T14:51:40","modified_gmt":"2025-09-29T12:51:40","slug":"download-free-keylogger","status":"publish","type":"page","link":"https:\/\/www.keyturion.com\/it\/scaricare-un-keylogger-gratuito\/","title":{"rendered":"Scarica il keylogger gratuito"},"content":{"rendered":"<p style=\"text-align: center;\"><strong>Keyturion Keylogger gratuito<\/strong> \u00e8 un'edizione gratuita della versione commerciale con limitazioni minori:<br \/>\nRispetto alla versione commerciale, manca l'opzione di nascondimento completo e di invio per e-mail, mentre tutte le altre funzionalit\u00e0 sono identiche a quelle della versione a pagamento!<br \/>\nIl software \u00e8 100% sicuro e non invia alcun dato a noi! Nessun adware o statistiche di tracciamento. 100% pulito.<br \/>\n<s><strong>Inserite il vostro indirizzo e-mail e riceverete la licenza gratuita e un link per scaricare il software.<\/strong><\/s><\/p>\n<h3 style=\"text-align: center; background-color: #f0ffea;\">A partire dal 29 settembre 2025, non offriremo pi\u00f9 la versione gratuita. Vogliamo concentrarci sui nostri clienti fedeli che ci hanno dato fiducia. Concentrarci sugli abbonamenti a pagamento, che richiedono un maggiore impegno nello sviluppo e nell'assistenza, \u00e8 ora la nostra priorit\u00e0.<br \/>\nVi invitiamo a provare la versione di prova gratuita del nostro prodotto principale. <a href=\"https:\/\/www.keyturion.com\/it\/demo\/\" target=\"_blank\" rel=\"noopener\">Keyturion PRO.<\/a><\/h3>\n<p>&nbsp;<\/p>\n<p style=\"text-align: center;\">Il vostro indirizzo e-mail sar\u00e0 utilizzato una sola volta per generare la vostra licenza individuale, non useremo il vostro indirizzo per nessun altro scopo, non vi invieremo nemmeno offerte, non ci piace lo spam come a voi.<\/p>\n<p style=\"text-align: center;\">\n<style>\n    .faq-section h2 {<br \/>        color: #333;<br \/>        font-size: 24px;<br \/>        margin-bottom: 20px;<br \/>    }<\/p>\n<p>    .faq-section h3 {<br \/>        color: #0073aa;<br \/>        font-size: 18px;<br \/>        cursor: pointer;<br \/>        margin-top: 10px;<br \/>    }<\/p>\n<p>    .faq-section p {<br \/>        font-size: 14px;<br \/>        color: #666;<br \/>        margin-top: 5px;<br \/>    }<br \/><\/style>\n<\/p>\n<div class=\"faq-section\">\n<h2 style=\"text-align: center;\">FAQ sul Keylogger gratuito - Domande frequenti<\/h2>\n<h3 style=\"text-align: center;\">1. Il programma \u00e8 davvero gratuito?<\/h3>\n<p style=\"text-align: center;\">S\u00ec, \u00e8 un software completamente gratuito. Vi invieremo gratuitamente una licenza di un anno all'indirizzo e-mail fornito. Dopo questo periodo, \u00e8 sufficiente richiedere nuovamente la licenza (su questa pagina) per riceverla allo stesso o a qualsiasi altro indirizzo e-mail.<\/p>\n<h3 style=\"text-align: center;\">2. Posso installarlo nella mia azienda?<\/h3>\n<p style=\"text-align: center;\">S\u00ec, la versione gratuita non ha limitazioni. Pu\u00f2 essere utilizzata gratuitamente sia da singoli utenti che da aziende, su un numero illimitato di computer.<\/p>\n<h3 style=\"text-align: center;\">3. Il programma contiene funzioni nascoste?<\/h3>\n<p style=\"text-align: center;\">No, il nostro modello Freemium \u00e8 completamente trasparente e sicuro. Il programma non ci invia dati statistici o di altro tipo, tutto ci\u00f2 che registra rimane sul vostro computer. Tuttavia, \u00e8 importante ricordare che i programmi di monitoraggio come i keylogger sono spesso presi di mira dagli antivirus, quindi \u00e8 purtroppo possibile che il programma venga rilevato come una minaccia. Se si verifica un problema di questo tipo, utilizzare la funzione di eccezioni\/esclusioni del programma AV.<\/p>\n<\/div>\n<h3><\/h3>\n<h2 style=\"text-align: center;\">Sistemi operativi supportati:<\/h2>\n<p style=\"text-align: center;\">Windows 11, Windows 10,<br \/>\nWindows 8.1, Windows 7, Windows Vista<\/p>","protected":false},"excerpt":{"rendered":"<p>Keyturion Free Keylogger \u00e8 un'edizione gratuita della versione commerciale con piccole limitazioni: Rispetto alla versione commerciale, manca la possibilit\u00e0 di nascondere completamente i dati e di inviarli per e-mail, mentre tutte le altre funzionalit\u00e0 sono identiche a quelle della versione a pagamento! Il software \u00e8 100% sicuro e non invia alcun dato a noi! Nessun adware [...]<\/p>","protected":false},"author":2,"featured_media":0,"parent":0,"menu_order":0,"comment_status":"closed","ping_status":"closed","template":"","meta":{"footnotes":""},"class_list":["post-1172","page","type-page","status-publish","hentry"],"acf":[],"_links":{"self":[{"href":"https:\/\/www.keyturion.com\/it\/wp-json\/wp\/v2\/pages\/1172","targetHints":{"allow":["GET"]}}],"collection":[{"href":"https:\/\/www.keyturion.com\/it\/wp-json\/wp\/v2\/pages"}],"about":[{"href":"https:\/\/www.keyturion.com\/it\/wp-json\/wp\/v2\/types\/page"}],"author":[{"embeddable":true,"href":"https:\/\/www.keyturion.com\/it\/wp-json\/wp\/v2\/users\/2"}],"replies":[{"embeddable":true,"href":"https:\/\/www.keyturion.com\/it\/wp-json\/wp\/v2\/comments?post=1172"}],"version-history":[{"count":33,"href":"https:\/\/www.keyturion.com\/it\/wp-json\/wp\/v2\/pages\/1172\/revisions"}],"predecessor-version":[{"id":1438,"href":"https:\/\/www.keyturion.com\/it\/wp-json\/wp\/v2\/pages\/1172\/revisions\/1438"}],"wp:attachment":[{"href":"https:\/\/www.keyturion.com\/it\/wp-json\/wp\/v2\/media?parent=1172"}],"curies":[{"name":"wp","href":"https:\/\/api.w.org\/{rel}","templated":true}]}}