{"id":763,"date":"2021-03-09T18:20:13","date_gmt":"2021-03-09T17:20:13","guid":{"rendered":"https:\/\/keyturion.com\/?page_id=763"},"modified":"2025-12-08T10:14:04","modified_gmt":"2025-12-08T09:14:04","slug":"applications-time-tracking","status":"publish","type":"page","link":"https:\/\/www.keyturion.com\/fr\/caracteristiques\/applications-tracage-du-temps\/","title":{"rendered":"Applications Suivi du temps"},"content":{"rendered":"<p>Keyturion <a href=\"https:\/\/www.keyturion.com\/fr\/pro\/\" target=\"_blank\" rel=\"noopener\">logiciel de surveillance pour Windows<\/a> est une solution avanc\u00e9e qui vous permet <strong>suivre en d\u00e9tail l'utilisation des applications<\/strong>. Il montre exactement quand un utilisateur lance un programme et combien de temps il l'utilise activement.<br \/>\nCeci est essentiel pour comprendre les mod\u00e8les de productivit\u00e9 - en particulier dans les environnements professionnels o\u00f9 le temps a un impact direct sur les r\u00e9sultats. Si un employ\u00e9 passe un temps inhabituel dans une application sp\u00e9cifique sans produire les r\u00e9sultats escompt\u00e9s, Keyturion vous permet de comprendre pourquoi.<\/p>\n<h2><strong>Suivi et tri pr\u00e9cis des dur\u00e9es<\/strong><\/h2>\n<p>L'une des fonctionnalit\u00e9s les plus puissantes de Keyturion est la possibilit\u00e9 de <strong>contr\u00f4ler la dur\u00e9e d'utilisation de chaque application<\/strong> dans le syst\u00e8me d'exploitation Windows.<br \/>\nEn tant qu'outil complet de <a href=\"https:\/\/www.keyturion.com\/fr\/logiciel-de-surveillance-des-employes\/\" target=\"_blank\" rel=\"noopener\">logiciel de surveillance des employ\u00e9s<\/a>Outil de contr\u00f4le parental et syst\u00e8me de surveillance discr\u00e8te du PC, il enregistre tous les programmes lanc\u00e9s ainsi que leur dur\u00e9e d'utilisation pr\u00e9cise.<\/p>\n<p>Vous pouvez comparer le temps allou\u00e9 quotidiennement \u00e0 plusieurs applications, rep\u00e9rer les comportements inhabituels et d\u00e9tecter si certains logiciels deviennent un \"gouffre \u00e0 temps\".<br \/>\nDu point de vue de la productivit\u00e9, ces informations aident les responsables \u00e0 identifier les inefficacit\u00e9s, \u00e0 optimiser les flux de travail et \u00e0 am\u00e9liorer les performances de l'\u00e9quipe.<\/p>\n<p>La fonction de statistiques avanc\u00e9es permet d'aller plus loin, en montrant non seulement le temps total pass\u00e9 dans un programme, mais aussi le nombre d'heures pass\u00e9es dans un programme. <strong>rapport entre le temps d'activit\u00e9 et le temps d'inactivit\u00e9<\/strong>. Dans Keyturion Pro, vous pouvez comparer ces mesures entre diff\u00e9rents utilisateurs, ce qui vous donne une vue d'ensemble des performances de votre organisation.<\/p>\n<h2><strong>Alertes personnalis\u00e9es et surveillance des applications<\/strong><\/h2>\n<p>Avec Keyturion, vous pouvez configurer <strong>alertes en temps r\u00e9el<\/strong> pour l'utilisation d'applications sp\u00e9cifiques. Chaque fois qu'un programme surveill\u00e9 est lanc\u00e9, le logiciel peut vous envoyer une notification instantan\u00e9e par courrier \u00e9lectronique et commencer automatiquement \u00e0 capturer des captures d'\u00e9cran de l'activit\u00e9 de l'utilisateur.<\/p>\n<p>C'est la solution id\u00e9ale pour surveiller les logiciels sensibles ou potentiellement mal utilis\u00e9s. D\u00e8s l'ouverture d'une application signal\u00e9e, Keyturion commence \u00e0 documenter exactement ce que fait l'utilisateur, vous donnant ainsi des informations imm\u00e9diates et exploitables.<br \/>\nQue ce soit pour la s\u00e9curit\u00e9 de l'entreprise, la conformit\u00e9 ou le contr\u00f4le de la productivit\u00e9, ce syst\u00e8me d'alerte vous permet d'avoir toujours une longueur d'avance.<\/p>","protected":false},"excerpt":{"rendered":"<p>Le logiciel de surveillance Keyturion pour Windows est une solution avanc\u00e9e qui vous permet de suivre en d\u00e9tail l'utilisation des applications. Il indique exactement quand un utilisateur lance un programme et combien de temps il l'utilise activement. Ceci est essentiel pour comprendre les mod\u00e8les de productivit\u00e9 - en particulier dans les environnements professionnels o\u00f9 le temps a un impact direct sur les r\u00e9sultats. Si un employ\u00e9 passe un [...]<\/p>","protected":false},"author":2,"featured_media":128,"parent":751,"menu_order":0,"comment_status":"closed","ping_status":"closed","template":"page-feature.php","meta":{"footnotes":""},"class_list":["post-763","page","type-page","status-publish","has-post-thumbnail","hentry"],"acf":[],"_links":{"self":[{"href":"https:\/\/www.keyturion.com\/fr\/wp-json\/wp\/v2\/pages\/763","targetHints":{"allow":["GET"]}}],"collection":[{"href":"https:\/\/www.keyturion.com\/fr\/wp-json\/wp\/v2\/pages"}],"about":[{"href":"https:\/\/www.keyturion.com\/fr\/wp-json\/wp\/v2\/types\/page"}],"author":[{"embeddable":true,"href":"https:\/\/www.keyturion.com\/fr\/wp-json\/wp\/v2\/users\/2"}],"replies":[{"embeddable":true,"href":"https:\/\/www.keyturion.com\/fr\/wp-json\/wp\/v2\/comments?post=763"}],"version-history":[{"count":15,"href":"https:\/\/www.keyturion.com\/fr\/wp-json\/wp\/v2\/pages\/763\/revisions"}],"predecessor-version":[{"id":1472,"href":"https:\/\/www.keyturion.com\/fr\/wp-json\/wp\/v2\/pages\/763\/revisions\/1472"}],"up":[{"embeddable":true,"href":"https:\/\/www.keyturion.com\/fr\/wp-json\/wp\/v2\/pages\/751"}],"wp:featuredmedia":[{"embeddable":true,"href":"https:\/\/www.keyturion.com\/fr\/wp-json\/wp\/v2\/media\/128"}],"wp:attachment":[{"href":"https:\/\/www.keyturion.com\/fr\/wp-json\/wp\/v2\/media?parent=763"}],"curies":[{"name":"wp","href":"https:\/\/api.w.org\/{rel}","templated":true}]}}