{"id":761,"date":"2021-03-09T18:19:28","date_gmt":"2021-03-09T17:19:28","guid":{"rendered":"https:\/\/keyturion.com\/?page_id=761"},"modified":"2025-12-08T10:23:55","modified_gmt":"2025-12-08T09:23:55","slug":"visited-websites-monitoring","status":"publish","type":"page","link":"https:\/\/www.keyturion.com\/fr\/caracteristiques\/surveillance-des-sites-web-visites\/","title":{"rendered":"Surveillance des sites web visit\u00e9s"},"content":{"rendered":"<h2>Historique de la navigation<\/h2>\n<p>Le contr\u00f4le de l'utilisation du web est un \u00e9l\u00e9ment cl\u00e9 des syst\u00e8mes modernes d'information et de communication. <a href=\"https:\/\/www.keyturion.com\/fr\/\" target=\"_blank\" rel=\"noopener\">logiciel de surveillance des ordinateurs<\/a>. Keyturion suit tous les sites Web visit\u00e9s, quelle que soit la mani\u00e8re dont ils ont \u00e9t\u00e9 acc\u00e9d\u00e9s - sans passer par les proxys, le mode priv\u00e9, les raccourcis ou les clics de l'historique du navigateur.<\/p>\n<h2>Suivi des sites web visit\u00e9s en mode priv\u00e9<\/h2>\n<p>La plupart des navigateurs proposent un \"mode priv\u00e9\" pour cacher les sites visit\u00e9s, l'historique des recherches et les cookies. Keyturion surmonte cette limitation en enregistrant les URL m\u00eame en mode priv\u00e9 ou incognito. Vous \u00eates ainsi assur\u00e9 de voir toute l'activit\u00e9, m\u00eame lorsque les utilisateurs tentent de brouiller les pistes.<\/p>\n<h2>Suivi des URL<\/h2>\n<p>Keyturion enregistre les URL visit\u00e9es, qu'elles aient \u00e9t\u00e9 tap\u00e9es manuellement, ouvertes \u00e0 partir de signets ou lanc\u00e9es via des raccourcis. Cela \u00e9limine toute possibilit\u00e9 d'acc\u00e8s \u00e0 des sites web non autoris\u00e9s, y compris les visites initi\u00e9es \u00e0 partir de l'autocompl\u00e9tion.<\/p>\n<h2>Alertes d\u00e9clench\u00e9es par le site web<\/h2>\n<p>D\u00e9finissez des alertes pour des sites web ou des URL sp\u00e9cifiques que vous souhaitez bloquer ou suivre. Recevez des notifications instantan\u00e9es par courrier \u00e9lectronique ou d\u00e9clenchez des captures d'\u00e9cran automatiques d\u00e8s qu'une r\u00e8gle est enfreinte. Cette fonction est utile pour les entreprises qui appliquent des politiques d'utilisation acceptable et pour les parents qui veillent \u00e0 ce que leurs enfants \u00e9vitent les sites inappropri\u00e9s.<\/p>","protected":false},"excerpt":{"rendered":"<p>Historique de navigation La surveillance de l'utilisation du Web est une fonctionnalit\u00e9 cl\u00e9 des logiciels de surveillance modernes. Keyturion traque tous les sites web visit\u00e9s, ind\u00e9pendamment de la mani\u00e8re dont ils ont \u00e9t\u00e9 acc\u00e9d\u00e9s - sans passer par les proxys, le mode priv\u00e9, les raccourcis ou l'historique des clics du navigateur. Suivi des sites visit\u00e9s en mode priv\u00e9 La plupart des navigateurs proposent un \"mode priv\u00e9\" pour cacher les sites visit\u00e9s, l'historique des recherches et les cookies. Keyturion [...]<\/p>","protected":false},"author":2,"featured_media":127,"parent":751,"menu_order":0,"comment_status":"closed","ping_status":"closed","template":"page-feature.php","meta":{"footnotes":""},"class_list":["post-761","page","type-page","status-publish","has-post-thumbnail","hentry"],"acf":[],"_links":{"self":[{"href":"https:\/\/www.keyturion.com\/fr\/wp-json\/wp\/v2\/pages\/761","targetHints":{"allow":["GET"]}}],"collection":[{"href":"https:\/\/www.keyturion.com\/fr\/wp-json\/wp\/v2\/pages"}],"about":[{"href":"https:\/\/www.keyturion.com\/fr\/wp-json\/wp\/v2\/types\/page"}],"author":[{"embeddable":true,"href":"https:\/\/www.keyturion.com\/fr\/wp-json\/wp\/v2\/users\/2"}],"replies":[{"embeddable":true,"href":"https:\/\/www.keyturion.com\/fr\/wp-json\/wp\/v2\/comments?post=761"}],"version-history":[{"count":13,"href":"https:\/\/www.keyturion.com\/fr\/wp-json\/wp\/v2\/pages\/761\/revisions"}],"predecessor-version":[{"id":1478,"href":"https:\/\/www.keyturion.com\/fr\/wp-json\/wp\/v2\/pages\/761\/revisions\/1478"}],"up":[{"embeddable":true,"href":"https:\/\/www.keyturion.com\/fr\/wp-json\/wp\/v2\/pages\/751"}],"wp:featuredmedia":[{"embeddable":true,"href":"https:\/\/www.keyturion.com\/fr\/wp-json\/wp\/v2\/media\/127"}],"wp:attachment":[{"href":"https:\/\/www.keyturion.com\/fr\/wp-json\/wp\/v2\/media?parent=761"}],"curies":[{"name":"wp","href":"https:\/\/api.w.org\/{rel}","templated":true}]}}