{"id":759,"date":"2021-03-09T18:18:36","date_gmt":"2021-03-09T17:18:36","guid":{"rendered":"https:\/\/keyturion.com\/?page_id=759"},"modified":"2025-12-08T10:15:08","modified_gmt":"2025-12-08T09:15:08","slug":"clipboard-monitoring","status":"publish","type":"page","link":"https:\/\/www.keyturion.com\/fr\/caracteristiques\/suivi-du-presse-papiers\/","title":{"rendered":"Surveillance du presse-papiers"},"content":{"rendered":"<h2>Suivi du contenu copi\u00e9-coll\u00e9<\/h2>\n<p>Un \u00e9l\u00e9ment essentiel <a href=\"https:\/\/www.keyturion.com\/fr\/pro\/\" target=\"_blank\" rel=\"noopener\">fonction de surveillance de l'ordinateur pour Windows<\/a> est la possibilit\u00e9 de voir ce qui a \u00e9t\u00e9 copi\u00e9, coll\u00e9 ou coup\u00e9 par l'utilisateur. Keyturion suit toutes les op\u00e9rations effectu\u00e9es dans le presse-papiers, ce qui le rend inestimable dans les environnements o\u00f9 il est interdit de copier des donn\u00e9es sensibles.<br \/>\nIl s'agit \u00e9galement d'un puissant outil de productivit\u00e9 : vous pouvez consulter l'historique du presse-papiers des jours pr\u00e9c\u00e9dents pour r\u00e9cup\u00e9rer du texte important, des bribes de code ou d'autres informations que vous avez copi\u00e9es pr\u00e9c\u00e9demment.<\/p>\n<h2>Logiciel de surveillance du presse-papiers pour Windows<\/h2>\n<p>Keyturion pr\u00e9serve le formatage original des \u00e9l\u00e9ments du presse-papiers, ce qui vous donne une vision claire et pr\u00e9cise de ce qui a \u00e9t\u00e9 copi\u00e9. Le formatage peut r\u00e9v\u00e9ler l'intention d'un utilisateur et fournir un contexte plus profond pour ses actions.<\/p>\n<h2>Alertes sur le presse-papiers<\/h2>\n<p>Configurez des alertes pour qu'elles se d\u00e9clenchent en cas d'activit\u00e9 sp\u00e9cifique du presse-papiers. Par exemple, si des employ\u00e9s copient des cl\u00e9s priv\u00e9es ou des informations \u00e0 diffusion restreinte, vous en serez instantan\u00e9ment inform\u00e9. Les alertes peuvent \u00eatre personnalis\u00e9es de mani\u00e8re \u00e0 ce que seul un certain contenu du presse-papiers d\u00e9clenche un \u00e9v\u00e9nement, ce qui vous permet d'arr\u00eater les actions non autoris\u00e9es d\u00e8s qu'elles se produisent.<\/p>\n<h2>Tri des donn\u00e9es du presse-papiers<\/h2>\n<p>Si l'utilisation du presse-papiers est fr\u00e9quente, Keyturion vous aide \u00e0 la g\u00e9rer efficacement. Toutes les donn\u00e9es captur\u00e9es peuvent \u00eatre examin\u00e9es ult\u00e9rieurement dans un rapport d\u00e9taill\u00e9, indiquant la date, l'heure, le d\u00e9clencheur et le contenu copi\u00e9. Il est ainsi facile de surveiller plusieurs utilisateurs sans \u00eatre submerg\u00e9 par des notifications constantes.<\/p>","protected":false},"excerpt":{"rendered":"<p>Suivi du contenu du copier-coller Une fonction essentielle de surveillance de l'ordinateur sous Windows est la possibilit\u00e9 de voir ce qui a \u00e9t\u00e9 copi\u00e9, coll\u00e9 ou coup\u00e9 par l'utilisateur. Keyturion suit toutes les op\u00e9rations effectu\u00e9es dans le presse-papiers, ce qui le rend inestimable dans les environnements o\u00f9 il est interdit de copier des donn\u00e9es sensibles. C'est aussi un puissant outil de productivit\u00e9 - vous pouvez consulter l'historique du presse-papiers [...]<\/p>","protected":false},"author":2,"featured_media":124,"parent":751,"menu_order":0,"comment_status":"closed","ping_status":"closed","template":"page-feature.php","meta":{"footnotes":""},"class_list":["post-759","page","type-page","status-publish","has-post-thumbnail","hentry"],"acf":[],"_links":{"self":[{"href":"https:\/\/www.keyturion.com\/fr\/wp-json\/wp\/v2\/pages\/759","targetHints":{"allow":["GET"]}}],"collection":[{"href":"https:\/\/www.keyturion.com\/fr\/wp-json\/wp\/v2\/pages"}],"about":[{"href":"https:\/\/www.keyturion.com\/fr\/wp-json\/wp\/v2\/types\/page"}],"author":[{"embeddable":true,"href":"https:\/\/www.keyturion.com\/fr\/wp-json\/wp\/v2\/users\/2"}],"replies":[{"embeddable":true,"href":"https:\/\/www.keyturion.com\/fr\/wp-json\/wp\/v2\/comments?post=759"}],"version-history":[{"count":15,"href":"https:\/\/www.keyturion.com\/fr\/wp-json\/wp\/v2\/pages\/759\/revisions"}],"predecessor-version":[{"id":1473,"href":"https:\/\/www.keyturion.com\/fr\/wp-json\/wp\/v2\/pages\/759\/revisions\/1473"}],"up":[{"embeddable":true,"href":"https:\/\/www.keyturion.com\/fr\/wp-json\/wp\/v2\/pages\/751"}],"wp:featuredmedia":[{"embeddable":true,"href":"https:\/\/www.keyturion.com\/fr\/wp-json\/wp\/v2\/media\/124"}],"wp:attachment":[{"href":"https:\/\/www.keyturion.com\/fr\/wp-json\/wp\/v2\/media?parent=759"}],"curies":[{"name":"wp","href":"https:\/\/api.w.org\/{rel}","templated":true}]}}