{"id":757,"date":"2021-03-09T18:17:14","date_gmt":"2021-03-09T17:17:14","guid":{"rendered":"https:\/\/keyturion.com\/?page_id=757"},"modified":"2025-12-08T10:22:24","modified_gmt":"2025-12-08T09:22:24","slug":"screenshots-monitoring","status":"publish","type":"page","link":"https:\/\/www.keyturion.com\/fr\/caracteristiques\/captures-decran-surveillance\/","title":{"rendered":"Capture d'\u00e9cran - Captures d'\u00e9cran"},"content":{"rendered":"<p>La possibilit\u00e9 de voir exactement ce que fait un utilisateur est un \u00e9l\u00e9ment cl\u00e9 de tout syst\u00e8me d'information. <a href=\"https:\/\/www.keyturion.com\/fr\/\" target=\"_blank\" rel=\"noopener\">logiciel de surveillance d'ordinateur efficace<\/a>. Le syst\u00e8me intelligent de capture d'\u00e9cran de Keyturion offre une capture d'\u00e9cran pr\u00e9cise, respectueuse des ressources et secr\u00e8te, quelle que soit l'application utilis\u00e9e.<\/p>\n<h3>R\u00e9gler la fr\u00e9quence de la capture d'\u00e9cran<\/h3>\n<p>D\u00e9finissez la fr\u00e9quence des captures d'\u00e9cran : toutes les minutes, toutes les heures ou tout autre intervalle de votre choix. Augmentez la fr\u00e9quence si vous soup\u00e7onnez une activit\u00e9 non autoris\u00e9e de courte dur\u00e9e. Les captures d'\u00e9cran peuvent vous \u00eatre envoy\u00e9es directement pour confirmation imm\u00e9diate.<\/p>\n<h3>Alertes personnalis\u00e9es<\/h3>\n<p>D\u00e9finissez les \u00e9v\u00e9nements qui d\u00e9clenchent une capture d'\u00e9cran et une alerte, tels que des mots sp\u00e9cifiques tap\u00e9s, des programmes lanc\u00e9s, des sites web visit\u00e9s ou des donn\u00e9es copi\u00e9es dans le presse-papiers. Ainsi, vous n'\u00eates averti que lorsque les r\u00e8gles ne sont pas respect\u00e9es, ce qui r\u00e9duit la n\u00e9cessit\u00e9 d'une surveillance constante et pr\u00e9serve la vie priv\u00e9e des utilisateurs.<\/p>\n<h3>Syst\u00e8me intelligent de capture d'\u00e9cran<\/h3>\n<p>G\u00e9rez facilement un grand nombre de captures d'\u00e9cran en les triant et en les filtrant pour trouver rapidement les informations les plus pertinentes.<\/p>\n<p>&nbsp;<\/p>","protected":false},"excerpt":{"rendered":"<p>Pouvoir voir exactement ce que fait un utilisateur est la cl\u00e9 de tout logiciel de surveillance d'ordinateur efficace. Le syst\u00e8me intelligent de capture d'\u00e9cran de Keyturion offre une capture d'\u00e9cran pr\u00e9cise, respectueuse des ressources et secr\u00e8te, quelle que soit l'application utilis\u00e9e. R\u00e9gler la fr\u00e9quence des captures d'\u00e9cran R\u00e9gler la fr\u00e9quence des captures d'\u00e9cran - toutes les minutes, toutes les heures, ou tout autre intervalle de votre choix. [...]<\/p>","protected":false},"author":2,"featured_media":126,"parent":751,"menu_order":0,"comment_status":"closed","ping_status":"closed","template":"page-feature.php","meta":{"footnotes":""},"class_list":["post-757","page","type-page","status-publish","has-post-thumbnail","hentry"],"acf":[],"_links":{"self":[{"href":"https:\/\/www.keyturion.com\/fr\/wp-json\/wp\/v2\/pages\/757","targetHints":{"allow":["GET"]}}],"collection":[{"href":"https:\/\/www.keyturion.com\/fr\/wp-json\/wp\/v2\/pages"}],"about":[{"href":"https:\/\/www.keyturion.com\/fr\/wp-json\/wp\/v2\/types\/page"}],"author":[{"embeddable":true,"href":"https:\/\/www.keyturion.com\/fr\/wp-json\/wp\/v2\/users\/2"}],"replies":[{"embeddable":true,"href":"https:\/\/www.keyturion.com\/fr\/wp-json\/wp\/v2\/comments?post=757"}],"version-history":[{"count":14,"href":"https:\/\/www.keyturion.com\/fr\/wp-json\/wp\/v2\/pages\/757\/revisions"}],"predecessor-version":[{"id":1477,"href":"https:\/\/www.keyturion.com\/fr\/wp-json\/wp\/v2\/pages\/757\/revisions\/1477"}],"up":[{"embeddable":true,"href":"https:\/\/www.keyturion.com\/fr\/wp-json\/wp\/v2\/pages\/751"}],"wp:featuredmedia":[{"embeddable":true,"href":"https:\/\/www.keyturion.com\/fr\/wp-json\/wp\/v2\/media\/126"}],"wp:attachment":[{"href":"https:\/\/www.keyturion.com\/fr\/wp-json\/wp\/v2\/media?parent=757"}],"curies":[{"name":"wp","href":"https:\/\/api.w.org\/{rel}","templated":true}]}}