{"id":753,"date":"2021-03-09T17:30:18","date_gmt":"2021-03-09T16:30:18","guid":{"rendered":"https:\/\/keyturion.com\/?page_id=753"},"modified":"2025-12-08T10:19:17","modified_gmt":"2025-12-08T09:19:17","slug":"keylogger","status":"publish","type":"page","link":"https:\/\/www.keyturion.com\/fr\/caracteristiques\/enregistreur-de-frappe\/","title":{"rendered":"Keylogger"},"content":{"rendered":"<h2>Qu'est-ce qui diff\u00e9rencie Keyturion Keylogger ?<\/h2>\n<p><a href=\"https:\/\/www.keyturion.com\/fr\/\" target=\"_blank\" rel=\"noopener\">Keyturion<\/a> va au-del\u00e0 des attentes d'un logiciel robuste d'enregistrement de frappe pour Windows. Gr\u00e2ce \u00e0 notre technologie exclusive de surveillance intelligente des touches, vous obtenez une compr\u00e9hension compl\u00e8te de chaque frappe effectu\u00e9e sur votre ordinateur.<\/p>\n<h3>Enregistreur de frappe qui conserve le formatage d'origine<\/h3>\n<p>Notre approche unique <strong>logiciel d'enregistrement de frappe<\/strong> pour Windows garantit que le formatage original du texte tap\u00e9 est pr\u00e9serv\u00e9 exactement tel que l'utilisateur l'a saisi. Cela signifie que vous pouvez voir chaque touche tap\u00e9e par un utilisateur, dans le format pr\u00e9cis o\u00f9 elle est apparue sur l'ordinateur, sans reformatage ni modification. Vous saurez exactement ce qui a \u00e9t\u00e9 tap\u00e9 et comment cela s'est affich\u00e9.<\/p>\n<h3>Surveillance du clavier configurable et flexible<\/h3>\n<p><a href=\"https:\/\/www.keyturion.com\/fr\/\" target=\"_blank\" rel=\"noopener\">Logiciel de surveillance d'ordinateur Keyturion<\/a> est un <strong>keylogger hautement configurable et flexible<\/strong>Le syst\u00e8me est con\u00e7u pour s'int\u00e9grer dans votre organisation tout en respectant les r\u00e8gles et les lois en mati\u00e8re de protection de la vie priv\u00e9e.<\/p>\n<p>Si votre organisation interdit l'enregistrement de certaines donn\u00e9es priv\u00e9es, vous pouvez configurer Keyturion pour qu'il ne capture que des informations sp\u00e9cifiques, telles que l'utilisation des applications, et qu'il en ignore d'autres, comme les mots de passe dans les navigateurs Web. Cela permet de respecter les r\u00e8gles de confidentialit\u00e9 tout en surveillant l'activit\u00e9 des employ\u00e9s.<\/p>\n<p>Des param\u00e8tres flexibles vous permettent de d\u00e9finir des r\u00e8gles d'exclusion de s\u00e9curit\u00e9 par nom d'ex\u00e9cutable\/de processus ou par titre de fen\u00eatre d'application.<\/p>\n<p>Vous pouvez \u00e9galement filtrer les touches \u00e9tendues qui ne sont pas pertinentes pour les donn\u00e9es collect\u00e9es. Par exemple, si les touches fl\u00e9ch\u00e9es ou la touche d'effacement arri\u00e8re interf\u00e8rent avec votre interpr\u00e9tation des actions d'un utilisateur, Keyturion vous permet de les exclure. Vous pouvez filtrer les touches, y compris les touches d'effacement, Alt, Ctrl et d'autres touches \u00e9tendues, ce qui vous donne un contr\u00f4le total sur les donn\u00e9es pr\u00e9sent\u00e9es.<\/p>\n<h3>Non conflictuel<\/h3>\n<p><strong>De nombreux enregistreurs de frappe \u00e9chouent<\/strong> ne fonctionne pas de mani\u00e8re transparente avec d'autres logiciels, ce qui entra\u00eene des probl\u00e8mes de saisie au clavier, des ralentissements de l'application ou des bogues qui perturbent votre flux de travail. Lors de la conception de Keyturion, nous avons veill\u00e9 \u00e0 ce que son fonctionnement n'entre pas en conflit avec d'autres applications Windows.<\/p>\n<p>Cette technologie puissante fonctionne sans probl\u00e8me avec tous les programmes existants, garantissant que l'enregistrement des frappes se poursuit pendant que l'utilisateur est engag\u00e9 dans n'importe quelle application.<br \/>\nKeyturion indique non seulement quel programme est ouvert, mais aussi ce que fait l'utilisateur dans ce programme, ce qui fournit des informations pr\u00e9cieuses et des donn\u00e9es exploitables.<\/p>\n<h3>Respect des ressources <a href=\"https:\/\/www.keylogger.pl\/\" target=\"_blank\" rel=\"noopener\">Keylogger<\/a> Moteur<\/h3>\n<p>Cet outil d'enregistrement des frappes, riche en fonctionnalit\u00e9s, est optimis\u00e9 pour avoir un impact minimal sur les ressources du syst\u00e8me. En cours d'ex\u00e9cution, son effet sur les performances est pratiquement imperceptible. Cette caract\u00e9ristique est essentielle pour \u00e9viter les perturbations et garder le keylogger cach\u00e9.<\/p>\n<p>Si un programme nouvellement install\u00e9 ralentit l'ordinateur, les utilisateurs peuvent soup\u00e7onner sa pr\u00e9sence. Avec Keyturion <strong><a href=\"https:\/\/www.keyturion.com\/fr\/keylogger-libre\/\" target=\"_blank\" rel=\"noopener\">logiciel keylogger gratuit<\/a><\/strong>Ce risque est minimis\u00e9. Son impact n\u00e9gligeable sur les performances lui permet de fonctionner silencieusement en arri\u00e8re-plan, sans \u00eatre remarqu\u00e9.<\/p>\n<p>&nbsp;<\/p>","protected":false},"excerpt":{"rendered":"<p>Qu'est-ce qui diff\u00e9rencie Keyturion Keylogger ? Keyturion va au-del\u00e0 des attentes d'un logiciel robuste de keylogging pour Windows. Gr\u00e2ce \u00e0 notre technologie exclusive de surveillance intelligente des touches, vous obtenez une compr\u00e9hension compl\u00e8te de chaque touche saisie sur votre ordinateur. Un enregistreur de frappe qui conserve le formatage d'origine Notre logiciel d'enregistrement de frappe pour Windows garantit que le formatage d'origine du texte tap\u00e9 [...]<\/p>","protected":false},"author":2,"featured_media":122,"parent":751,"menu_order":0,"comment_status":"closed","ping_status":"closed","template":"page-feature.php","meta":{"footnotes":""},"class_list":["post-753","page","type-page","status-publish","has-post-thumbnail","hentry"],"acf":[],"_links":{"self":[{"href":"https:\/\/www.keyturion.com\/fr\/wp-json\/wp\/v2\/pages\/753","targetHints":{"allow":["GET"]}}],"collection":[{"href":"https:\/\/www.keyturion.com\/fr\/wp-json\/wp\/v2\/pages"}],"about":[{"href":"https:\/\/www.keyturion.com\/fr\/wp-json\/wp\/v2\/types\/page"}],"author":[{"embeddable":true,"href":"https:\/\/www.keyturion.com\/fr\/wp-json\/wp\/v2\/users\/2"}],"replies":[{"embeddable":true,"href":"https:\/\/www.keyturion.com\/fr\/wp-json\/wp\/v2\/comments?post=753"}],"version-history":[{"count":20,"href":"https:\/\/www.keyturion.com\/fr\/wp-json\/wp\/v2\/pages\/753\/revisions"}],"predecessor-version":[{"id":1475,"href":"https:\/\/www.keyturion.com\/fr\/wp-json\/wp\/v2\/pages\/753\/revisions\/1475"}],"up":[{"embeddable":true,"href":"https:\/\/www.keyturion.com\/fr\/wp-json\/wp\/v2\/pages\/751"}],"wp:featuredmedia":[{"embeddable":true,"href":"https:\/\/www.keyturion.com\/fr\/wp-json\/wp\/v2\/media\/122"}],"wp:attachment":[{"href":"https:\/\/www.keyturion.com\/fr\/wp-json\/wp\/v2\/media?parent=753"}],"curies":[{"name":"wp","href":"https:\/\/api.w.org\/{rel}","templated":true}]}}